{"id":1014,"date":"2023-10-07T21:51:25","date_gmt":"2023-10-07T21:51:25","guid":{"rendered":"https:\/\/pascalhamour.isacaraujo.com\/?page_id=1014"},"modified":"2024-02-14T14:30:54","modified_gmt":"2024-02-14T14:30:54","slug":"thes-verts","status":"publish","type":"page","link":"https:\/\/www.pascal-hamour.fr\/en\/boutique\/thes-verts\/","title":{"rendered":"Green teas"},"content":{"rendered":"\n<div class=\"wp-block-uagb-container uagb-block-b6ac3a69 alignfull uagb-is-root-container\"><div class=\"uagb-container-inner-blocks-wrap\">\n<div class=\"wp-block-uagb-container uagb-block-16b38ed2 alignfull uagb-is-root-container\"><div class=\"uagb-container-inner-blocks-wrap\">\n<div class=\"wp-block-uagb-container uagb-block-dc33815e\">\n<div class=\"wp-block-group is-layout-constrained wp-container-core-group-is-layout-b821fca1 wp-block-group-is-layout-constrained\">\n<div class=\"wp-block-uagb-advanced-heading uagb-block-4334224b\"><h2 class=\"uagb-heading-text\">Th\u00e9s verts<\/h2><\/div>\n\n\n<style>.wp-block-kadence-advancedheading.kt-adv-heading1014_3fa9e5-68, .wp-block-kadence-advancedheading.kt-adv-heading1014_3fa9e5-68[data-kb-block=\"kb-adv-heading1014_3fa9e5-68\"]{max-width:481px;font-style:normal;}.wp-block-kadence-advancedheading.kt-adv-heading1014_3fa9e5-68 mark.kt-highlight, .wp-block-kadence-advancedheading.kt-adv-heading1014_3fa9e5-68[data-kb-block=\"kb-adv-heading1014_3fa9e5-68\"] mark.kt-highlight{font-style:normal;color:#f76a0c;-webkit-box-decoration-break:clone;box-decoration-break:clone;padding-top:0px;padding-right:0px;padding-bottom:0px;padding-left:0px;}.wp-block-kadence-advancedheading.kt-adv-heading1014_3fa9e5-68 img.kb-inline-image, .wp-block-kadence-advancedheading.kt-adv-heading1014_3fa9e5-68[data-kb-block=\"kb-adv-heading1014_3fa9e5-68\"] img.kb-inline-image{width:150px;vertical-align:baseline;}@media all and (max-width: 767px){.wp-block-kadence-advancedheading.kt-adv-heading1014_3fa9e5-68, .wp-block-kadence-advancedheading.kt-adv-heading1014_3fa9e5-68[data-kb-block=\"kb-adv-heading1014_3fa9e5-68\"]{font-size:16px;}}<\/style>\n<p class=\"kt-adv-heading1014_3fa9e5-68 wp-block-kadence-advancedheading\" data-kb-block=\"kb-adv-heading1014_3fa9e5-68\">Depuis quelques ann\u00e9es, la consommation de th\u00e9 vert ne cesse d\u2019augmenter. En effet, \u00e0 la diff\u00e9rence du th\u00e9 noir, il ne subit pas de transformation ou tr\u00e8s peu. G\u00e9n\u00e9ralement, il s\u00e8che de mani\u00e8re naturelle ce qui lui permet de pr\u00e9server la majorit\u00e9 de ses vertus. La feuille de th\u00e9 vert est, par nature, riche en min\u00e9raux : fluor, magn\u00e9sium, mangan\u00e8se, potassium, calcium et phosphore notamment. Elle est \u00e9galement source de nombreuses vitamines C, B1, B2, B3 et P. C\u2019est une des raisons pour lesquelles Pascal Hamour\u00ae a privil\u00e9gi\u00e9 le th\u00e9 vert issu de plantations biologiques pour ses recettes.<\/p>\n<\/div>\n<\/div>\n\n\n\n<div class=\"wp-block-uagb-container uagb-block-a1db4346\">\n<div class=\"wp-block-uagb-image uagb-block-3d98c7b6 wp-block-uagb-image--layout-default wp-block-uagb-image--effect-static wp-block-uagb-image--align-none\"><figure class=\"wp-block-uagb-image__figure\"><img decoding=\"async\" srcset=\"https:\/\/www.pascal-hamour.fr\/wp-content\/uploads\/2024\/01\/sd-thevert-jasmin.png ,https:\/\/www.pascal-hamour.fr\/wp-content\/uploads\/2024\/01\/sd-thevert-jasmin.png 780w, https:\/\/www.pascal-hamour.fr\/wp-content\/uploads\/2024\/01\/sd-thevert-jasmin.png 360w\" sizes=\"auto, (max-width: 480px) 150px\" src=\"https:\/\/www.pascal-hamour.fr\/wp-content\/uploads\/2024\/01\/sd-thevert-jasmin.png\" alt=\"\" class=\"uag-image-3429\" width=\"374\" height=\"369\" title=\"\" loading=\"lazy\"\/><\/figure><\/div>\n<\/div>\n<\/div><\/div>\n\n\n\n<div class=\"wp-block-uagb-container uagb-block-79dde674 alignfull uagb-is-root-container\"><div class=\"uagb-container-inner-blocks-wrap\">\n<div class=\"wp-block-uagb-container uagb-block-a03f1b07\">\n<div data-aos= \"fade\" data-aos-duration=\"400\" data-aos-delay=\"0\" data-aos-easing=\"ease\" data-aos-once=\"true\" class=\"wp-block-uagb-image uagb-block-299be917 wp-block-uagb-image--layout-default wp-block-uagb-image--effect-static wp-block-uagb-image--align-none uag-hide-mob\"><figure class=\"wp-block-uagb-image__figure\"><img decoding=\"async\" srcset=\"https:\/\/www.pascal-hamour.fr\/wp-content\/uploads\/2024\/01\/Image-4.jpg ,https:\/\/www.pascal-hamour.fr\/wp-content\/uploads\/2024\/01\/Image-4.jpg 780w, https:\/\/www.pascal-hamour.fr\/wp-content\/uploads\/2024\/01\/Image-4.jpg 360w\" sizes=\"auto, (max-width: 480px) 150px\" src=\"https:\/\/www.pascal-hamour.fr\/wp-content\/uploads\/2024\/01\/Image-4.jpg\" alt=\"\" class=\"uag-image-1029\" width=\"580\" height=\"570\" title=\"\" loading=\"lazy\"\/><\/figure><\/div>\n\n\n\n<div data-aos= \"fade\" data-aos-duration=\"400\" data-aos-delay=\"0\" data-aos-easing=\"ease\" data-aos-once=\"true\" class=\"wp-block-uagb-image alignfull uagb-block-62fb3d18 wp-block-uagb-image--layout-default wp-block-uagb-image--effect-static wp-block-uagb-image--align-full uag-hide-desktop uag-hide-tab\"><figure class=\"wp-block-uagb-image__figure\"><img decoding=\"async\" srcset=\"https:\/\/www.pascal-hamour.fr\/wp-content\/uploads\/2024\/01\/Image-4.jpg ,https:\/\/www.pascal-hamour.fr\/wp-content\/uploads\/2024\/01\/Image-4.jpg 780w, https:\/\/www.pascal-hamour.fr\/wp-content\/uploads\/2024\/01\/Image-4.jpg 360w\" sizes=\"auto, (max-width: 480px) 150px\" src=\"https:\/\/www.pascal-hamour.fr\/wp-content\/uploads\/2024\/01\/Image-4.jpg\" alt=\"\" class=\"uag-image-1029\" width=\"580\" height=\"570\" title=\"\" loading=\"lazy\"\/><\/figure><\/div>\n<\/div>\n\n\n\n<div data-aos= \"fade-down\" data-aos-duration=\"400\" data-aos-delay=\"0\" data-aos-easing=\"ease\" data-aos-once=\"true\" class=\"wp-block-uagb-container uagb-block-fbda67c9\">\n<div class=\"wp-block-uagb-advanced-heading uagb-block-17b37d28 uag-hide-mob\"><h2 class=\"uagb-heading-text\">Le saviez-vous ?<\/h2><\/div>\n\n\n\n<div class=\"wp-block-uagb-advanced-heading uagb-block-6260bcdc uag-hide-desktop uag-hide-tab\"><h2 class=\"uagb-heading-text\">Le saviez-vous ?<\/h2><\/div>\n\n\n<style>.wp-block-kadence-advancedheading.kt-adv-heading1014_3f2a92-db, .wp-block-kadence-advancedheading.kt-adv-heading1014_3f2a92-db[data-kb-block=\"kb-adv-heading1014_3f2a92-db\"]{max-width:481px;font-style:normal;}.wp-block-kadence-advancedheading.kt-adv-heading1014_3f2a92-db mark.kt-highlight, .wp-block-kadence-advancedheading.kt-adv-heading1014_3f2a92-db[data-kb-block=\"kb-adv-heading1014_3f2a92-db\"] mark.kt-highlight{font-style:normal;color:#f76a0c;-webkit-box-decoration-break:clone;box-decoration-break:clone;padding-top:0px;padding-right:0px;padding-bottom:0px;padding-left:0px;}.wp-block-kadence-advancedheading.kt-adv-heading1014_3f2a92-db img.kb-inline-image, .wp-block-kadence-advancedheading.kt-adv-heading1014_3f2a92-db[data-kb-block=\"kb-adv-heading1014_3f2a92-db\"] img.kb-inline-image{width:150px;vertical-align:baseline;}@media all and (max-width: 767px){.wp-block-kadence-advancedheading.kt-adv-heading1014_3f2a92-db, .wp-block-kadence-advancedheading.kt-adv-heading1014_3f2a92-db[data-kb-block=\"kb-adv-heading1014_3f2a92-db\"]{font-size:16px;}}<\/style>\n<p class=\"kt-adv-heading1014_3f2a92-db wp-block-kadence-advancedheading\" data-kb-block=\"kb-adv-heading1014_3f2a92-db\">Il existe de nombreuses vari\u00e9t\u00e9s de th\u00e9 vert, la plus connue \u00e9tant le th\u00e9 vert de Chine. Souvent associ\u00e9 \u00e0 de la menthe, il est produit en tr\u00e8s grande quantit\u00e9. En revanche, Pascal Hamour\u00ae a pr\u00e9f\u00e9r\u00e9 s\u00e9lectionner le pr\u00e9cieux th\u00e9 vert biologique de la r\u00e9gion de Darjeeling en Inde. D\u2019excellente qualit\u00e9, son go\u00fbt est bois\u00e9 et son odeur, puissante. Nous avons int\u00e9gr\u00e9 ce th\u00e9 dans des recettes uniques et gourmandes.<\/p>\n<\/div>\n<\/div><\/div>\n\n\n\n<div data-aos= \"fade-up\" data-aos-duration=\"400\" data-aos-delay=\"0\" data-aos-easing=\"ease\" data-aos-once=\"true\" class=\"wp-block-uagb-container uagb-block-a7d1d65f\">\n<div class=\"wp-block-uagb-advanced-heading uagb-block-cad3f14f uag-hide-tab uag-hide-mob\"><h2 class=\"uagb-heading-text\">D\u00e9couvrez tous les th\u00e9s verts<\/h2><\/div>\n\n\n\n<div class=\"wp-block-uagb-advanced-heading uagb-block-eb00a2a8 uag-hide-desktop\"><h2 class=\"uagb-heading-text\">D\u00e9couvrez tous les th\u00e9s verts<\/h2><\/div>\n\n\n<div class=\"woocommerce columns-4 \"><ul class=\"products columns-4\">\n<li class=\"desktop-align-center tablet-align-left mobile-align-left product type-product post-40 status-publish first instock product_cat-the product_cat-the-vert has-post-thumbnail taxable shipping-taxable purchasable product-type-simple\">\n\t<a href=\"https:\/\/www.pascal-hamour.fr\/en\/product\/grand-the-vert-darjeeling-bio-ecocert\/\" class=\"woocommerce-LoopProduct-link woocommerce-loop-product__link\"><img loading=\"lazy\" decoding=\"async\" width=\"354\" height=\"496\" src=\"https:\/\/www.pascal-hamour.fr\/wp-content\/uploads\/2018\/05\/the-vert-darjeeling-scaled-354x496.jpg\" class=\"attachment-woocommerce_thumbnail size-woocommerce_thumbnail\" alt=\"Grand th\u00e9 vert darjeeling bio 2025\" \/><h2 class=\"woocommerce-loop-product__title\">Grand th\u00e9 vert darjeeling bio 2025<\/h2>\n\t<span class=\"price\"><span class=\"woocommerce-Price-amount amount\"><bdi>45.50&nbsp;<span class=\"woocommerce-Price-currencySymbol\">&euro;<\/span><\/bdi><\/span> <small class=\"woocommerce-price-suffix\">HT<\/small><\/span>\n<\/a><a href=\"\/en\/wp-json\/wp\/v2\/pages\/1014?add-to-cart=40\" aria-describedby=\"woocommerce_loop_add_to_cart_link_describedby_40\" data-quantity=\"1\" class=\"button product_type_simple add_to_cart_button ajax_add_to_cart\" data-product_id=\"40\" data-product_sku=\"3760165216322\" aria-label=\"Add to basket: &ldquo;Grand th\u00e9 vert darjeeling bio 2025&rdquo;\" rel=\"nofollow\" data-success_message=\"&ldquo;Grand th\u00e9 vert darjeeling bio 2025&rdquo; has been added to your basket\" role=\"button\">Add to basket<\/a>\t<span id=\"woocommerce_loop_add_to_cart_link_describedby_40\" class=\"screen-reader-text\">\n\t\t\t<\/span>\n<\/li>\n<li class=\"desktop-align-center tablet-align-left mobile-align-left product type-product post-43 status-publish instock product_cat-the product_cat-the-vert has-post-thumbnail taxable shipping-taxable purchasable product-type-simple\">\n\t<a href=\"https:\/\/www.pascal-hamour.fr\/en\/product\/the-vert-sencha-du-japon-bio\/\" class=\"woocommerce-LoopProduct-link woocommerce-loop-product__link\"><img loading=\"lazy\" decoding=\"async\" width=\"354\" height=\"496\" src=\"https:\/\/www.pascal-hamour.fr\/wp-content\/uploads\/2018\/05\/the-vert-sencha-yamato-scaled-354x496.jpg\" class=\"attachment-woocommerce_thumbnail size-woocommerce_thumbnail\" alt=\"Th\u00e9 vert sencha du japon bio grand cru r\u00e9colte 2025\" \/><h2 class=\"woocommerce-loop-product__title\">Th\u00e9 vert sencha du japon bio grand cru r\u00e9colte 2025<\/h2>\n\t<span class=\"price\"><span class=\"woocommerce-Price-amount amount\"><bdi>72.50&nbsp;<span class=\"woocommerce-Price-currencySymbol\">&euro;<\/span><\/bdi><\/span> <small class=\"woocommerce-price-suffix\">HT<\/small><\/span>\n<\/a><a href=\"\/en\/wp-json\/wp\/v2\/pages\/1014?add-to-cart=43\" aria-describedby=\"woocommerce_loop_add_to_cart_link_describedby_43\" data-quantity=\"1\" class=\"button product_type_simple add_to_cart_button ajax_add_to_cart\" data-product_id=\"43\" data-product_sku=\"3760165216315\" aria-label=\"Add to basket: &ldquo;Th\u00e9 vert sencha du japon bio grand cru r\u00e9colte 2025&rdquo;\" rel=\"nofollow\" data-success_message=\"&ldquo;Th\u00e9 vert sencha du japon bio grand cru r\u00e9colte 2025&rdquo; has been added to your basket\" role=\"button\">Add to basket<\/a>\t<span id=\"woocommerce_loop_add_to_cart_link_describedby_43\" class=\"screen-reader-text\">\n\t\t\t<\/span>\n<\/li>\n<li class=\"desktop-align-center tablet-align-left mobile-align-left product type-product post-42 status-publish instock product_cat-the product_cat-the-vert has-post-thumbnail taxable shipping-taxable purchasable product-type-simple\">\n\t<a href=\"https:\/\/www.pascal-hamour.fr\/en\/product\/grand-the-vert-darjeeling-a-la-menthe-bio\/\" class=\"woocommerce-LoopProduct-link woocommerce-loop-product__link\"><img loading=\"lazy\" decoding=\"async\" width=\"354\" height=\"496\" src=\"https:\/\/www.pascal-hamour.fr\/wp-content\/uploads\/2018\/05\/the-vert-menthe-scaled-354x496.jpg\" class=\"attachment-woocommerce_thumbnail size-woocommerce_thumbnail\" alt=\"Grand th\u00e9 vert darjeeling \u00e0 la menthe poivr\u00e9e bio\" \/><h2 class=\"woocommerce-loop-product__title\">Grand th\u00e9 vert darjeeling \u00e0 la menthe poivr\u00e9e bio<\/h2>\n\t<span class=\"price\"><span class=\"woocommerce-Price-amount amount\"><bdi>42.50&nbsp;<span class=\"woocommerce-Price-currencySymbol\">&euro;<\/span><\/bdi><\/span> <small class=\"woocommerce-price-suffix\">HT<\/small><\/span>\n<\/a><a href=\"\/en\/wp-json\/wp\/v2\/pages\/1014?add-to-cart=42\" aria-describedby=\"woocommerce_loop_add_to_cart_link_describedby_42\" data-quantity=\"1\" class=\"button product_type_simple add_to_cart_button ajax_add_to_cart\" data-product_id=\"42\" data-product_sku=\"3760165216346\" aria-label=\"Add to basket: &ldquo;Grand th\u00e9 vert darjeeling \u00e0 la menthe poivr\u00e9e bio&rdquo;\" rel=\"nofollow\" data-success_message=\"&ldquo;Grand th\u00e9 vert darjeeling \u00e0 la menthe poivr\u00e9e bio&rdquo; has been added to your basket\" role=\"button\">Add to basket<\/a>\t<span id=\"woocommerce_loop_add_to_cart_link_describedby_42\" class=\"screen-reader-text\">\n\t\t\t<\/span>\n<\/li>\n<li class=\"desktop-align-center tablet-align-left mobile-align-left product type-product post-41 status-publish last instock product_cat-the product_cat-the-vert has-post-thumbnail taxable shipping-taxable purchasable product-type-simple\">\n\t<a href=\"https:\/\/www.pascal-hamour.fr\/en\/product\/grand-the-vert-darjeeling-au-jasmin-bio\/\" class=\"woocommerce-LoopProduct-link woocommerce-loop-product__link\"><img loading=\"lazy\" decoding=\"async\" width=\"354\" height=\"496\" src=\"https:\/\/www.pascal-hamour.fr\/wp-content\/uploads\/2018\/05\/the-vert-jasmin-scaled-354x496.jpg\" class=\"attachment-woocommerce_thumbnail size-woocommerce_thumbnail\" alt=\"Grand th\u00e9 vert de chine au jasmin bio r\u00e9colte 2025\" \/><h2 class=\"woocommerce-loop-product__title\">Grand th\u00e9 vert de chine au jasmin bio r\u00e9colte 2025<\/h2>\n\t<span class=\"price\"><span class=\"woocommerce-Price-amount amount\"><bdi>56.50&nbsp;<span class=\"woocommerce-Price-currencySymbol\">&euro;<\/span><\/bdi><\/span> <small class=\"woocommerce-price-suffix\">HT<\/small><\/span>\n<\/a><a href=\"\/en\/wp-json\/wp\/v2\/pages\/1014?add-to-cart=41\" aria-describedby=\"woocommerce_loop_add_to_cart_link_describedby_41\" data-quantity=\"1\" class=\"button product_type_simple add_to_cart_button ajax_add_to_cart\" data-product_id=\"41\" data-product_sku=\"3760165216339\" aria-label=\"Add to basket: &ldquo;Grand th\u00e9 vert de chine au jasmin bio r\u00e9colte 2025&rdquo;\" rel=\"nofollow\" data-success_message=\"&ldquo;Grand th\u00e9 vert de chine au jasmin bio r\u00e9colte 2025&rdquo; has been added to your basket\" role=\"button\">Add to basket<\/a>\t<span id=\"woocommerce_loop_add_to_cart_link_describedby_41\" class=\"screen-reader-text\">\n\t\t\t<\/span>\n<\/li>\n<li class=\"desktop-align-center tablet-align-left mobile-align-left product type-product post-45 status-publish first instock product_cat-the product_cat-the-vert has-post-thumbnail taxable shipping-taxable purchasable product-type-simple\">\n\t<a href=\"https:\/\/www.pascal-hamour.fr\/en\/product\/grand-the-vert-darjeeling-aux-4-fruits-rouges-bio\/\" class=\"woocommerce-LoopProduct-link woocommerce-loop-product__link\"><img loading=\"lazy\" decoding=\"async\" width=\"354\" height=\"496\" src=\"https:\/\/www.pascal-hamour.fr\/wp-content\/uploads\/2018\/05\/the-vert-fruitsrouges-scaled-354x496.jpg\" class=\"attachment-woocommerce_thumbnail size-woocommerce_thumbnail\" alt=\"Grand th\u00e9 vert darjeeling aux 4 fruits rouges bio\" \/><h2 class=\"woocommerce-loop-product__title\">Grand th\u00e9 vert darjeeling aux 4 fruits rouges bio<\/h2>\n\t<span class=\"price\"><span class=\"woocommerce-Price-amount amount\"><bdi>43.50&nbsp;<span class=\"woocommerce-Price-currencySymbol\">&euro;<\/span><\/bdi><\/span> <small class=\"woocommerce-price-suffix\">HT<\/small><\/span>\n<\/a><a href=\"\/en\/wp-json\/wp\/v2\/pages\/1014?add-to-cart=45\" aria-describedby=\"woocommerce_loop_add_to_cart_link_describedby_45\" data-quantity=\"1\" class=\"button product_type_simple add_to_cart_button ajax_add_to_cart\" data-product_id=\"45\" data-product_sku=\"3760165216353\" aria-label=\"Add to basket: &ldquo;Grand th\u00e9 vert darjeeling aux 4 fruits rouges bio&rdquo;\" rel=\"nofollow\" data-success_message=\"&ldquo;Grand th\u00e9 vert darjeeling aux 4 fruits rouges bio&rdquo; has been added to your basket\" role=\"button\">Add to basket<\/a>\t<span id=\"woocommerce_loop_add_to_cart_link_describedby_45\" class=\"screen-reader-text\">\n\t\t\t<\/span>\n<\/li>\n<li class=\"desktop-align-center tablet-align-left mobile-align-left product type-product post-44 status-publish instock product_cat-the product_cat-the-vert has-post-thumbnail taxable shipping-taxable purchasable product-type-simple\">\n\t<a href=\"https:\/\/www.pascal-hamour.fr\/en\/product\/grand-the-vert-citron-bio\/\" class=\"woocommerce-LoopProduct-link woocommerce-loop-product__link\"><img loading=\"lazy\" decoding=\"async\" width=\"354\" height=\"496\" src=\"https:\/\/www.pascal-hamour.fr\/wp-content\/uploads\/2018\/05\/the-vert-citron-scaled-354x496.jpg\" class=\"attachment-woocommerce_thumbnail size-woocommerce_thumbnail\" alt=\"Th\u00e9 vert sencha de chine au citron bio nouveau blend\" \/><h2 class=\"woocommerce-loop-product__title\">Th\u00e9 vert sencha de chine au citron bio nouveau blend<\/h2>\n\t<span class=\"price\"><span class=\"woocommerce-Price-amount amount\"><bdi>49.50&nbsp;<span class=\"woocommerce-Price-currencySymbol\">&euro;<\/span><\/bdi><\/span> <small class=\"woocommerce-price-suffix\">HT<\/small><\/span>\n<\/a><a href=\"\/en\/wp-json\/wp\/v2\/pages\/1014?add-to-cart=44\" aria-describedby=\"woocommerce_loop_add_to_cart_link_describedby_44\" data-quantity=\"1\" class=\"button product_type_simple add_to_cart_button ajax_add_to_cart\" data-product_id=\"44\" data-product_sku=\"3760165216377\" aria-label=\"Add to basket: &ldquo;Th\u00e9 vert sencha de chine au citron bio nouveau blend&rdquo;\" rel=\"nofollow\" data-success_message=\"&ldquo;Th\u00e9 vert sencha de chine au citron bio nouveau blend&rdquo; has been added to your basket\" role=\"button\">Add to basket<\/a>\t<span id=\"woocommerce_loop_add_to_cart_link_describedby_44\" class=\"screen-reader-text\">\n\t\t\t<\/span>\n<\/li>\n<\/ul>\n<\/div>\n<\/div>\n<\/div><\/div>\n","protected":false},"excerpt":{"rendered":"<p>Th\u00e9s verts Depuis quelques ann\u00e9es, la consommation de th\u00e9 vert ne cesse d\u2019augmenter. En effet, \u00e0 la diff\u00e9rence du th\u00e9 [&hellip;]<\/p>\n","protected":false},"author":1,"featured_media":0,"parent":365,"menu_order":0,"comment_status":"closed","ping_status":"closed","template":"","meta":{"inline_featured_image":false,"_uag_custom_page_level_css":"","site-sidebar-layout":"default","site-content-layout":"","ast-site-content-layout":"default","site-content-style":"default","site-sidebar-style":"default","ast-global-header-display":"","ast-banner-title-visibility":"","ast-main-header-display":"","ast-hfb-above-header-display":"","ast-hfb-below-header-display":"","ast-hfb-mobile-header-display":"","site-post-title":"disabled","ast-breadcrumbs-content":"","ast-featured-img":"","footer-sml-layout":"","ast-disable-related-posts":"","theme-transparent-header-meta":"","adv-header-id-meta":"","stick-header-meta":"","header-above-stick-meta":"","header-main-stick-meta":"","header-below-stick-meta":"","astra-migrate-meta-layouts":"","ast-page-background-enabled":"default","ast-page-background-meta":{"desktop":{"background-color":"var(--ast-global-color-4)","background-image":"","background-repeat":"repeat","background-position":"center center","background-size":"auto","background-attachment":"scroll","background-type":"","background-media":"","overlay-type":"","overlay-color":"","overlay-opacity":"","overlay-gradient":""},"tablet":{"background-color":"","background-image":"","background-repeat":"repeat","background-position":"center center","background-size":"auto","background-attachment":"scroll","background-type":"","background-media":"","overlay-type":"","overlay-color":"","overlay-opacity":"","overlay-gradient":""},"mobile":{"background-color":"","background-image":"","background-repeat":"repeat","background-position":"center center","background-size":"auto","background-attachment":"scroll","background-type":"","background-media":"","overlay-type":"","overlay-color":"","overlay-opacity":"","overlay-gradient":""}},"ast-content-background-meta":{"desktop":{"background-color":"var(--ast-global-color-5)","background-image":"","background-repeat":"repeat","background-position":"center center","background-size":"auto","background-attachment":"scroll","background-type":"","background-media":"","overlay-type":"","overlay-color":"","overlay-opacity":"","overlay-gradient":""},"tablet":{"background-color":"var(--ast-global-color-5)","background-image":"","background-repeat":"repeat","background-position":"center center","background-size":"auto","background-attachment":"scroll","background-type":"","background-media":"","overlay-type":"","overlay-color":"","overlay-opacity":"","overlay-gradient":""},"mobile":{"background-color":"var(--ast-global-color-5)","background-image":"","background-repeat":"repeat","background-position":"center center","background-size":"auto","background-attachment":"scroll","background-type":"","background-media":"","overlay-type":"","overlay-color":"","overlay-opacity":"","overlay-gradient":""}},"footnotes":""},"class_list":["post-1014","page","type-page","status-publish","hentry"],"uagb_featured_image_src":{"full":false,"thumbnail":false,"medium":false,"medium_large":false,"large":false,"1536x1536":false,"2048x2048":false,"trp-custom-language-flag":false,"blog_three":false,"woocommerce_gallery_thumbnail":false,"woocommerce_thumbnail":false,"woocommerce_single":false,"woocommerce_single_gallery":false,"woo_single_gallery_v":false},"uagb_author_info":{"display_name":"Phamour","author_link":"https:\/\/www.pascal-hamour.fr\/en\/author\/91oceaniateabio\/"},"uagb_comment_info":0,"uagb_excerpt":"Th\u00e9s verts Depuis quelques ann\u00e9es, la consommation de th\u00e9 vert ne cesse d\u2019augmenter. En effet, \u00e0 la diff\u00e9rence du th\u00e9 [&hellip;]","_links":{"self":[{"href":"https:\/\/www.pascal-hamour.fr\/en\/wp-json\/wp\/v2\/pages\/1014","targetHints":{"allow":["GET"]}}],"collection":[{"href":"https:\/\/www.pascal-hamour.fr\/en\/wp-json\/wp\/v2\/pages"}],"about":[{"href":"https:\/\/www.pascal-hamour.fr\/en\/wp-json\/wp\/v2\/types\/page"}],"author":[{"embeddable":true,"href":"https:\/\/www.pascal-hamour.fr\/en\/wp-json\/wp\/v2\/users\/1"}],"replies":[{"embeddable":true,"href":"https:\/\/www.pascal-hamour.fr\/en\/wp-json\/wp\/v2\/comments?post=1014"}],"version-history":[{"count":0,"href":"https:\/\/www.pascal-hamour.fr\/en\/wp-json\/wp\/v2\/pages\/1014\/revisions"}],"up":[{"embeddable":true,"href":"https:\/\/www.pascal-hamour.fr\/en\/wp-json\/wp\/v2\/pages\/365"}],"wp:attachment":[{"href":"https:\/\/www.pascal-hamour.fr\/en\/wp-json\/wp\/v2\/media?parent=1014"}],"curies":[{"name":"wp","href":"https:\/\/api.w.org\/{rel}","templated":true}]}}