{"id":1034,"date":"2023-10-07T22:11:26","date_gmt":"2023-10-07T22:11:26","guid":{"rendered":"https:\/\/pascalhamour.isacaraujo.com\/?page_id=1034"},"modified":"2024-02-14T14:31:45","modified_gmt":"2024-02-14T14:31:45","slug":"thes-dexception","status":"publish","type":"page","link":"https:\/\/www.pascal-hamour.fr\/en\/boutique\/thes-dexception\/","title":{"rendered":"Exceptional teas"},"content":{"rendered":"\n<div class=\"wp-block-uagb-container uagb-block-49b9f2ca alignfull uagb-is-root-container\"><div class=\"uagb-container-inner-blocks-wrap\">\n<div class=\"wp-block-uagb-container uagb-block-93086992 alignfull uagb-is-root-container\"><div class=\"uagb-container-inner-blocks-wrap\">\n<div class=\"wp-block-uagb-container uagb-block-dc33815e\">\n<div class=\"wp-block-uagb-advanced-heading uagb-block-be589e19\"><h2 class=\"uagb-heading-text\">Th\u00e9s d\u2019exception<\/h2><\/div>\n\n\n<style>.wp-block-kadence-advancedheading.kt-adv-heading1034_8385b1-67, .wp-block-kadence-advancedheading.kt-adv-heading1034_8385b1-67[data-kb-block=\"kb-adv-heading1034_8385b1-67\"]{max-width:476px;font-size:16px;line-height:1.3;font-style:normal;}.wp-block-kadence-advancedheading.kt-adv-heading1034_8385b1-67 mark.kt-highlight, .wp-block-kadence-advancedheading.kt-adv-heading1034_8385b1-67[data-kb-block=\"kb-adv-heading1034_8385b1-67\"] mark.kt-highlight{font-style:normal;color:#f76a0c;-webkit-box-decoration-break:clone;box-decoration-break:clone;padding-top:0px;padding-right:0px;padding-bottom:0px;padding-left:0px;}.wp-block-kadence-advancedheading.kt-adv-heading1034_8385b1-67 img.kb-inline-image, .wp-block-kadence-advancedheading.kt-adv-heading1034_8385b1-67[data-kb-block=\"kb-adv-heading1034_8385b1-67\"] img.kb-inline-image{width:150px;vertical-align:baseline;}@media all and (max-width: 767px){.wp-block-kadence-advancedheading.kt-adv-heading1034_8385b1-67, .wp-block-kadence-advancedheading.kt-adv-heading1034_8385b1-67[data-kb-block=\"kb-adv-heading1034_8385b1-67\"]{font-size:16px;}}<\/style>\n<p class=\"kt-adv-heading1034_8385b1-67 wp-block-kadence-advancedheading\" data-kb-block=\"kb-adv-heading1034_8385b1-67\">Chez Pascal Hamour\u00ae, nous avons \u00e0 c\u0153ur de vous proposer des th\u00e9s d\u2019exception en exclusivit\u00e9. Nous avons imagin\u00e9 des recettes hors du commun gr\u00e2ce \u00e0 une s\u00e9lection minutieuse de produits rares et prestigieux. Les th\u00e9s verts, noirs, rouges et blancs sont les plus connus. Alors, nous avons souhait\u00e9 vous faire d\u00e9couvrir le th\u00e9 Oolong, un th\u00e9 semi-oxyd\u00e9 qui se distingue par son go\u00fbt l\u00e9ger et sa faible teneur en th\u00e9ine.<\/p>\n<\/div>\n\n\n\n<div class=\"wp-block-uagb-container uagb-block-a1db4346\">\n<div class=\"wp-block-uagb-image uagb-block-ebe3c88e wp-block-uagb-image--layout-default wp-block-uagb-image--effect-static wp-block-uagb-image--align-none\"><figure class=\"wp-block-uagb-image__figure\"><img decoding=\"async\" srcset=\"https:\/\/www.pascal-hamour.fr\/wp-content\/uploads\/2024\/01\/PH21-1.jpg ,https:\/\/www.pascal-hamour.fr\/wp-content\/uploads\/2024\/01\/PH21-1.jpg 780w, https:\/\/www.pascal-hamour.fr\/wp-content\/uploads\/2024\/01\/PH21-1.jpg 360w\" sizes=\"auto, (max-width: 480px) 150px\" src=\"https:\/\/www.pascal-hamour.fr\/wp-content\/uploads\/2024\/01\/PH21-1.jpg\" alt=\"\" class=\"uag-image-1039\" width=\"477\" height=\"470\" title=\"\" loading=\"lazy\"\/><\/figure><\/div>\n<\/div>\n<\/div><\/div>\n\n\n\n<div data-aos= \"fade-up\" data-aos-duration=\"400\" data-aos-delay=\"0\" data-aos-easing=\"ease\" data-aos-once=\"true\" class=\"wp-block-uagb-container uagb-block-a7428bf9 alignfull uagb-is-root-container\"><div class=\"uagb-container-inner-blocks-wrap\">\n<div class=\"wp-block-uagb-advanced-heading uagb-block-cad3f14f uag-hide-mob\"><h2 class=\"uagb-heading-text\">D\u00e9couvrez tous les th\u00e9s d\u2019exception<\/h2><\/div>\n\n\n\n<div class=\"wp-block-uagb-advanced-heading uagb-block-eb00a2a8 uag-hide-desktop uag-hide-tab\"><h2 class=\"uagb-heading-text\">D\u00e9couvrez tous les th\u00e9s d\u2019exception<\/h2><\/div>\n\n\n<div class=\"woocommerce columns-4 \"><ul class=\"products columns-4\">\n<li class=\"desktop-align-center tablet-align-left mobile-align-left product type-product post-58192 status-publish first instock product_cat-thes product_cat-thes-bio-dexception product_cat-vraiment-bio-by-pascal-hamour-paris has-post-thumbnail sale taxable shipping-taxable purchasable product-type-simple\">\n\t<a href=\"https:\/\/www.pascal-hamour.fr\/en\/product\/the-noir-breakfast\/\" class=\"woocommerce-LoopProduct-link woocommerce-loop-product__link\">\n\t<span  class=\"onsale\" data-notification=\"default\">Sale!<\/span>\n\t<img loading=\"lazy\" decoding=\"async\" width=\"354\" height=\"496\" src=\"https:\/\/www.pascal-hamour.fr\/wp-content\/uploads\/2024\/01\/vraimentbio-breakfast2-1-jpg-354x496.avif\" class=\"attachment-woocommerce_thumbnail size-woocommerce_thumbnail\" alt=\"Th\u00e9 noir \u00ab breakfast \u00bb\" srcset=\"https:\/\/www.pascal-hamour.fr\/wp-content\/uploads\/2024\/01\/vraimentbio-breakfast2-1-jpg-354x496.avif 354w, https:\/\/www.pascal-hamour.fr\/wp-content\/uploads\/2024\/01\/vraimentbio-breakfast2-1-8x12.avif 8w\" sizes=\"auto, (max-width: 354px) 100vw, 354px\" \/><h2 class=\"woocommerce-loop-product__title\">Th\u00e9 noir \u00ab breakfast \u00bb<\/h2>\n\t<span class=\"price\"><del aria-hidden=\"true\"><span class=\"woocommerce-Price-amount amount\"><bdi>15.50&nbsp;<span class=\"woocommerce-Price-currencySymbol\">&euro;<\/span><\/bdi><\/span><\/del> <span class=\"screen-reader-text\">Original price was: 15.50&nbsp;&euro;.<\/span><ins aria-hidden=\"true\"><span class=\"woocommerce-Price-amount amount\"><bdi>12.50&nbsp;<span class=\"woocommerce-Price-currencySymbol\">&euro;<\/span><\/bdi><\/span><\/ins><span class=\"screen-reader-text\">Current price is: 12.50&nbsp;&euro;.<\/span> <small class=\"woocommerce-price-suffix\">HT<\/small><\/span>\n<\/a><a href=\"\/en\/wp-json\/wp\/v2\/pages\/1034?add-to-cart=58192\" aria-describedby=\"woocommerce_loop_add_to_cart_link_describedby_58192\" data-quantity=\"1\" class=\"button product_type_simple add_to_cart_button ajax_add_to_cart\" data-product_id=\"58192\" data-product_sku=\"\" aria-label=\"Add to basket: &ldquo;Th\u00e9 noir \u00ab breakfast \u00bb&rdquo;\" rel=\"nofollow\" data-success_message=\"&ldquo;Th\u00e9 noir \u00ab breakfast \u00bb&rdquo; has been added to your basket\" role=\"button\">Add to basket<\/a>\t<span id=\"woocommerce_loop_add_to_cart_link_describedby_58192\" class=\"screen-reader-text\">\n\t\t\t<\/span>\n<\/li>\n<li class=\"desktop-align-center tablet-align-left mobile-align-left product type-product post-58194 status-publish instock product_cat-thes product_cat-thes-bio-dexception product_cat-vraiment-bio-by-pascal-hamour-paris has-post-thumbnail sale featured taxable shipping-taxable purchasable product-type-simple\">\n\t<a href=\"https:\/\/www.pascal-hamour.fr\/en\/product\/the-vert-darjeeling-a-la-menthe\/\" class=\"woocommerce-LoopProduct-link woocommerce-loop-product__link\">\n\t<span  class=\"onsale\" data-notification=\"default\">Sale!<\/span>\n\t<img loading=\"lazy\" decoding=\"async\" width=\"354\" height=\"496\" src=\"https:\/\/www.pascal-hamour.fr\/wp-content\/uploads\/2024\/01\/vraimentbio-menthe2-1-jpg-354x496.avif\" class=\"attachment-woocommerce_thumbnail size-woocommerce_thumbnail\" alt=\"Th\u00e9 vert darjeeling \u00e0 la menthe\" srcset=\"https:\/\/www.pascal-hamour.fr\/wp-content\/uploads\/2024\/01\/vraimentbio-menthe2-1-jpg-354x496.avif 354w, https:\/\/www.pascal-hamour.fr\/wp-content\/uploads\/2024\/01\/vraimentbio-menthe2-1-8x12.avif 8w\" sizes=\"auto, (max-width: 354px) 100vw, 354px\" \/><h2 class=\"woocommerce-loop-product__title\">Th\u00e9 vert darjeeling \u00e0 la menthe<\/h2>\n\t<span class=\"price\"><del aria-hidden=\"true\"><span class=\"woocommerce-Price-amount amount\"><bdi>16.00&nbsp;<span class=\"woocommerce-Price-currencySymbol\">&euro;<\/span><\/bdi><\/span><\/del> <span class=\"screen-reader-text\">Original price was: 16.00&nbsp;&euro;.<\/span><ins aria-hidden=\"true\"><span class=\"woocommerce-Price-amount amount\"><bdi>12.50&nbsp;<span class=\"woocommerce-Price-currencySymbol\">&euro;<\/span><\/bdi><\/span><\/ins><span class=\"screen-reader-text\">Current price is: 12.50&nbsp;&euro;.<\/span> <small class=\"woocommerce-price-suffix\">HT<\/small><\/span>\n<\/a><a href=\"\/en\/wp-json\/wp\/v2\/pages\/1034?add-to-cart=58194\" aria-describedby=\"woocommerce_loop_add_to_cart_link_describedby_58194\" data-quantity=\"1\" class=\"button product_type_simple add_to_cart_button ajax_add_to_cart\" data-product_id=\"58194\" data-product_sku=\"\" aria-label=\"Add to basket: &ldquo;Th\u00e9 vert darjeeling \u00e0 la menthe&rdquo;\" rel=\"nofollow\" data-success_message=\"&ldquo;Th\u00e9 vert darjeeling \u00e0 la menthe&rdquo; has been added to your basket\" role=\"button\">Add to basket<\/a>\t<span id=\"woocommerce_loop_add_to_cart_link_describedby_58194\" class=\"screen-reader-text\">\n\t\t\t<\/span>\n<\/li>\n<li class=\"desktop-align-center tablet-align-left mobile-align-left product type-product post-58209 status-publish instock product_cat-thes product_cat-thes-bio-dexception product_cat-vraiment-bio-by-pascal-hamour-paris has-post-thumbnail taxable shipping-taxable purchasable product-type-simple\">\n\t<a href=\"https:\/\/www.pascal-hamour.fr\/en\/product\/the-vert-sencha-yamato-du-japon\/\" class=\"woocommerce-LoopProduct-link woocommerce-loop-product__link\"><img loading=\"lazy\" decoding=\"async\" width=\"354\" height=\"496\" src=\"https:\/\/www.pascal-hamour.fr\/wp-content\/uploads\/2024\/01\/vraimentbio-sencha2-1-jpg-354x496.avif\" class=\"attachment-woocommerce_thumbnail size-woocommerce_thumbnail\" alt=\"Th\u00e9 vert sencha yamato du japon\" srcset=\"https:\/\/www.pascal-hamour.fr\/wp-content\/uploads\/2024\/01\/vraimentbio-sencha2-1-jpg-354x496.avif 354w, https:\/\/www.pascal-hamour.fr\/wp-content\/uploads\/2024\/01\/vraimentbio-sencha2-1-8x12.avif 8w\" sizes=\"auto, (max-width: 354px) 100vw, 354px\" \/><h2 class=\"woocommerce-loop-product__title\">Th\u00e9 vert sencha yamato du japon<\/h2>\n\t<span class=\"price\"><span class=\"woocommerce-Price-amount amount\"><bdi>18.50&nbsp;<span class=\"woocommerce-Price-currencySymbol\">&euro;<\/span><\/bdi><\/span> <small class=\"woocommerce-price-suffix\">HT<\/small><\/span>\n<\/a><a href=\"\/en\/wp-json\/wp\/v2\/pages\/1034?add-to-cart=58209\" aria-describedby=\"woocommerce_loop_add_to_cart_link_describedby_58209\" data-quantity=\"1\" class=\"button product_type_simple add_to_cart_button ajax_add_to_cart\" data-product_id=\"58209\" data-product_sku=\"\" aria-label=\"Add to basket: &ldquo;Th\u00e9 vert sencha yamato du japon&rdquo;\" rel=\"nofollow\" data-success_message=\"&ldquo;Th\u00e9 vert sencha yamato du japon&rdquo; has been added to your basket\" role=\"button\">Add to basket<\/a>\t<span id=\"woocommerce_loop_add_to_cart_link_describedby_58209\" class=\"screen-reader-text\">\n\t\t\t<\/span>\n<\/li>\n<li class=\"desktop-align-center tablet-align-left mobile-align-left product type-product post-58190 status-publish last instock product_cat-thes product_cat-thes-bio-dexception product_cat-vraiment-bio-by-pascal-hamour-paris has-post-thumbnail sale featured taxable shipping-taxable purchasable product-type-simple\">\n\t<a href=\"https:\/\/www.pascal-hamour.fr\/en\/product\/the-noir-earl-grey\/\" class=\"woocommerce-LoopProduct-link woocommerce-loop-product__link\">\n\t<span  class=\"onsale\" data-notification=\"default\">Sale!<\/span>\n\t<img loading=\"lazy\" decoding=\"async\" width=\"354\" height=\"496\" src=\"https:\/\/www.pascal-hamour.fr\/wp-content\/uploads\/2024\/01\/vraimentbio-earlgrey2-1-jpg-354x496.avif\" class=\"attachment-woocommerce_thumbnail size-woocommerce_thumbnail\" alt=\"Th\u00e9 noir earl grey\" srcset=\"https:\/\/www.pascal-hamour.fr\/wp-content\/uploads\/2024\/01\/vraimentbio-earlgrey2-1-jpg-354x496.avif 354w, https:\/\/www.pascal-hamour.fr\/wp-content\/uploads\/2024\/01\/vraimentbio-earlgrey2-1-8x12.avif 8w\" sizes=\"auto, (max-width: 354px) 100vw, 354px\" \/><h2 class=\"woocommerce-loop-product__title\">Th\u00e9 noir earl grey<\/h2>\n\t<span class=\"price\"><del aria-hidden=\"true\"><span class=\"woocommerce-Price-amount amount\"><bdi>17.00&nbsp;<span class=\"woocommerce-Price-currencySymbol\">&euro;<\/span><\/bdi><\/span><\/del> <span class=\"screen-reader-text\">Original price was: 17.00&nbsp;&euro;.<\/span><ins aria-hidden=\"true\"><span class=\"woocommerce-Price-amount amount\"><bdi>13.50&nbsp;<span class=\"woocommerce-Price-currencySymbol\">&euro;<\/span><\/bdi><\/span><\/ins><span class=\"screen-reader-text\">Current price is: 13.50&nbsp;&euro;.<\/span> <small class=\"woocommerce-price-suffix\">HT<\/small><\/span>\n<\/a><a href=\"\/en\/wp-json\/wp\/v2\/pages\/1034?add-to-cart=58190\" aria-describedby=\"woocommerce_loop_add_to_cart_link_describedby_58190\" data-quantity=\"1\" class=\"button product_type_simple add_to_cart_button ajax_add_to_cart\" data-product_id=\"58190\" data-product_sku=\"\" aria-label=\"Add to basket: &ldquo;Th\u00e9 noir earl grey&rdquo;\" rel=\"nofollow\" data-success_message=\"&ldquo;Th\u00e9 noir earl grey&rdquo; has been added to your basket\" role=\"button\">Add to basket<\/a>\t<span id=\"woocommerce_loop_add_to_cart_link_describedby_58190\" class=\"screen-reader-text\">\n\t\t\t<\/span>\n<\/li>\n<\/ul>\n<\/div>\n<\/div><\/div>\n<\/div><\/div>\n","protected":false},"excerpt":{"rendered":"<p>Th\u00e9s d\u2019exception Chez Pascal Hamour\u00ae, nous avons \u00e0 c\u0153ur de vous proposer des th\u00e9s d\u2019exception en exclusivit\u00e9. Nous avons imagin\u00e9 [&hellip;]<\/p>\n","protected":false},"author":1,"featured_media":0,"parent":365,"menu_order":0,"comment_status":"closed","ping_status":"closed","template":"","meta":{"inline_featured_image":false,"_uag_custom_page_level_css":"","site-sidebar-layout":"default","site-content-layout":"","ast-site-content-layout":"default","site-content-style":"default","site-sidebar-style":"default","ast-global-header-display":"","ast-banner-title-visibility":"","ast-main-header-display":"","ast-hfb-above-header-display":"","ast-hfb-below-header-display":"","ast-hfb-mobile-header-display":"","site-post-title":"disabled","ast-breadcrumbs-content":"","ast-featured-img":"","footer-sml-layout":"","ast-disable-related-posts":"","theme-transparent-header-meta":"","adv-header-id-meta":"","stick-header-meta":"","header-above-stick-meta":"","header-main-stick-meta":"","header-below-stick-meta":"","astra-migrate-meta-layouts":"","ast-page-background-enabled":"default","ast-page-background-meta":{"desktop":{"background-color":"var(--ast-global-color-4)","background-image":"","background-repeat":"repeat","background-position":"center center","background-size":"auto","background-attachment":"scroll","background-type":"","background-media":"","overlay-type":"","overlay-color":"","overlay-opacity":"","overlay-gradient":""},"tablet":{"background-color":"","background-image":"","background-repeat":"repeat","background-position":"center center","background-size":"auto","background-attachment":"scroll","background-type":"","background-media":"","overlay-type":"","overlay-color":"","overlay-opacity":"","overlay-gradient":""},"mobile":{"background-color":"","background-image":"","background-repeat":"repeat","background-position":"center center","background-size":"auto","background-attachment":"scroll","background-type":"","background-media":"","overlay-type":"","overlay-color":"","overlay-opacity":"","overlay-gradient":""}},"ast-content-background-meta":{"desktop":{"background-color":"var(--ast-global-color-5)","background-image":"","background-repeat":"repeat","background-position":"center center","background-size":"auto","background-attachment":"scroll","background-type":"","background-media":"","overlay-type":"","overlay-color":"","overlay-opacity":"","overlay-gradient":""},"tablet":{"background-color":"var(--ast-global-color-5)","background-image":"","background-repeat":"repeat","background-position":"center center","background-size":"auto","background-attachment":"scroll","background-type":"","background-media":"","overlay-type":"","overlay-color":"","overlay-opacity":"","overlay-gradient":""},"mobile":{"background-color":"var(--ast-global-color-5)","background-image":"","background-repeat":"repeat","background-position":"center center","background-size":"auto","background-attachment":"scroll","background-type":"","background-media":"","overlay-type":"","overlay-color":"","overlay-opacity":"","overlay-gradient":""}},"footnotes":""},"class_list":["post-1034","page","type-page","status-publish","hentry"],"uagb_featured_image_src":{"full":false,"thumbnail":false,"medium":false,"medium_large":false,"large":false,"1536x1536":false,"2048x2048":false,"trp-custom-language-flag":false,"blog_three":false,"woocommerce_gallery_thumbnail":false,"woocommerce_thumbnail":false,"woocommerce_single":false,"woocommerce_single_gallery":false,"woo_single_gallery_v":false},"uagb_author_info":{"display_name":"Phamour","author_link":"https:\/\/www.pascal-hamour.fr\/en\/author\/91oceaniateabio\/"},"uagb_comment_info":0,"uagb_excerpt":"Th\u00e9s d\u2019exception Chez Pascal Hamour\u00ae, nous avons \u00e0 c\u0153ur de vous proposer des th\u00e9s d\u2019exception en exclusivit\u00e9. Nous avons imagin\u00e9 [&hellip;]","_links":{"self":[{"href":"https:\/\/www.pascal-hamour.fr\/en\/wp-json\/wp\/v2\/pages\/1034","targetHints":{"allow":["GET"]}}],"collection":[{"href":"https:\/\/www.pascal-hamour.fr\/en\/wp-json\/wp\/v2\/pages"}],"about":[{"href":"https:\/\/www.pascal-hamour.fr\/en\/wp-json\/wp\/v2\/types\/page"}],"author":[{"embeddable":true,"href":"https:\/\/www.pascal-hamour.fr\/en\/wp-json\/wp\/v2\/users\/1"}],"replies":[{"embeddable":true,"href":"https:\/\/www.pascal-hamour.fr\/en\/wp-json\/wp\/v2\/comments?post=1034"}],"version-history":[{"count":0,"href":"https:\/\/www.pascal-hamour.fr\/en\/wp-json\/wp\/v2\/pages\/1034\/revisions"}],"up":[{"embeddable":true,"href":"https:\/\/www.pascal-hamour.fr\/en\/wp-json\/wp\/v2\/pages\/365"}],"wp:attachment":[{"href":"https:\/\/www.pascal-hamour.fr\/en\/wp-json\/wp\/v2\/media?parent=1034"}],"curies":[{"name":"wp","href":"https:\/\/api.w.org\/{rel}","templated":true}]}}