{"id":1057,"date":"2023-10-07T22:30:03","date_gmt":"2023-10-07T22:30:03","guid":{"rendered":"https:\/\/pascalhamour.isacaraujo.com\/?page_id=1057"},"modified":"2024-02-05T14:53:03","modified_gmt":"2024-02-05T14:53:03","slug":"rooibos-dafrique-du-sud","status":"publish","type":"page","link":"https:\/\/www.pascal-hamour.fr\/en\/boutique\/rooibos-dafrique-du-sud\/","title":{"rendered":"Rooibos South Africa"},"content":{"rendered":"\n<div class=\"wp-block-uagb-container uagb-block-0a5473c0 alignfull uagb-is-root-container\"><div class=\"uagb-container-inner-blocks-wrap\">\n<div class=\"wp-block-uagb-container uagb-block-49b9f2ca alignfull uagb-is-root-container\"><div class=\"uagb-container-inner-blocks-wrap\">\n<div class=\"wp-block-uagb-container uagb-block-dc33815e\">\n<div class=\"wp-block-uagb-advanced-heading uagb-block-be589e19\"><h2 class=\"uagb-heading-text\">Rooibos d\u2019Afrique du Sud<\/h2><\/div>\n\n\n<style>.wp-block-kadence-advancedheading.kt-adv-heading1057_070547-d2, .wp-block-kadence-advancedheading.kt-adv-heading1057_070547-d2[data-kb-block=\"kb-adv-heading1057_070547-d2\"]{max-width:545px;font-size:16px;font-style:normal;}.wp-block-kadence-advancedheading.kt-adv-heading1057_070547-d2 mark.kt-highlight, .wp-block-kadence-advancedheading.kt-adv-heading1057_070547-d2[data-kb-block=\"kb-adv-heading1057_070547-d2\"] mark.kt-highlight{font-style:normal;color:#f76a0c;-webkit-box-decoration-break:clone;box-decoration-break:clone;padding-top:0px;padding-right:0px;padding-bottom:0px;padding-left:0px;}.wp-block-kadence-advancedheading.kt-adv-heading1057_070547-d2 img.kb-inline-image, .wp-block-kadence-advancedheading.kt-adv-heading1057_070547-d2[data-kb-block=\"kb-adv-heading1057_070547-d2\"] img.kb-inline-image{width:150px;vertical-align:baseline;}<\/style>\n<p class=\"kt-adv-heading1057_070547-d2 wp-block-kadence-advancedheading\" data-kb-block=\"kb-adv-heading1057_070547-d2\">Le Rooibos est un arbuste originaire d\u2019Afrique cultiv\u00e9 depuis des mill\u00e9naires. \u00c9pineux \u00e0 fines tiges et \u00e0 fleurs jaunes, on pr\u00e9l\u00e8ve ses feuilles pour les infuser. Ce qui le distingue du th\u00e9 ? L\u2019absence de tanins et de th\u00e9ine (ou de caf\u00e9ine) dans ses feuilles malgr\u00e9 une composition presque identique. Il offre donc les m\u00eames bienfaits. C\u2019est pourquoi on le surnomme aussi \u00e0 tort, \u00ab th\u00e9 rouge \u00bb. La maison Pascal Hamour\u00ae a choisi de s\u00e9lectionner le Rooibos de la r\u00e9gion du Cederberg \u00e0 l\u2019ouest de l\u2019Afrique du Sud, un th\u00e9 mondialement reconnu pour sa qualit\u00e9.<\/p>\n\n\n<style>.wp-block-kadence-advancedheading.kt-adv-heading1057_9ac40d-9a, .wp-block-kadence-advancedheading.kt-adv-heading1057_9ac40d-9a[data-kb-block=\"kb-adv-heading1057_9ac40d-9a\"]{max-width:545px;font-size:16px;font-style:normal;}.wp-block-kadence-advancedheading.kt-adv-heading1057_9ac40d-9a mark.kt-highlight, .wp-block-kadence-advancedheading.kt-adv-heading1057_9ac40d-9a[data-kb-block=\"kb-adv-heading1057_9ac40d-9a\"] mark.kt-highlight{font-style:normal;color:#f76a0c;-webkit-box-decoration-break:clone;box-decoration-break:clone;padding-top:0px;padding-right:0px;padding-bottom:0px;padding-left:0px;}.wp-block-kadence-advancedheading.kt-adv-heading1057_9ac40d-9a img.kb-inline-image, .wp-block-kadence-advancedheading.kt-adv-heading1057_9ac40d-9a[data-kb-block=\"kb-adv-heading1057_9ac40d-9a\"] img.kb-inline-image{width:150px;vertical-align:baseline;}<\/style>\n<p class=\"kt-adv-heading1057_9ac40d-9a wp-block-kadence-advancedheading\" data-kb-block=\"kb-adv-heading1057_9ac40d-9a\">Riche en min\u00e9raux, vitamine C et antioxydants, le Rooibos est accessible \u00e0 tout le monde et s\u00e9duit les papilles des petits et grands. Il convient aussi \u00e0 tous ceux \u00e0 qui la th\u00e9ine ou la caf\u00e9ine sont contrindiqu\u00e9es. Tr\u00e8s agr\u00e9able \u00e0 boire, ce breuvage se m\u00e9lange volontiers au citron, au lait ou aux jus de fruits. Chaud ou froid, nature, \u00e0 la vanille ou au caramel, \u00e0 chacun sa pr\u00e9f\u00e9rence.<\/p>\n<\/div>\n\n\n\n<div class=\"wp-block-uagb-container uagb-block-a1db4346\">\n<div class=\"wp-block-uagb-image uagb-block-4e9fe354 wp-block-uagb-image--layout-default wp-block-uagb-image--effect-static wp-block-uagb-image--align-none\"><figure class=\"wp-block-uagb-image__figure\"><img decoding=\"async\" srcset=\"https:\/\/www.pascal-hamour.fr\/wp-content\/uploads\/2024\/01\/sd-roobois-caramel-1.png ,https:\/\/www.pascal-hamour.fr\/wp-content\/uploads\/2024\/01\/sd-roobois-caramel-1.png 780w, https:\/\/www.pascal-hamour.fr\/wp-content\/uploads\/2024\/01\/sd-roobois-caramel-1.png 360w\" sizes=\"auto, (max-width: 480px) 150px\" src=\"https:\/\/www.pascal-hamour.fr\/wp-content\/uploads\/2024\/01\/sd-roobois-caramel-1.png\" alt=\"\" class=\"uag-image-3436\" width=\"374\" height=\"369\" title=\"\" loading=\"lazy\"\/><\/figure><\/div>\n<\/div>\n<\/div><\/div>\n\n\n\n<div class=\"wp-block-uagb-container uagb-block-a7428bf9 alignfull uagb-is-root-container\"><div class=\"uagb-container-inner-blocks-wrap\">\n<div class=\"wp-block-uagb-advanced-heading uagb-block-cad3f14f uag-hide-mob\"><h2 class=\"uagb-heading-text\">D\u00e9couvrez tous Rooibos d\u2019Afrique du Sud<\/h2><\/div>\n\n\n\n<div class=\"wp-block-uagb-advanced-heading uagb-block-eb00a2a8 uag-hide-desktop uag-hide-tab\"><h2 class=\"uagb-heading-text\">D\u00e9couvrez tous Rooibos d\u2019Afrique du Sud<\/h2><\/div>\n\n\n<div class=\"woocommerce columns-4 \"><ul class=\"products columns-4\">\n<li class=\"desktop-align-center tablet-align-left mobile-align-left product type-product post-54 status-publish first instock product_cat-rooibos-dafrique-du-sud product_cat-the has-post-thumbnail sale taxable shipping-taxable purchasable product-type-simple\">\n\t<a href=\"https:\/\/www.pascal-hamour.fr\/en\/product\/rooibos-vanille-intense-bio\/\" class=\"woocommerce-LoopProduct-link woocommerce-loop-product__link\">\n\t<span  class=\"onsale\" data-notification=\"default\">Sale!<\/span>\n\t<img loading=\"lazy\" decoding=\"async\" width=\"354\" height=\"496\" src=\"https:\/\/www.pascal-hamour.fr\/wp-content\/uploads\/2018\/05\/rooibos-vanille-bio-pascal-hamour-354x496.jpg\" class=\"attachment-woocommerce_thumbnail size-woocommerce_thumbnail\" alt=\"Rooibos vanille intense bio 2025\" \/><h2 class=\"woocommerce-loop-product__title\">Rooibos vanille intense bio 2025<\/h2>\n\t<span class=\"price\"><del aria-hidden=\"true\"><span class=\"woocommerce-Price-amount amount\"><bdi>49.50&nbsp;<span class=\"woocommerce-Price-currencySymbol\">&euro;<\/span><\/bdi><\/span><\/del> <span class=\"screen-reader-text\">Original price was: 49.50&nbsp;&euro;.<\/span><ins aria-hidden=\"true\"><span class=\"woocommerce-Price-amount amount\"><bdi>44.50&nbsp;<span class=\"woocommerce-Price-currencySymbol\">&euro;<\/span><\/bdi><\/span><\/ins><span class=\"screen-reader-text\">Current price is: 44.50&nbsp;&euro;.<\/span> <small class=\"woocommerce-price-suffix\">HT<\/small><\/span>\n<\/a><a href=\"\/en\/wp-json\/wp\/v2\/pages\/1057?add-to-cart=54\" aria-describedby=\"woocommerce_loop_add_to_cart_link_describedby_54\" data-quantity=\"1\" class=\"button product_type_simple add_to_cart_button ajax_add_to_cart\" data-product_id=\"54\" data-product_sku=\"3760165216780\" aria-label=\"Add to basket: &ldquo;Rooibos vanille intense bio 2025&rdquo;\" rel=\"nofollow\" data-success_message=\"&ldquo;Rooibos vanille intense bio 2025&rdquo; has been added to your basket\" role=\"button\">Add to basket<\/a>\t<span id=\"woocommerce_loop_add_to_cart_link_describedby_54\" class=\"screen-reader-text\">\n\t\t\t<\/span>\n<\/li>\n<li class=\"desktop-align-center tablet-align-left mobile-align-left product type-product post-51 status-publish instock product_cat-rooibos-dafrique-du-sud product_cat-the has-post-thumbnail sale taxable shipping-taxable purchasable product-type-simple\">\n\t<a href=\"https:\/\/www.pascal-hamour.fr\/en\/product\/rooibos-nature-the-detheine\/\" class=\"woocommerce-LoopProduct-link woocommerce-loop-product__link\">\n\t<span  class=\"onsale\" data-notification=\"default\">Sale!<\/span>\n\t<img loading=\"lazy\" decoding=\"async\" width=\"354\" height=\"496\" src=\"https:\/\/www.pascal-hamour.fr\/wp-content\/uploads\/2018\/05\/rooibos-cederberg-scaled-354x496.jpg\" class=\"attachment-woocommerce_thumbnail size-woocommerce_thumbnail\" alt=\"Rooibos cederberg nature bio 2025\" \/><h2 class=\"woocommerce-loop-product__title\">Rooibos cederberg nature bio 2025<\/h2>\n\t<span class=\"price\"><del aria-hidden=\"true\"><span class=\"woocommerce-Price-amount amount\"><bdi>49.50&nbsp;<span class=\"woocommerce-Price-currencySymbol\">&euro;<\/span><\/bdi><\/span><\/del> <span class=\"screen-reader-text\">Original price was: 49.50&nbsp;&euro;.<\/span><ins aria-hidden=\"true\"><span class=\"woocommerce-Price-amount amount\"><bdi>44.50&nbsp;<span class=\"woocommerce-Price-currencySymbol\">&euro;<\/span><\/bdi><\/span><\/ins><span class=\"screen-reader-text\">Current price is: 44.50&nbsp;&euro;.<\/span> <small class=\"woocommerce-price-suffix\">HT<\/small><\/span>\n<\/a><a href=\"\/en\/wp-json\/wp\/v2\/pages\/1057?add-to-cart=51\" aria-describedby=\"woocommerce_loop_add_to_cart_link_describedby_51\" data-quantity=\"1\" class=\"button product_type_simple add_to_cart_button ajax_add_to_cart\" data-product_id=\"51\" data-product_sku=\"3760165216766\" aria-label=\"Add to basket: &ldquo;Rooibos cederberg nature bio 2025&rdquo;\" rel=\"nofollow\" data-success_message=\"&ldquo;Rooibos cederberg nature bio 2025&rdquo; has been added to your basket\" role=\"button\">Add to basket<\/a>\t<span id=\"woocommerce_loop_add_to_cart_link_describedby_51\" class=\"screen-reader-text\">\n\t\t\t<\/span>\n<\/li>\n<li class=\"desktop-align-center tablet-align-left mobile-align-left product type-product post-53 status-publish instock product_cat-rooibos-dafrique-du-sud product_cat-the has-post-thumbnail sale taxable shipping-taxable purchasable product-type-simple\">\n\t<a href=\"https:\/\/www.pascal-hamour.fr\/en\/product\/rooibos-earl-grey-intense-bio\/\" class=\"woocommerce-LoopProduct-link woocommerce-loop-product__link\">\n\t<span  class=\"onsale\" data-notification=\"default\">Sale!<\/span>\n\t<img loading=\"lazy\" decoding=\"async\" width=\"354\" height=\"496\" src=\"https:\/\/www.pascal-hamour.fr\/wp-content\/uploads\/2018\/05\/rooibos-earlgrey-scaled-354x496.jpg\" class=\"attachment-woocommerce_thumbnail size-woocommerce_thumbnail\" alt=\"Rooibos earl grey intense bio 2025\" \/><h2 class=\"woocommerce-loop-product__title\">Rooibos earl grey intense bio 2025<\/h2>\n\t<span class=\"price\"><del aria-hidden=\"true\"><span class=\"woocommerce-Price-amount amount\"><bdi>54.50&nbsp;<span class=\"woocommerce-Price-currencySymbol\">&euro;<\/span><\/bdi><\/span><\/del> <span class=\"screen-reader-text\">Original price was: 54.50&nbsp;&euro;.<\/span><ins aria-hidden=\"true\"><span class=\"woocommerce-Price-amount amount\"><bdi>49.50&nbsp;<span class=\"woocommerce-Price-currencySymbol\">&euro;<\/span><\/bdi><\/span><\/ins><span class=\"screen-reader-text\">Current price is: 49.50&nbsp;&euro;.<\/span> <small class=\"woocommerce-price-suffix\">HT<\/small><\/span>\n<\/a><a href=\"\/en\/wp-json\/wp\/v2\/pages\/1057?add-to-cart=53\" aria-describedby=\"woocommerce_loop_add_to_cart_link_describedby_53\" data-quantity=\"1\" class=\"button product_type_simple add_to_cart_button ajax_add_to_cart\" data-product_id=\"53\" data-product_sku=\"3760165216797\" aria-label=\"Add to basket: &ldquo;Rooibos earl grey intense bio 2025&rdquo;\" rel=\"nofollow\" data-success_message=\"&ldquo;Rooibos earl grey intense bio 2025&rdquo; has been added to your basket\" role=\"button\">Add to basket<\/a>\t<span id=\"woocommerce_loop_add_to_cart_link_describedby_53\" class=\"screen-reader-text\">\n\t\t\t<\/span>\n<\/li>\n<li class=\"desktop-align-center tablet-align-left mobile-align-left product type-product post-52 status-publish last instock product_cat-rooibos-dafrique-du-sud product_cat-the has-post-thumbnail sale taxable shipping-taxable purchasable product-type-simple\">\n\t<a href=\"https:\/\/www.pascal-hamour.fr\/en\/product\/rooibos-caramel-intense-bio\/\" class=\"woocommerce-LoopProduct-link woocommerce-loop-product__link\">\n\t<span  class=\"onsale\" data-notification=\"default\">Sale!<\/span>\n\t<img loading=\"lazy\" decoding=\"async\" width=\"354\" height=\"496\" src=\"https:\/\/www.pascal-hamour.fr\/wp-content\/uploads\/2018\/05\/rooibos-caramel-scaled-354x496.jpg\" class=\"attachment-woocommerce_thumbnail size-woocommerce_thumbnail\" alt=\"Rooibos caramel intense bio 2025\" \/><h2 class=\"woocommerce-loop-product__title\">Rooibos caramel intense bio 2025<\/h2>\n\t<span class=\"price\"><del aria-hidden=\"true\"><span class=\"woocommerce-Price-amount amount\"><bdi>49.50&nbsp;<span class=\"woocommerce-Price-currencySymbol\">&euro;<\/span><\/bdi><\/span><\/del> <span class=\"screen-reader-text\">Original price was: 49.50&nbsp;&euro;.<\/span><ins aria-hidden=\"true\"><span class=\"woocommerce-Price-amount amount\"><bdi>44.50&nbsp;<span class=\"woocommerce-Price-currencySymbol\">&euro;<\/span><\/bdi><\/span><\/ins><span class=\"screen-reader-text\">Current price is: 44.50&nbsp;&euro;.<\/span> <small class=\"woocommerce-price-suffix\">HT<\/small><\/span>\n<\/a><a href=\"\/en\/wp-json\/wp\/v2\/pages\/1057?add-to-cart=52\" aria-describedby=\"woocommerce_loop_add_to_cart_link_describedby_52\" data-quantity=\"1\" class=\"button product_type_simple add_to_cart_button ajax_add_to_cart\" data-product_id=\"52\" data-product_sku=\"3760165216773\" aria-label=\"Add to basket: &ldquo;Rooibos caramel intense bio 2025&rdquo;\" rel=\"nofollow\" data-success_message=\"&ldquo;Rooibos caramel intense bio 2025&rdquo; has been added to your basket\" role=\"button\">Add to basket<\/a>\t<span id=\"woocommerce_loop_add_to_cart_link_describedby_52\" class=\"screen-reader-text\">\n\t\t\t<\/span>\n<\/li>\n<\/ul>\n<\/div>\n<\/div><\/div>\n<\/div><\/div>\n","protected":false},"excerpt":{"rendered":"<p>Rooibos d\u2019Afrique du Sud Le Rooibos est un arbuste originaire d\u2019Afrique cultiv\u00e9 depuis des mill\u00e9naires. \u00c9pineux \u00e0 fines tiges et [&hellip;]<\/p>\n","protected":false},"author":1,"featured_media":0,"parent":365,"menu_order":0,"comment_status":"closed","ping_status":"closed","template":"","meta":{"inline_featured_image":false,"_uag_custom_page_level_css":"","site-sidebar-layout":"default","site-content-layout":"","ast-site-content-layout":"default","site-content-style":"default","site-sidebar-style":"default","ast-global-header-display":"","ast-banner-title-visibility":"","ast-main-header-display":"","ast-hfb-above-header-display":"","ast-hfb-below-header-display":"","ast-hfb-mobile-header-display":"","site-post-title":"disabled","ast-breadcrumbs-content":"","ast-featured-img":"","footer-sml-layout":"","ast-disable-related-posts":"","theme-transparent-header-meta":"","adv-header-id-meta":"","stick-header-meta":"","header-above-stick-meta":"","header-main-stick-meta":"","header-below-stick-meta":"","astra-migrate-meta-layouts":"","ast-page-background-enabled":"default","ast-page-background-meta":{"desktop":{"background-color":"var(--ast-global-color-4)","background-image":"","background-repeat":"repeat","background-position":"center center","background-size":"auto","background-attachment":"scroll","background-type":"","background-media":"","overlay-type":"","overlay-color":"","overlay-opacity":"","overlay-gradient":""},"tablet":{"background-color":"","background-image":"","background-repeat":"repeat","background-position":"center center","background-size":"auto","background-attachment":"scroll","background-type":"","background-media":"","overlay-type":"","overlay-color":"","overlay-opacity":"","overlay-gradient":""},"mobile":{"background-color":"","background-image":"","background-repeat":"repeat","background-position":"center center","background-size":"auto","background-attachment":"scroll","background-type":"","background-media":"","overlay-type":"","overlay-color":"","overlay-opacity":"","overlay-gradient":""}},"ast-content-background-meta":{"desktop":{"background-color":"var(--ast-global-color-5)","background-image":"","background-repeat":"repeat","background-position":"center center","background-size":"auto","background-attachment":"scroll","background-type":"","background-media":"","overlay-type":"","overlay-color":"","overlay-opacity":"","overlay-gradient":""},"tablet":{"background-color":"var(--ast-global-color-5)","background-image":"","background-repeat":"repeat","background-position":"center center","background-size":"auto","background-attachment":"scroll","background-type":"","background-media":"","overlay-type":"","overlay-color":"","overlay-opacity":"","overlay-gradient":""},"mobile":{"background-color":"var(--ast-global-color-5)","background-image":"","background-repeat":"repeat","background-position":"center center","background-size":"auto","background-attachment":"scroll","background-type":"","background-media":"","overlay-type":"","overlay-color":"","overlay-opacity":"","overlay-gradient":""}},"footnotes":""},"class_list":["post-1057","page","type-page","status-publish","hentry"],"uagb_featured_image_src":{"full":false,"thumbnail":false,"medium":false,"medium_large":false,"large":false,"1536x1536":false,"2048x2048":false,"trp-custom-language-flag":false,"blog_three":false,"woocommerce_gallery_thumbnail":false,"woocommerce_thumbnail":false,"woocommerce_single":false,"woocommerce_single_gallery":false,"woo_single_gallery_v":false},"uagb_author_info":{"display_name":"Phamour","author_link":"https:\/\/www.pascal-hamour.fr\/en\/author\/91oceaniateabio\/"},"uagb_comment_info":0,"uagb_excerpt":"Rooibos d\u2019Afrique du Sud Le Rooibos est un arbuste originaire d\u2019Afrique cultiv\u00e9 depuis des mill\u00e9naires. \u00c9pineux \u00e0 fines tiges et [&hellip;]","_links":{"self":[{"href":"https:\/\/www.pascal-hamour.fr\/en\/wp-json\/wp\/v2\/pages\/1057","targetHints":{"allow":["GET"]}}],"collection":[{"href":"https:\/\/www.pascal-hamour.fr\/en\/wp-json\/wp\/v2\/pages"}],"about":[{"href":"https:\/\/www.pascal-hamour.fr\/en\/wp-json\/wp\/v2\/types\/page"}],"author":[{"embeddable":true,"href":"https:\/\/www.pascal-hamour.fr\/en\/wp-json\/wp\/v2\/users\/1"}],"replies":[{"embeddable":true,"href":"https:\/\/www.pascal-hamour.fr\/en\/wp-json\/wp\/v2\/comments?post=1057"}],"version-history":[{"count":0,"href":"https:\/\/www.pascal-hamour.fr\/en\/wp-json\/wp\/v2\/pages\/1057\/revisions"}],"up":[{"embeddable":true,"href":"https:\/\/www.pascal-hamour.fr\/en\/wp-json\/wp\/v2\/pages\/365"}],"wp:attachment":[{"href":"https:\/\/www.pascal-hamour.fr\/en\/wp-json\/wp\/v2\/media?parent=1057"}],"curies":[{"name":"wp","href":"https:\/\/api.w.org\/{rel}","templated":true}]}}