{"id":1074,"date":"2023-10-07T22:40:51","date_gmt":"2023-10-07T22:40:51","guid":{"rendered":"https:\/\/pascalhamour.isacaraujo.com\/?page_id=1074"},"modified":"2024-01-31T15:20:43","modified_gmt":"2024-01-31T15:20:43","slug":"infusions-enfant","status":"publish","type":"page","link":"https:\/\/www.pascal-hamour.fr\/en\/boutique\/infusions-enfant\/","title":{"rendered":"Children's infusions"},"content":{"rendered":"\n<div class=\"wp-block-uagb-container uagb-block-56326a92 alignfull uagb-is-root-container\"><div class=\"uagb-container-inner-blocks-wrap\">\n<div class=\"wp-block-uagb-container uagb-block-49b9f2ca alignfull uagb-is-root-container\"><div class=\"uagb-container-inner-blocks-wrap\">\n<div class=\"wp-block-uagb-container uagb-block-dc33815e\">\n<div class=\"wp-block-uagb-advanced-heading uagb-block-be589e19\"><h2 class=\"uagb-heading-text\">Infusions enfant<\/h2><\/div>\n\n\n<style>.wp-block-kadence-advancedheading.kt-adv-heading1074_9c3ccf-fa, .wp-block-kadence-advancedheading.kt-adv-heading1074_9c3ccf-fa[data-kb-block=\"kb-adv-heading1074_9c3ccf-fa\"]{max-width:570px;font-style:normal;}.wp-block-kadence-advancedheading.kt-adv-heading1074_9c3ccf-fa mark.kt-highlight, .wp-block-kadence-advancedheading.kt-adv-heading1074_9c3ccf-fa[data-kb-block=\"kb-adv-heading1074_9c3ccf-fa\"] mark.kt-highlight{font-style:normal;color:#f76a0c;-webkit-box-decoration-break:clone;box-decoration-break:clone;padding-top:0px;padding-right:0px;padding-bottom:0px;padding-left:0px;}.wp-block-kadence-advancedheading.kt-adv-heading1074_9c3ccf-fa img.kb-inline-image, .wp-block-kadence-advancedheading.kt-adv-heading1074_9c3ccf-fa[data-kb-block=\"kb-adv-heading1074_9c3ccf-fa\"] img.kb-inline-image{width:150px;vertical-align:baseline;}<\/style>\n<p class=\"kt-adv-heading1074_9c3ccf-fa wp-block-kadence-advancedheading\" data-kb-block=\"kb-adv-heading1074_9c3ccf-fa\">Souvent oubli\u00e9s, les enfants ont aussi le droit de go\u00fbter au plaisir sain des infusions. C\u2019est en pensant \u00e0 cela que nous avons d\u00e9velopp\u00e9 \u00ab J\u2019aime les bonbons \u00bb, une gamme novatrice aux bons go\u00fbts de yogourt et de grenadine.<\/p>\n\n\n<style>.wp-block-kadence-advancedheading.kt-adv-heading1074_655e86-49, .wp-block-kadence-advancedheading.kt-adv-heading1074_655e86-49[data-kb-block=\"kb-adv-heading1074_655e86-49\"]{max-width:570px;font-style:normal;}.wp-block-kadence-advancedheading.kt-adv-heading1074_655e86-49 mark.kt-highlight, .wp-block-kadence-advancedheading.kt-adv-heading1074_655e86-49[data-kb-block=\"kb-adv-heading1074_655e86-49\"] mark.kt-highlight{font-style:normal;color:#f76a0c;-webkit-box-decoration-break:clone;box-decoration-break:clone;padding-top:0px;padding-right:0px;padding-bottom:0px;padding-left:0px;}.wp-block-kadence-advancedheading.kt-adv-heading1074_655e86-49 img.kb-inline-image, .wp-block-kadence-advancedheading.kt-adv-heading1074_655e86-49[data-kb-block=\"kb-adv-heading1074_655e86-49\"] img.kb-inline-image{width:150px;vertical-align:baseline;}<\/style>\n<p class=\"kt-adv-heading1074_655e86-49 wp-block-kadence-advancedheading\" data-kb-block=\"kb-adv-heading1074_655e86-49\">Initialement imagin\u00e9e pour la fille de Pascal Hamour\u00ae, elle se compose d\u2019infusions chaudes en sachet et d\u2019infusions froides en bouteilles argent\u00e9es modernes et raffin\u00e9es. Cette gamme aux couleurs et aux saveurs acidul\u00e9es ravira les enfants.<\/p>\n\n\n<style>.wp-block-kadence-advancedheading.kt-adv-heading1074_504452-7d, .wp-block-kadence-advancedheading.kt-adv-heading1074_504452-7d[data-kb-block=\"kb-adv-heading1074_504452-7d\"]{max-width:570px;font-style:normal;}.wp-block-kadence-advancedheading.kt-adv-heading1074_504452-7d mark.kt-highlight, .wp-block-kadence-advancedheading.kt-adv-heading1074_504452-7d[data-kb-block=\"kb-adv-heading1074_504452-7d\"] mark.kt-highlight{font-style:normal;color:#f76a0c;-webkit-box-decoration-break:clone;box-decoration-break:clone;padding-top:0px;padding-right:0px;padding-bottom:0px;padding-left:0px;}.wp-block-kadence-advancedheading.kt-adv-heading1074_504452-7d img.kb-inline-image, .wp-block-kadence-advancedheading.kt-adv-heading1074_504452-7d[data-kb-block=\"kb-adv-heading1074_504452-7d\"] img.kb-inline-image{width:150px;vertical-align:baseline;}<\/style>\n<p class=\"kt-adv-heading1074_504452-7d wp-block-kadence-advancedheading\" data-kb-block=\"kb-adv-heading1074_504452-7d\">Certifi\u00e9e Ecocert, elle ne contient que des sucres color\u00e9s naturellement et tr\u00e8s peu de calories. Un moyen de faire vivre, aux enfants, une nouvelle exp\u00e9rience gustative, \u00e0 leur port\u00e9e. Les initier \u00e0 des boissons plus saines et adapt\u00e9es \u00e0 leurs go\u00fbts d\u00e8s le plus jeune \u00e2ge est primordial pour nous.<\/p>\n<\/div>\n\n\n\n<div class=\"wp-block-uagb-container uagb-block-a1db4346\">\n<div class=\"wp-block-uagb-image uagb-block-8de499b0 wp-block-uagb-image--layout-default wp-block-uagb-image--effect-static wp-block-uagb-image--align-none\"><figure class=\"wp-block-uagb-image__figure\"><img decoding=\"async\" srcset=\"https:\/\/www.pascal-hamour.fr\/wp-content\/uploads\/2024\/01\/PH-citron-1.jpg ,https:\/\/www.pascal-hamour.fr\/wp-content\/uploads\/2024\/01\/PH-citron-1.jpg 780w, https:\/\/www.pascal-hamour.fr\/wp-content\/uploads\/2024\/01\/PH-citron-1.jpg 360w\" sizes=\"auto, (max-width: 480px) 150px\" src=\"https:\/\/www.pascal-hamour.fr\/wp-content\/uploads\/2024\/01\/PH-citron-1.jpg\" alt=\"\" class=\"uag-image-1077\" width=\"374\" height=\"369\" title=\"\" loading=\"lazy\"\/><\/figure><\/div>\n<\/div>\n<\/div><\/div>\n\n\n\n<div class=\"wp-block-uagb-container uagb-block-a7428bf9 alignfull uagb-is-root-container\"><div class=\"uagb-container-inner-blocks-wrap\">\n<div class=\"wp-block-uagb-advanced-heading uagb-block-cad3f14f uag-hide-mob\"><h2 class=\"uagb-heading-text\">D\u00e9couvrez tous Infusions enfant<\/h2><\/div>\n\n\n\n<div class=\"wp-block-uagb-advanced-heading uagb-block-eb00a2a8 uag-hide-desktop uag-hide-tab\"><h2 class=\"uagb-heading-text\">D\u00e9couvrez tous Infusions enfant<\/h2><\/div>\n\n\n<div class=\"woocommerce columns-4 \"><ul class=\"products columns-4\">\n<li class=\"desktop-align-center tablet-align-left mobile-align-left product type-product post-70 status-publish first instock product_cat-infusion product_cat-infusion-enfant has-post-thumbnail taxable shipping-taxable purchasable product-type-simple\">\n\t<a href=\"https:\/\/www.pascal-hamour.fr\/en\/product\/i-love-candy\/\" class=\"woocommerce-LoopProduct-link woocommerce-loop-product__link\"><img loading=\"lazy\" decoding=\"async\" width=\"354\" height=\"496\" src=\"https:\/\/www.pascal-hamour.fr\/wp-content\/uploads\/2018\/07\/infusion-enfant-pascal-hamour-354x496.jpg\" class=\"attachment-woocommerce_thumbnail size-woocommerce_thumbnail\" alt=\"I love candy\" \/><h2 class=\"woocommerce-loop-product__title\">I love candy<\/h2>\n\t<span class=\"price\"><span class=\"woocommerce-Price-amount amount\"><bdi>29.50&nbsp;<span class=\"woocommerce-Price-currencySymbol\">&euro;<\/span><\/bdi><\/span> <small class=\"woocommerce-price-suffix\">HT<\/small><\/span>\n<\/a><a href=\"\/en\/wp-json\/wp\/v2\/pages\/1074?add-to-cart=70\" aria-describedby=\"woocommerce_loop_add_to_cart_link_describedby_70\" data-quantity=\"1\" class=\"button product_type_simple add_to_cart_button ajax_add_to_cart\" data-product_id=\"70\" data-product_sku=\"3760165210191\" aria-label=\"Add to basket: &ldquo;I love candy&rdquo;\" rel=\"nofollow\" data-success_message=\"&ldquo;I love candy&rdquo; has been added to your basket\" role=\"button\">Add to basket<\/a>\t<span id=\"woocommerce_loop_add_to_cart_link_describedby_70\" class=\"screen-reader-text\">\n\t\t\t<\/span>\n<\/li>\n<\/ul>\n<\/div>\n<\/div><\/div>\n<\/div><\/div>\n","protected":false},"excerpt":{"rendered":"<p>Infusions enfant Souvent oubli\u00e9s, les enfants ont aussi le droit de go\u00fbter au plaisir sain des infusions. C\u2019est en pensant [&hellip;]<\/p>\n","protected":false},"author":1,"featured_media":0,"parent":365,"menu_order":0,"comment_status":"closed","ping_status":"closed","template":"","meta":{"inline_featured_image":false,"_uag_custom_page_level_css":"","site-sidebar-layout":"default","site-content-layout":"","ast-site-content-layout":"default","site-content-style":"default","site-sidebar-style":"default","ast-global-header-display":"","ast-banner-title-visibility":"","ast-main-header-display":"","ast-hfb-above-header-display":"","ast-hfb-below-header-display":"","ast-hfb-mobile-header-display":"","site-post-title":"disabled","ast-breadcrumbs-content":"","ast-featured-img":"","footer-sml-layout":"","ast-disable-related-posts":"","theme-transparent-header-meta":"","adv-header-id-meta":"","stick-header-meta":"","header-above-stick-meta":"","header-main-stick-meta":"","header-below-stick-meta":"","astra-migrate-meta-layouts":"","ast-page-background-enabled":"default","ast-page-background-meta":{"desktop":{"background-color":"var(--ast-global-color-4)","background-image":"","background-repeat":"repeat","background-position":"center center","background-size":"auto","background-attachment":"scroll","background-type":"","background-media":"","overlay-type":"","overlay-color":"","overlay-opacity":"","overlay-gradient":""},"tablet":{"background-color":"","background-image":"","background-repeat":"repeat","background-position":"center center","background-size":"auto","background-attachment":"scroll","background-type":"","background-media":"","overlay-type":"","overlay-color":"","overlay-opacity":"","overlay-gradient":""},"mobile":{"background-color":"","background-image":"","background-repeat":"repeat","background-position":"center center","background-size":"auto","background-attachment":"scroll","background-type":"","background-media":"","overlay-type":"","overlay-color":"","overlay-opacity":"","overlay-gradient":""}},"ast-content-background-meta":{"desktop":{"background-color":"var(--ast-global-color-5)","background-image":"","background-repeat":"repeat","background-position":"center center","background-size":"auto","background-attachment":"scroll","background-type":"","background-media":"","overlay-type":"","overlay-color":"","overlay-opacity":"","overlay-gradient":""},"tablet":{"background-color":"var(--ast-global-color-5)","background-image":"","background-repeat":"repeat","background-position":"center center","background-size":"auto","background-attachment":"scroll","background-type":"","background-media":"","overlay-type":"","overlay-color":"","overlay-opacity":"","overlay-gradient":""},"mobile":{"background-color":"var(--ast-global-color-5)","background-image":"","background-repeat":"repeat","background-position":"center center","background-size":"auto","background-attachment":"scroll","background-type":"","background-media":"","overlay-type":"","overlay-color":"","overlay-opacity":"","overlay-gradient":""}},"footnotes":""},"class_list":["post-1074","page","type-page","status-publish","hentry"],"uagb_featured_image_src":{"full":false,"thumbnail":false,"medium":false,"medium_large":false,"large":false,"1536x1536":false,"2048x2048":false,"trp-custom-language-flag":false,"blog_three":false,"woocommerce_gallery_thumbnail":false,"woocommerce_thumbnail":false,"woocommerce_single":false,"woocommerce_single_gallery":false,"woo_single_gallery_v":false},"uagb_author_info":{"display_name":"Phamour","author_link":"https:\/\/www.pascal-hamour.fr\/en\/author\/91oceaniateabio\/"},"uagb_comment_info":0,"uagb_excerpt":"Infusions enfant Souvent oubli\u00e9s, les enfants ont aussi le droit de go\u00fbter au plaisir sain des infusions. C\u2019est en pensant [&hellip;]","_links":{"self":[{"href":"https:\/\/www.pascal-hamour.fr\/en\/wp-json\/wp\/v2\/pages\/1074","targetHints":{"allow":["GET"]}}],"collection":[{"href":"https:\/\/www.pascal-hamour.fr\/en\/wp-json\/wp\/v2\/pages"}],"about":[{"href":"https:\/\/www.pascal-hamour.fr\/en\/wp-json\/wp\/v2\/types\/page"}],"author":[{"embeddable":true,"href":"https:\/\/www.pascal-hamour.fr\/en\/wp-json\/wp\/v2\/users\/1"}],"replies":[{"embeddable":true,"href":"https:\/\/www.pascal-hamour.fr\/en\/wp-json\/wp\/v2\/comments?post=1074"}],"version-history":[{"count":0,"href":"https:\/\/www.pascal-hamour.fr\/en\/wp-json\/wp\/v2\/pages\/1074\/revisions"}],"up":[{"embeddable":true,"href":"https:\/\/www.pascal-hamour.fr\/en\/wp-json\/wp\/v2\/pages\/365"}],"wp:attachment":[{"href":"https:\/\/www.pascal-hamour.fr\/en\/wp-json\/wp\/v2\/media?parent=1074"}],"curies":[{"name":"wp","href":"https:\/\/api.w.org\/{rel}","templated":true}]}}