{"id":1081,"date":"2023-10-07T22:46:42","date_gmt":"2023-10-07T22:46:42","guid":{"rendered":"https:\/\/pascalhamour.isacaraujo.com\/?page_id=1081"},"modified":"2024-02-09T11:20:34","modified_gmt":"2024-02-09T11:20:34","slug":"chocolat-en-poudre","status":"publish","type":"page","link":"https:\/\/www.pascal-hamour.fr\/en\/boutique\/chocolat-en-poudre\/","title":{"rendered":"Chocolate powder"},"content":{"rendered":"\n<div class=\"wp-block-uagb-container uagb-block-2a5fcaad alignfull uagb-is-root-container\"><div class=\"uagb-container-inner-blocks-wrap\">\n<div class=\"wp-block-uagb-container uagb-block-49b9f2ca alignfull uagb-is-root-container\"><div class=\"uagb-container-inner-blocks-wrap\">\n<div class=\"wp-block-uagb-container uagb-block-dc33815e\">\n<div class=\"wp-block-uagb-advanced-heading uagb-block-be589e19\"><h2 class=\"uagb-heading-text\">Chocolat en poudre<\/h2><\/div>\n\n\n<style>.wp-block-kadence-advancedheading.kt-adv-heading1081_273a05-6f, .wp-block-kadence-advancedheading.kt-adv-heading1081_273a05-6f[data-kb-block=\"kb-adv-heading1081_273a05-6f\"]{max-width:581px;font-style:normal;}.wp-block-kadence-advancedheading.kt-adv-heading1081_273a05-6f mark.kt-highlight, .wp-block-kadence-advancedheading.kt-adv-heading1081_273a05-6f[data-kb-block=\"kb-adv-heading1081_273a05-6f\"] mark.kt-highlight{font-style:normal;color:#f76a0c;-webkit-box-decoration-break:clone;box-decoration-break:clone;padding-top:0px;padding-right:0px;padding-bottom:0px;padding-left:0px;}.wp-block-kadence-advancedheading.kt-adv-heading1081_273a05-6f img.kb-inline-image, .wp-block-kadence-advancedheading.kt-adv-heading1081_273a05-6f[data-kb-block=\"kb-adv-heading1081_273a05-6f\"] img.kb-inline-image{width:150px;vertical-align:baseline;}@media all and (max-width: 767px){.wp-block-kadence-advancedheading.kt-adv-heading1081_273a05-6f, .wp-block-kadence-advancedheading.kt-adv-heading1081_273a05-6f[data-kb-block=\"kb-adv-heading1081_273a05-6f\"]{font-size:16px;}}<\/style>\n<p class=\"kt-adv-heading1081_273a05-6f wp-block-kadence-advancedheading\" data-kb-block=\"kb-adv-heading1081_273a05-6f\">Notre chocolat en poudre haut de gamme est une exclusivit\u00e9 Pascal Hamour\u00ae. Dans le but de satisfaire ses enfants qui n\u2019aimaient pas le chocolat du commerce, Pascal Hamour\u00ae cr\u00e9a, sur mesure, une recette issue de l\u2019assemblage de 19 f\u00e8ves de cacao diff\u00e9rentes. Avec 36% de cacao, le chocolat Pascal Hamour\u00ae est bien plus sain et chocolat\u00e9 que les poudres qui existent sur le march\u00e9. Plus go\u00fbteux et moins sucr\u00e9, il a rapidement conquis les professionnels et les grands chefs. Disponible en doses individuelles ou en paquet de 1 kg, notre chocolat instantan\u00e9 Pascal Hamour\u00ae est gourmand et r\u00e9confortant.<\/p>\n<\/div>\n\n\n\n<div class=\"wp-block-uagb-container uagb-block-a1db4346\">\n<div class=\"wp-block-uagb-image uagb-block-c47c37d0 wp-block-uagb-image--layout-default wp-block-uagb-image--effect-static wp-block-uagb-image--align-none\"><figure class=\"wp-block-uagb-image__figure\"><img decoding=\"async\" srcset=\"https:\/\/www.pascal-hamour.fr\/wp-content\/uploads\/2024\/01\/image-3-3.jpg ,https:\/\/www.pascal-hamour.fr\/wp-content\/uploads\/2024\/01\/image-3-3.jpg 780w, https:\/\/www.pascal-hamour.fr\/wp-content\/uploads\/2024\/01\/image-3-3.jpg 360w\" sizes=\"auto, (max-width: 480px) 150px\" src=\"https:\/\/www.pascal-hamour.fr\/wp-content\/uploads\/2024\/01\/image-3-3.jpg\" alt=\"\" class=\"uag-image-1084\" width=\"477\" height=\"470\" title=\"\" loading=\"lazy\"\/><\/figure><\/div>\n<\/div>\n<\/div><\/div>\n\n\n\n<div class=\"wp-block-uagb-container uagb-block-a7428bf9 alignfull uagb-is-root-container\"><div class=\"uagb-container-inner-blocks-wrap\">\n<div class=\"wp-block-uagb-advanced-heading uagb-block-cad3f14f uag-hide-mob\"><h2 class=\"uagb-heading-text\">D\u00e9couvrez nous Chocolat<\/h2><\/div>\n\n\n\n<div class=\"wp-block-uagb-advanced-heading uagb-block-eb00a2a8 uag-hide-desktop uag-hide-tab\"><h2 class=\"uagb-heading-text\">D\u00e9couvrez nous Chocolat<\/h2><\/div>\n\n\n<div class=\"woocommerce columns-4 \"><ul class=\"products columns-4\">\n<li class=\"desktop-align-center tablet-align-left mobile-align-left product type-product post-58182 status-publish first instock product_cat-chocolat product_cat-la-maison-pascal-hamour has-post-thumbnail taxable shipping-taxable purchasable product-type-simple\">\n\t<a href=\"https:\/\/www.pascal-hamour.fr\/en\/product\/chocolat\/\" class=\"woocommerce-LoopProduct-link woocommerce-loop-product__link\"><img loading=\"lazy\" decoding=\"async\" width=\"354\" height=\"496\" src=\"https:\/\/www.pascal-hamour.fr\/wp-content\/uploads\/2024\/01\/chocolat-pascal-hamour-354x496.avif\" class=\"attachment-woocommerce_thumbnail size-woocommerce_thumbnail\" alt=\"Chocolat\" \/><h2 class=\"woocommerce-loop-product__title\">Chocolat<\/h2>\n\t<span class=\"price\"><span class=\"woocommerce-Price-amount amount\"><bdi>36.50&nbsp;<span class=\"woocommerce-Price-currencySymbol\">&euro;<\/span><\/bdi><\/span> <small class=\"woocommerce-price-suffix\">HT<\/small><\/span>\n<\/a><a href=\"\/en\/wp-json\/wp\/v2\/pages\/1081?add-to-cart=58182\" aria-describedby=\"woocommerce_loop_add_to_cart_link_describedby_58182\" data-quantity=\"1\" class=\"button product_type_simple add_to_cart_button ajax_add_to_cart\" data-product_id=\"58182\" data-product_sku=\"\" aria-label=\"Add to basket: &ldquo;Chocolat&rdquo;\" rel=\"nofollow\" data-success_message=\"&ldquo;Chocolat&rdquo; has been added to your basket\" role=\"button\">Add to basket<\/a>\t<span id=\"woocommerce_loop_add_to_cart_link_describedby_58182\" class=\"screen-reader-text\">\n\t\t\t<\/span>\n<\/li>\n<\/ul>\n<\/div>\n<\/div><\/div>\n<\/div><\/div>\n","protected":false},"excerpt":{"rendered":"<p>Chocolat en poudre Notre chocolat en poudre haut de gamme est une exclusivit\u00e9 Pascal Hamour\u00ae. Dans le but de satisfaire [&hellip;]<\/p>\n","protected":false},"author":1,"featured_media":0,"parent":365,"menu_order":0,"comment_status":"closed","ping_status":"closed","template":"","meta":{"inline_featured_image":false,"_uag_custom_page_level_css":"","site-sidebar-layout":"default","site-content-layout":"","ast-site-content-layout":"default","site-content-style":"default","site-sidebar-style":"default","ast-global-header-display":"","ast-banner-title-visibility":"","ast-main-header-display":"","ast-hfb-above-header-display":"","ast-hfb-below-header-display":"","ast-hfb-mobile-header-display":"","site-post-title":"disabled","ast-breadcrumbs-content":"","ast-featured-img":"","footer-sml-layout":"","ast-disable-related-posts":"","theme-transparent-header-meta":"","adv-header-id-meta":"","stick-header-meta":"","header-above-stick-meta":"","header-main-stick-meta":"","header-below-stick-meta":"","astra-migrate-meta-layouts":"","ast-page-background-enabled":"default","ast-page-background-meta":{"desktop":{"background-color":"var(--ast-global-color-4)","background-image":"","background-repeat":"repeat","background-position":"center center","background-size":"auto","background-attachment":"scroll","background-type":"","background-media":"","overlay-type":"","overlay-color":"","overlay-opacity":"","overlay-gradient":""},"tablet":{"background-color":"","background-image":"","background-repeat":"repeat","background-position":"center center","background-size":"auto","background-attachment":"scroll","background-type":"","background-media":"","overlay-type":"","overlay-color":"","overlay-opacity":"","overlay-gradient":""},"mobile":{"background-color":"","background-image":"","background-repeat":"repeat","background-position":"center center","background-size":"auto","background-attachment":"scroll","background-type":"","background-media":"","overlay-type":"","overlay-color":"","overlay-opacity":"","overlay-gradient":""}},"ast-content-background-meta":{"desktop":{"background-color":"var(--ast-global-color-5)","background-image":"","background-repeat":"repeat","background-position":"center center","background-size":"auto","background-attachment":"scroll","background-type":"","background-media":"","overlay-type":"","overlay-color":"","overlay-opacity":"","overlay-gradient":""},"tablet":{"background-color":"var(--ast-global-color-5)","background-image":"","background-repeat":"repeat","background-position":"center center","background-size":"auto","background-attachment":"scroll","background-type":"","background-media":"","overlay-type":"","overlay-color":"","overlay-opacity":"","overlay-gradient":""},"mobile":{"background-color":"var(--ast-global-color-5)","background-image":"","background-repeat":"repeat","background-position":"center center","background-size":"auto","background-attachment":"scroll","background-type":"","background-media":"","overlay-type":"","overlay-color":"","overlay-opacity":"","overlay-gradient":""}},"footnotes":""},"class_list":["post-1081","page","type-page","status-publish","hentry"],"uagb_featured_image_src":{"full":false,"thumbnail":false,"medium":false,"medium_large":false,"large":false,"1536x1536":false,"2048x2048":false,"trp-custom-language-flag":false,"blog_three":false,"woocommerce_gallery_thumbnail":false,"woocommerce_thumbnail":false,"woocommerce_single":false,"woocommerce_single_gallery":false,"woo_single_gallery_v":false},"uagb_author_info":{"display_name":"Phamour","author_link":"https:\/\/www.pascal-hamour.fr\/en\/author\/91oceaniateabio\/"},"uagb_comment_info":0,"uagb_excerpt":"Chocolat en poudre Notre chocolat en poudre haut de gamme est une exclusivit\u00e9 Pascal Hamour\u00ae. Dans le but de satisfaire [&hellip;]","_links":{"self":[{"href":"https:\/\/www.pascal-hamour.fr\/en\/wp-json\/wp\/v2\/pages\/1081","targetHints":{"allow":["GET"]}}],"collection":[{"href":"https:\/\/www.pascal-hamour.fr\/en\/wp-json\/wp\/v2\/pages"}],"about":[{"href":"https:\/\/www.pascal-hamour.fr\/en\/wp-json\/wp\/v2\/types\/page"}],"author":[{"embeddable":true,"href":"https:\/\/www.pascal-hamour.fr\/en\/wp-json\/wp\/v2\/users\/1"}],"replies":[{"embeddable":true,"href":"https:\/\/www.pascal-hamour.fr\/en\/wp-json\/wp\/v2\/comments?post=1081"}],"version-history":[{"count":0,"href":"https:\/\/www.pascal-hamour.fr\/en\/wp-json\/wp\/v2\/pages\/1081\/revisions"}],"up":[{"embeddable":true,"href":"https:\/\/www.pascal-hamour.fr\/en\/wp-json\/wp\/v2\/pages\/365"}],"wp:attachment":[{"href":"https:\/\/www.pascal-hamour.fr\/en\/wp-json\/wp\/v2\/media?parent=1081"}],"curies":[{"name":"wp","href":"https:\/\/api.w.org\/{rel}","templated":true}]}}