{"id":1194,"date":"2023-10-11T14:07:24","date_gmt":"2023-10-11T14:07:24","guid":{"rendered":"https:\/\/pascalhamour.isacaraujo.com\/?page_id=1194"},"modified":"2024-02-14T16:59:20","modified_gmt":"2024-02-14T16:59:20","slug":"la-certification-ecocert","status":"publish","type":"page","link":"https:\/\/www.pascal-hamour.fr\/en\/engagements\/la-certification-ecocert\/","title":{"rendered":"Ecocert certification"},"content":{"rendered":"<div class=\"wp-block-uagb-container uagb-block-49b9f2ca alignfull uagb-is-root-container\"><div class=\"uagb-container-inner-blocks-wrap\">\n<div class=\"wp-block-uagb-container uagb-block-dc33815e\">\n<div class=\"wp-block-uagb-advanced-heading uagb-block-be589e19\"><h2 class=\"uagb-heading-text\">Ecocert certification<\/h2><\/div>\n\n\n\n<div class=\"wp-block-group is-content-justification-left is-layout-constrained wp-container-core-group-is-layout-3571b7b6 wp-block-group-is-layout-constrained\">\n<p>Contributing to sustainable development with a range of organic teas that have been fully Ecocert certified since 2007.<br>&nbsp;<br>A symbol of seriousness and commitment, Ecocert is an organic certification body recognised and accredited by the Comit\u00e9 Fran\u00e7ais d'Accr\u00e9ditation (COFRAC). Our certification implies compliance with the very strict criteria and specifications imposed by the organisation.<br>&nbsp;<br>The tea leaves are infused for the first time in hot water at the moment of tasting. So before they reach your cup, they have never been rinsed.<\/p>\n\n\n\n<p>To avoid finding any chemical residues directly infused into your cup, certified organic tea is the ideal solution. That's why we've chosen to offer you quality and safety through Ecocert certification.<\/p>\n\n\n\n<div data-aos= \"fade\" data-aos-duration=\"400\" data-aos-delay=\"0\" data-aos-easing=\"ease\" data-aos-once=\"true\" class=\"wp-block-uagb-image aligncenter uagb-block-20362b84 wp-block-uagb-image--layout-default wp-block-uagb-image--effect-static wp-block-uagb-image--align-center uag-hide-desktop uag-hide-tab\"><figure class=\"wp-block-uagb-image__figure\"><img decoding=\"async\" srcset=\"https:\/\/www.pascal-hamour.fr\/wp-content\/uploads\/2024\/01\/image-7-1.jpg ,https:\/\/www.pascal-hamour.fr\/wp-content\/uploads\/2024\/01\/image-7-1.jpg 780w, https:\/\/www.pascal-hamour.fr\/wp-content\/uploads\/2024\/01\/image-7-1.jpg 360w\" sizes=\"auto, (max-width: 480px) 150px\" src=\"https:\/\/www.pascal-hamour.fr\/wp-content\/uploads\/2024\/01\/image-7-1.jpg\" alt=\"\" class=\"uag-image-1236\" width=\"220\" height=\"216\" title=\"\" loading=\"lazy\"\/><\/figure><\/div>\n\n\n\n<p>A symbol of seriousness and commitment, Ecocert is an organic certification body recognised and accredited by the Comit\u00e9 Fran\u00e7ais d'Accr\u00e9ditation (COFRAC). Our certification implies compliance with the very strict criteria and specifications imposed by the organisation.<\/p>\n<\/div>\n<\/div>\n\n\n\n<div class=\"wp-block-uagb-container uag-hide-mob uagb-block-a1db4346\">\n<div data-aos= \"fade\" data-aos-duration=\"400\" data-aos-delay=\"0\" data-aos-easing=\"ease\" data-aos-once=\"true\" class=\"wp-block-uagb-image uagb-block-be1b058a wp-block-uagb-image--layout-default wp-block-uagb-image--effect-static wp-block-uagb-image--align-none\"><figure class=\"wp-block-uagb-image__figure\"><img decoding=\"async\" srcset=\"https:\/\/www.pascal-hamour.fr\/wp-content\/uploads\/2024\/01\/image-7-1.jpg ,https:\/\/www.pascal-hamour.fr\/wp-content\/uploads\/2024\/01\/image-7-1.jpg 780w, https:\/\/www.pascal-hamour.fr\/wp-content\/uploads\/2024\/01\/image-7-1.jpg 360w\" sizes=\"auto, (max-width: 480px) 150px\" src=\"https:\/\/www.pascal-hamour.fr\/wp-content\/uploads\/2024\/01\/image-7-1.jpg\" alt=\"\" class=\"uag-image-1236\" width=\"477\" height=\"470\" title=\"\" loading=\"lazy\"\/><\/figure><\/div>\n<\/div>\n<\/div><\/div>\n\n\n\n<div class=\"wp-block-uagb-container uagb-block-2deeb249 alignfull uagb-is-root-container\"><div class=\"uagb-container-inner-blocks-wrap\">\n<div data-aos= \"fade-right\" data-aos-duration=\"400\" data-aos-delay=\"0\" data-aos-easing=\"ease\" data-aos-once=\"true\" class=\"wp-block-uagb-container uagb-block-930bd3a3\">\n<div style=\"height:100px\" aria-hidden=\"true\" class=\"wp-block-spacer\"><\/div>\n<\/div>\n\n\n\n<div data-aos= \"fade\" data-aos-duration=\"400\" data-aos-delay=\"0\" data-aos-easing=\"ease\" data-aos-once=\"true\" class=\"wp-block-uagb-container uagb-block-ea120524\">\n<div class=\"wp-block-uagb-advanced-heading uagb-block-4e313ee9\"><h2 class=\"uagb-heading-text\">Did you know?<\/h2><\/div>\n\n\n\n<p class=\"has-ast-global-color-5-color has-text-color\" style=\"padding-right:0px\">A Greenpeace survey in 2012 revealed that the majority of teas grown in China contained 29 different types of pesticide.<br>Ecocert is the guarantee of ethical, ecological consumption that is not harmful to health.<\/p>\n<\/div>\n<\/div><\/div>\n\n\n\n<div data-aos= \"fade-left\" data-aos-duration=\"400\" data-aos-delay=\"0\" data-aos-easing=\"ease\" data-aos-once=\"true\" class=\"wp-block-uagb-container uagb-block-d87c1809 alignfull uagb-is-root-container\"><div class=\"uagb-container-inner-blocks-wrap\">\n<div class=\"wp-block-uagb-image uagb-block-ac62e353 wp-block-uagb-image--layout-default wp-block-uagb-image--effect-static wp-block-uagb-image--align-none\"><figure class=\"wp-block-uagb-image__figure\"><img decoding=\"async\" srcset=\"https:\/\/www.pascal-hamour.fr\/wp-content\/uploads\/2024\/01\/Arrow-3.svg ,https:\/\/www.pascal-hamour.fr\/wp-content\/uploads\/2024\/01\/Arrow-3.svg 780w, https:\/\/www.pascal-hamour.fr\/wp-content\/uploads\/2024\/01\/Arrow-3.svg 360w\" sizes=\"auto, (max-width: 480px) 150px\" src=\"https:\/\/www.pascal-hamour.fr\/wp-content\/uploads\/2024\/01\/Arrow-3.svg\" alt=\"\" class=\"uag-image-57941\" width=\"30\" height=\"13\" title=\"\" loading=\"lazy\"\/><\/figure><\/div>\n\n\n\n<div class=\"wp-block-uagb-advanced-heading uagb-block-4fe44298\"><h2 class=\"uagb-heading-text\"><a href=\"https:\/\/www.pascal-hamour.fr\/en\/engagements\/\" data-type=\"page\" data-id=\"1129\">Read all the commitments<\/a><\/h2><\/div>\n<\/div><\/div>","protected":false},"excerpt":{"rendered":"<p>La certification Ecocert Contribuer au d\u00e9veloppement durable avec une gamme de th\u00e9s bio enti\u00e8rement certifi\u00e9e Ecocert depuis 2007.&nbsp;Symbole de s\u00e9rieux [&hellip;]<\/p>\n","protected":false},"author":1,"featured_media":0,"parent":1129,"menu_order":0,"comment_status":"closed","ping_status":"closed","template":"","meta":{"inline_featured_image":false,"_uag_custom_page_level_css":"","site-sidebar-layout":"default","site-content-layout":"","ast-site-content-layout":"default","site-content-style":"default","site-sidebar-style":"default","ast-global-header-display":"","ast-banner-title-visibility":"","ast-main-header-display":"","ast-hfb-above-header-display":"","ast-hfb-below-header-display":"","ast-hfb-mobile-header-display":"","site-post-title":"disabled","ast-breadcrumbs-content":"","ast-featured-img":"","footer-sml-layout":"","ast-disable-related-posts":"","theme-transparent-header-meta":"","adv-header-id-meta":"","stick-header-meta":"","header-above-stick-meta":"","header-main-stick-meta":"","header-below-stick-meta":"","astra-migrate-meta-layouts":"","ast-page-background-enabled":"default","ast-page-background-meta":{"desktop":{"background-color":"var(--ast-global-color-4)","background-image":"","background-repeat":"repeat","background-position":"center center","background-size":"auto","background-attachment":"scroll","background-type":"","background-media":"","overlay-type":"","overlay-color":"","overlay-opacity":"","overlay-gradient":""},"tablet":{"background-color":"","background-image":"","background-repeat":"repeat","background-position":"center center","background-size":"auto","background-attachment":"scroll","background-type":"","background-media":"","overlay-type":"","overlay-color":"","overlay-opacity":"","overlay-gradient":""},"mobile":{"background-color":"","background-image":"","background-repeat":"repeat","background-position":"center center","background-size":"auto","background-attachment":"scroll","background-type":"","background-media":"","overlay-type":"","overlay-color":"","overlay-opacity":"","overlay-gradient":""}},"ast-content-background-meta":{"desktop":{"background-color":"var(--ast-global-color-5)","background-image":"","background-repeat":"repeat","background-position":"center center","background-size":"auto","background-attachment":"scroll","background-type":"","background-media":"","overlay-type":"","overlay-color":"","overlay-opacity":"","overlay-gradient":""},"tablet":{"background-color":"var(--ast-global-color-5)","background-image":"","background-repeat":"repeat","background-position":"center center","background-size":"auto","background-attachment":"scroll","background-type":"","background-media":"","overlay-type":"","overlay-color":"","overlay-opacity":"","overlay-gradient":""},"mobile":{"background-color":"var(--ast-global-color-5)","background-image":"","background-repeat":"repeat","background-position":"center center","background-size":"auto","background-attachment":"scroll","background-type":"","background-media":"","overlay-type":"","overlay-color":"","overlay-opacity":"","overlay-gradient":""}},"footnotes":""},"class_list":["post-1194","page","type-page","status-publish","hentry"],"uagb_featured_image_src":{"full":false,"thumbnail":false,"medium":false,"medium_large":false,"large":false,"1536x1536":false,"2048x2048":false,"trp-custom-language-flag":false,"blog_three":false,"woocommerce_gallery_thumbnail":false,"woocommerce_thumbnail":false,"woocommerce_single":false,"woocommerce_single_gallery":false,"woo_single_gallery_v":false},"uagb_author_info":{"display_name":"Phamour","author_link":"https:\/\/www.pascal-hamour.fr\/en\/author\/91oceaniateabio\/"},"uagb_comment_info":0,"uagb_excerpt":"La certification Ecocert Contribuer au d\u00e9veloppement durable avec une gamme de th\u00e9s bio enti\u00e8rement certifi\u00e9e Ecocert depuis 2007.&nbsp;Symbole de s\u00e9rieux [&hellip;]","_links":{"self":[{"href":"https:\/\/www.pascal-hamour.fr\/en\/wp-json\/wp\/v2\/pages\/1194","targetHints":{"allow":["GET"]}}],"collection":[{"href":"https:\/\/www.pascal-hamour.fr\/en\/wp-json\/wp\/v2\/pages"}],"about":[{"href":"https:\/\/www.pascal-hamour.fr\/en\/wp-json\/wp\/v2\/types\/page"}],"author":[{"embeddable":true,"href":"https:\/\/www.pascal-hamour.fr\/en\/wp-json\/wp\/v2\/users\/1"}],"replies":[{"embeddable":true,"href":"https:\/\/www.pascal-hamour.fr\/en\/wp-json\/wp\/v2\/comments?post=1194"}],"version-history":[{"count":0,"href":"https:\/\/www.pascal-hamour.fr\/en\/wp-json\/wp\/v2\/pages\/1194\/revisions"}],"up":[{"embeddable":true,"href":"https:\/\/www.pascal-hamour.fr\/en\/wp-json\/wp\/v2\/pages\/1129"}],"wp:attachment":[{"href":"https:\/\/www.pascal-hamour.fr\/en\/wp-json\/wp\/v2\/media?parent=1194"}],"curies":[{"name":"wp","href":"https:\/\/api.w.org\/{rel}","templated":true}]}}