{"id":1286,"date":"2023-10-11T15:24:38","date_gmt":"2023-10-11T15:24:38","guid":{"rendered":"https:\/\/pascalhamour.isacaraujo.com\/?page_id=1286"},"modified":"2024-02-14T17:00:16","modified_gmt":"2024-02-14T17:00:16","slug":"la-haute-qualite-des-matieres-premieres-une-priorite","status":"publish","type":"page","link":"https:\/\/www.pascal-hamour.fr\/en\/engagements\/la-haute-qualite-des-matieres-premieres-une-priorite\/","title":{"rendered":"High-quality raw materials, a priority"},"content":{"rendered":"<div class=\"wp-block-uagb-container uagb-block-92e73a85 alignfull uagb-is-root-container\"><div class=\"uagb-container-inner-blocks-wrap\">\n<div class=\"wp-block-uagb-container uagb-block-49b9f2ca alignfull uagb-is-root-container\"><div class=\"uagb-container-inner-blocks-wrap\">\n<div class=\"wp-block-uagb-container uagb-block-dc33815e\">\n<div class=\"wp-block-uagb-advanced-heading uagb-block-be589e19\"><h2 class=\"uagb-heading-text\">High-quality raw materials, a priority<\/h2><\/div>\n\n\n\n<div class=\"wp-block-group is-content-justification-left is-layout-constrained wp-container-core-group-is-layout-3571b7b6 wp-block-group-is-layout-constrained\">\n<p style=\"font-size:16px\">We don't just use a label to obtain the best finished products. We pay close attention to the quality of our raw materials. Our entire range is certified organic, and all our products systematically undergo a second analysis by an independent laboratory based in Switzerland. This laboratory checks more than 400 chemical molecules, and the analyses are freely available to all our customers.<\/p>\n\n\n\n<div class=\"wp-block-uagb-advanced-heading uagb-block-078d86b1\"><h3 class=\"uagb-heading-text\">Our aim is to achieve the highest quality standards for our products and services.<\/h3><\/div>\n\n\n<style>.wp-block-kadence-advancedbtn.kt-btns1286_b23a89-b0, .site .entry-content .wp-block-kadence-advancedbtn.kt-btns1286_b23a89-b0, .wp-block-kadence-advancedbtn.kb-btns1286_b23a89-b0, .site .entry-content .wp-block-kadence-advancedbtn.kb-btns1286_b23a89-b0{margin-top:80px;}.wp-block-kadence-advancedbtn.kb-btns1286_b23a89-b0{gap:var(--global-kb-gap-xs, 0.5rem );justify-content:flex-start;align-items:center;}.kt-btns1286_b23a89-b0 .kt-button{font-weight:normal;font-style:normal;}.kt-btns1286_b23a89-b0 .kt-btn-wrap-0{margin-right:5px;}.wp-block-kadence-advancedbtn.kt-btns1286_b23a89-b0 .kt-btn-wrap-0 .kt-button{color:#555555;border-color:#555555;}.wp-block-kadence-advancedbtn.kt-btns1286_b23a89-b0 .kt-btn-wrap-0 .kt-button:hover, .wp-block-kadence-advancedbtn.kt-btns1286_b23a89-b0 .kt-btn-wrap-0 .kt-button:focus{color:#ffffff;border-color:#444444;}.wp-block-kadence-advancedbtn.kt-btns1286_b23a89-b0 .kt-btn-wrap-0 .kt-button::before{display:none;}.wp-block-kadence-advancedbtn.kt-btns1286_b23a89-b0 .kt-btn-wrap-0 .kt-button:hover, .wp-block-kadence-advancedbtn.kt-btns1286_b23a89-b0 .kt-btn-wrap-0 .kt-button:focus{background:#444444;}@media all and (max-width: 767px){.wp-block-kadence-advancedbtn.kt-btns1286_b23a89-b0, .site .entry-content .wp-block-kadence-advancedbtn.kt-btns1286_b23a89-b0, .wp-block-kadence-advancedbtn.kb-btns1286_b23a89-b0, .site .entry-content .wp-block-kadence-advancedbtn.kb-btns1286_b23a89-b0{margin-top:0px;}}<\/style>\n<div class=\"wp-block-kadence-advancedbtn kb-buttons-wrap kb-btns1286_b23a89-b0\"><style>ul.menu .wp-block-kadence-advancedbtn .kb-btn1286_64fd63-ce.kb-button{width:initial;}.wp-block-kadence-advancedbtn .kb-btn1286_64fd63-ce.kb-button{color:var(--ast-global-color-5);background:var(--ast-global-color-0);font-size:26px;line-height:1;font-family:Cormorant;font-weight:400;border-top:1px solid var(--ast-global-color-0);border-right:1px solid var(--ast-global-color-0);border-bottom:1px solid var(--ast-global-color-0);border-left:1px solid var(--ast-global-color-0);padding-top:10px;padding-right:10px;padding-bottom:10px;padding-left:10px;}.wp-block-kadence-advancedbtn .kb-btn1286_64fd63-ce.kb-button:hover, .wp-block-kadence-advancedbtn .kb-btn1286_64fd63-ce.kb-button:focus{color:var(--ast-global-color-0);background:rgba(0,0,0,0);border-top-color:var(--ast-global-color-0);border-top-style:solid;border-right-color:var(--ast-global-color-0);border-right-style:solid;border-bottom-color:var(--ast-global-color-0);border-bottom-style:solid;border-left-color:var(--ast-global-color-0);border-left-style:solid;}@media all and (max-width: 1024px){.wp-block-kadence-advancedbtn .kb-btn1286_64fd63-ce.kb-button{border-top:1px solid var(--ast-global-color-0);border-right:1px solid var(--ast-global-color-0);border-bottom:1px solid var(--ast-global-color-0);border-left:1px solid var(--ast-global-color-0);}}@media all and (max-width: 1024px){.wp-block-kadence-advancedbtn .kb-btn1286_64fd63-ce.kb-button:hover, .wp-block-kadence-advancedbtn .kb-btn1286_64fd63-ce.kb-button:focus{border-top-color:var(--ast-global-color-0);border-top-style:solid;border-right-color:var(--ast-global-color-0);border-right-style:solid;border-bottom-color:var(--ast-global-color-0);border-bottom-style:solid;border-left-color:var(--ast-global-color-0);border-left-style:solid;}}@media all and (max-width: 767px){.wp-block-kadence-advancedbtn .kb-btn1286_64fd63-ce.kb-button{font-size:16px;border-top:1px solid var(--ast-global-color-0);border-right:1px solid var(--ast-global-color-0);border-bottom:1px solid var(--ast-global-color-0);border-left:1px solid var(--ast-global-color-0);padding-top:10px;padding-right:10px;padding-bottom:10px;padding-left:10px;margin-top:24px;}.wp-block-kadence-advancedbtn .kb-btn1286_64fd63-ce.kb-button:hover, .wp-block-kadence-advancedbtn .kb-btn1286_64fd63-ce.kb-button:focus{border-top-color:var(--ast-global-color-0);border-top-style:solid;border-right-color:var(--ast-global-color-0);border-right-style:solid;border-bottom-color:var(--ast-global-color-0);border-bottom-style:solid;border-left-color:var(--ast-global-color-0);border-left-style:solid;}}<\/style><a class=\"kb-button kt-button button kb-btn1286_64fd63-ce kt-btn-size-standard kt-btn-width-type-full kb-btn-global-outline  kt-btn-has-text-true kt-btn-has-svg-false  wp-block-kadence-singlebtn\" href=\"https:\/\/www.pascal-hamour.fr\/en\/collection-signature\/\"><span class=\"kt-btn-inner-text\">Discover the range for professionals<\/span><\/a><\/div>\n<\/div>\n<\/div>\n\n\n\n<div class=\"wp-block-uagb-container uagb-block-a1db4346\">\n<div data-aos= \"fade\" data-aos-duration=\"400\" data-aos-delay=\"0\" data-aos-easing=\"ease\" data-aos-once=\"true\" class=\"wp-block-uagb-image uagb-block-ca0f5407 wp-block-uagb-image--layout-default wp-block-uagb-image--effect-static wp-block-uagb-image--align-none\"><figure class=\"wp-block-uagb-image__figure\"><img decoding=\"async\" srcset=\"https:\/\/www.pascal-hamour.fr\/wp-content\/uploads\/2024\/01\/Image-13.jpg ,https:\/\/www.pascal-hamour.fr\/wp-content\/uploads\/2024\/01\/Image-13.jpg 780w, https:\/\/www.pascal-hamour.fr\/wp-content\/uploads\/2024\/01\/Image-13.jpg 360w\" sizes=\"auto, (max-width: 480px) 150px\" src=\"https:\/\/www.pascal-hamour.fr\/wp-content\/uploads\/2024\/01\/Image-13.jpg\" alt=\"\" class=\"uag-image-1289\" width=\"477\" height=\"372\" title=\"\" loading=\"lazy\"\/><\/figure><\/div>\n<\/div>\n<\/div><\/div>\n\n\n\n<div data-aos= \"fade-left\" data-aos-duration=\"400\" data-aos-delay=\"0\" data-aos-easing=\"ease\" data-aos-once=\"true\" class=\"wp-block-uagb-container uagb-block-d87c1809 alignfull uagb-is-root-container\"><div class=\"uagb-container-inner-blocks-wrap\">\n<div class=\"wp-block-uagb-image uagb-block-ac62e353 wp-block-uagb-image--layout-default wp-block-uagb-image--effect-static wp-block-uagb-image--align-none\"><figure class=\"wp-block-uagb-image__figure\"><img decoding=\"async\" srcset=\"https:\/\/www.pascal-hamour.fr\/wp-content\/uploads\/2024\/01\/Arrow-3.svg ,https:\/\/www.pascal-hamour.fr\/wp-content\/uploads\/2024\/01\/Arrow-3.svg 780w, https:\/\/www.pascal-hamour.fr\/wp-content\/uploads\/2024\/01\/Arrow-3.svg 360w\" sizes=\"auto, (max-width: 480px) 150px\" src=\"https:\/\/www.pascal-hamour.fr\/wp-content\/uploads\/2024\/01\/Arrow-3.svg\" alt=\"\" class=\"uag-image-57941\" width=\"30\" height=\"13\" title=\"\" loading=\"lazy\"\/><\/figure><\/div>\n\n\n\n<div class=\"wp-block-uagb-advanced-heading uagb-block-4fe44298\"><h2 class=\"uagb-heading-text\"><a href=\"https:\/\/www.pascal-hamour.fr\/en\/engagements\/\" data-type=\"page\" data-id=\"1129\">Read all the commitments<\/a><\/h2><\/div>\n<\/div><\/div>\n<\/div><\/div>","protected":false},"excerpt":{"rendered":"<p>La haute qualit\u00e9 des mati\u00e8res premi\u00e8res, une priorit\u00e9 Nous ne nous contentons pas uniquement d\u2019un label pour obtenir les meilleurs [&hellip;]<\/p>\n","protected":false},"author":1,"featured_media":0,"parent":1129,"menu_order":0,"comment_status":"closed","ping_status":"closed","template":"","meta":{"inline_featured_image":false,"_uag_custom_page_level_css":"","site-sidebar-layout":"default","site-content-layout":"","ast-site-content-layout":"default","site-content-style":"default","site-sidebar-style":"default","ast-global-header-display":"","ast-banner-title-visibility":"","ast-main-header-display":"","ast-hfb-above-header-display":"","ast-hfb-below-header-display":"","ast-hfb-mobile-header-display":"","site-post-title":"disabled","ast-breadcrumbs-content":"","ast-featured-img":"","footer-sml-layout":"","ast-disable-related-posts":"","theme-transparent-header-meta":"","adv-header-id-meta":"","stick-header-meta":"","header-above-stick-meta":"","header-main-stick-meta":"","header-below-stick-meta":"","astra-migrate-meta-layouts":"","ast-page-background-enabled":"default","ast-page-background-meta":{"desktop":{"background-color":"var(--ast-global-color-4)","background-image":"","background-repeat":"repeat","background-position":"center center","background-size":"auto","background-attachment":"scroll","background-type":"","background-media":"","overlay-type":"","overlay-color":"","overlay-opacity":"","overlay-gradient":""},"tablet":{"background-color":"","background-image":"","background-repeat":"repeat","background-position":"center center","background-size":"auto","background-attachment":"scroll","background-type":"","background-media":"","overlay-type":"","overlay-color":"","overlay-opacity":"","overlay-gradient":""},"mobile":{"background-color":"","background-image":"","background-repeat":"repeat","background-position":"center center","background-size":"auto","background-attachment":"scroll","background-type":"","background-media":"","overlay-type":"","overlay-color":"","overlay-opacity":"","overlay-gradient":""}},"ast-content-background-meta":{"desktop":{"background-color":"var(--ast-global-color-5)","background-image":"","background-repeat":"repeat","background-position":"center center","background-size":"auto","background-attachment":"scroll","background-type":"","background-media":"","overlay-type":"","overlay-color":"","overlay-opacity":"","overlay-gradient":""},"tablet":{"background-color":"var(--ast-global-color-5)","background-image":"","background-repeat":"repeat","background-position":"center center","background-size":"auto","background-attachment":"scroll","background-type":"","background-media":"","overlay-type":"","overlay-color":"","overlay-opacity":"","overlay-gradient":""},"mobile":{"background-color":"var(--ast-global-color-5)","background-image":"","background-repeat":"repeat","background-position":"center center","background-size":"auto","background-attachment":"scroll","background-type":"","background-media":"","overlay-type":"","overlay-color":"","overlay-opacity":"","overlay-gradient":""}},"footnotes":""},"class_list":["post-1286","page","type-page","status-publish","hentry"],"uagb_featured_image_src":{"full":false,"thumbnail":false,"medium":false,"medium_large":false,"large":false,"1536x1536":false,"2048x2048":false,"trp-custom-language-flag":false,"blog_three":false,"woocommerce_gallery_thumbnail":false,"woocommerce_thumbnail":false,"woocommerce_single":false,"woocommerce_single_gallery":false,"woo_single_gallery_v":false},"uagb_author_info":{"display_name":"Phamour","author_link":"https:\/\/www.pascal-hamour.fr\/en\/author\/91oceaniateabio\/"},"uagb_comment_info":0,"uagb_excerpt":"La haute qualit\u00e9 des mati\u00e8res premi\u00e8res, une priorit\u00e9 Nous ne nous contentons pas uniquement d\u2019un label pour obtenir les meilleurs [&hellip;]","_links":{"self":[{"href":"https:\/\/www.pascal-hamour.fr\/en\/wp-json\/wp\/v2\/pages\/1286","targetHints":{"allow":["GET"]}}],"collection":[{"href":"https:\/\/www.pascal-hamour.fr\/en\/wp-json\/wp\/v2\/pages"}],"about":[{"href":"https:\/\/www.pascal-hamour.fr\/en\/wp-json\/wp\/v2\/types\/page"}],"author":[{"embeddable":true,"href":"https:\/\/www.pascal-hamour.fr\/en\/wp-json\/wp\/v2\/users\/1"}],"replies":[{"embeddable":true,"href":"https:\/\/www.pascal-hamour.fr\/en\/wp-json\/wp\/v2\/comments?post=1286"}],"version-history":[{"count":0,"href":"https:\/\/www.pascal-hamour.fr\/en\/wp-json\/wp\/v2\/pages\/1286\/revisions"}],"up":[{"embeddable":true,"href":"https:\/\/www.pascal-hamour.fr\/en\/wp-json\/wp\/v2\/pages\/1129"}],"wp:attachment":[{"href":"https:\/\/www.pascal-hamour.fr\/en\/wp-json\/wp\/v2\/media?parent=1286"}],"curies":[{"name":"wp","href":"https:\/\/api.w.org\/{rel}","templated":true}]}}