{"id":1329,"date":"2023-10-11T16:05:24","date_gmt":"2023-10-11T16:05:24","guid":{"rendered":"https:\/\/pascalhamour.isacaraujo.com\/?page_id=1329"},"modified":"2024-02-14T17:01:47","modified_gmt":"2024-02-14T17:01:47","slug":"des-sachets-innovants-naturels-et-biodegradables","status":"publish","type":"page","link":"https:\/\/www.pascal-hamour.fr\/en\/engagements\/des-sachets-innovants-naturels-et-biodegradables\/","title":{"rendered":"Innovative, natural and biodegradable sachets"},"content":{"rendered":"<div class=\"wp-block-uagb-container uagb-block-49b9f2ca alignfull uagb-is-root-container\"><div class=\"uagb-container-inner-blocks-wrap\">\n<div class=\"wp-block-uagb-container uagb-block-ae1f890d alignfull uagb-is-root-container\"><div class=\"uagb-container-inner-blocks-wrap\">\n<div class=\"wp-block-uagb-advanced-heading uagb-block-9f1d583b\"><h2 class=\"uagb-heading-text\">Innovative, natural and biodegradable sachets<\/h2><\/div>\n<\/div><\/div>\n\n\n\n<div class=\"wp-block-uagb-container uagb-block-221a6dd7 alignfull uagb-is-root-container\"><div class=\"uagb-container-inner-blocks-wrap\">\n<div class=\"wp-block-uagb-container uagb-block-cb0820fb\">\n<div class=\"wp-block-group is-content-justification-left is-layout-constrained wp-container-core-group-is-layout-3571b7b6 wp-block-group-is-layout-constrained\">\n<p>Our biodegradable PLA bags made from corn starch are a real revolution. Ecological and aesthetic, the technology used by Pascal Hamour\u00ae offers many advantages:<\/p>\n\n\n\n<ul class=\"wp-block-list\">\n<li>The silk-like texture and transparency of the bag make the tea perfectly visible.<\/li>\n\n\n\n<li>The regularity and fineness of the thread preserve the taste and aroma of the tea.<\/li>\n\n\n\n<li>The method of weaving and filling this bag enables whole-leaf teas to be packaged, giving an infusion similar to that of loose tea.<\/li>\n\n\n\n<li>Its pyramid shape also contributes to the best aromatic development of the plants.<\/li>\n\n\n\n<li>The sachet contains a perfectly measured dose for each cup.<\/li>\n<\/ul>\n\n\n\n<div class=\"wp-block-uagb-advanced-heading uagb-block-44ba0661 uag-hide-mob\"><h4 class=\"uagb-heading-text\">A word from Pascal Hamour:<br>\"With the arrival of organic PLA, tea and tea bags are in harmony: taste pleasure, ecology and aesthetics become one! This biodegradable tea bag allows the tea leaf to infuse freely without constraint, with an ideal dosage for each cup.\"<\/h4><\/div>\n<\/div>\n<\/div>\n\n\n\n<div class=\"wp-block-uagb-container uagb-block-837746ad\">\n<div data-aos= \"fade\" data-aos-duration=\"400\" data-aos-delay=\"0\" data-aos-easing=\"ease\" data-aos-once=\"true\" class=\"wp-block-uagb-image uagb-block-6af46cdc wp-block-uagb-image--layout-default wp-block-uagb-image--effect-static wp-block-uagb-image--align-none\"><figure class=\"wp-block-uagb-image__figure\"><img decoding=\"async\" srcset=\"https:\/\/www.pascal-hamour.fr\/wp-content\/uploads\/2024\/01\/sd-thenoir-vanille-1.png ,https:\/\/www.pascal-hamour.fr\/wp-content\/uploads\/2024\/01\/sd-thenoir-vanille-1.png 780w, https:\/\/www.pascal-hamour.fr\/wp-content\/uploads\/2024\/01\/sd-thenoir-vanille-1.png 360w\" sizes=\"auto, (max-width: 480px) 150px\" src=\"https:\/\/www.pascal-hamour.fr\/wp-content\/uploads\/2024\/01\/sd-thenoir-vanille-1.png\" alt=\"\" class=\"uag-image-57939\" width=\"584\" height=\"761\" title=\"\" loading=\"lazy\"\/><\/figure><\/div>\n<\/div>\n<\/div><\/div>\n\n\n\n<div data-aos= \"fade\" data-aos-duration=\"400\" data-aos-delay=\"0\" data-aos-easing=\"ease\" data-aos-once=\"true\" class=\"wp-block-uagb-container uag-hide-desktop uag-hide-tab uagb-block-0bc76430 alignfull uagb-is-root-container\">\n<div class=\"wp-block-uagb-container uag-hide-mob uagb-block-3724ef9a\"><\/div>\n\n\n\n<div class=\"wp-block-uagb-container uag-hide-desktop uag-hide-tab uagb-block-d600e249\">\n<div class=\"wp-block-uagb-advanced-heading uagb-block-a6c181d6\"><h4 class=\"uagb-heading-text\">A word from Pascal Hamour:<br>\"With the arrival of organic PLA, tea and tea bags are in harmony: taste pleasure, ecology and aesthetics become one! This biodegradable tea bag allows the tea leaf to infuse freely without constraint, with an ideal dosage for each cup.\"<\/h4><\/div>\n<\/div>\n<\/div>\n\n\n\n<div data-aos= \"fade-left\" data-aos-duration=\"400\" data-aos-delay=\"0\" data-aos-easing=\"ease\" data-aos-once=\"true\" class=\"wp-block-uagb-container uagb-block-d87c1809 alignfull uagb-is-root-container\"><div class=\"uagb-container-inner-blocks-wrap\">\n<div class=\"wp-block-uagb-image uagb-block-ac62e353 wp-block-uagb-image--layout-default wp-block-uagb-image--effect-static wp-block-uagb-image--align-none\"><figure class=\"wp-block-uagb-image__figure\"><img decoding=\"async\" srcset=\"https:\/\/www.pascal-hamour.fr\/wp-content\/uploads\/2024\/01\/Arrow-3.svg ,https:\/\/www.pascal-hamour.fr\/wp-content\/uploads\/2024\/01\/Arrow-3.svg 780w, https:\/\/www.pascal-hamour.fr\/wp-content\/uploads\/2024\/01\/Arrow-3.svg 360w\" sizes=\"auto, (max-width: 480px) 150px\" src=\"https:\/\/www.pascal-hamour.fr\/wp-content\/uploads\/2024\/01\/Arrow-3.svg\" alt=\"\" class=\"uag-image-57941\" width=\"30\" height=\"13\" title=\"\" loading=\"lazy\"\/><\/figure><\/div>\n\n\n\n<div class=\"wp-block-uagb-advanced-heading uagb-block-4fe44298\"><h2 class=\"uagb-heading-text\"><a href=\"https:\/\/www.pascal-hamour.fr\/en\/engagements\/\" data-type=\"page\" data-id=\"1129\">Read all the commitments<\/a><\/h2><\/div>\n<\/div><\/div>\n<\/div><\/div>","protected":false},"excerpt":{"rendered":"<p>Des sachets innovants, naturels et biod\u00e9gradables Nos sachets biod\u00e9gradables en PLA \u00e0 base d\u2019amidon de ma\u00efs sont une v\u00e9ritable r\u00e9volution. [&hellip;]<\/p>\n","protected":false},"author":1,"featured_media":0,"parent":1129,"menu_order":0,"comment_status":"closed","ping_status":"closed","template":"","meta":{"inline_featured_image":false,"_uag_custom_page_level_css":"","site-sidebar-layout":"default","site-content-layout":"","ast-site-content-layout":"default","site-content-style":"default","site-sidebar-style":"default","ast-global-header-display":"","ast-banner-title-visibility":"","ast-main-header-display":"","ast-hfb-above-header-display":"","ast-hfb-below-header-display":"","ast-hfb-mobile-header-display":"","site-post-title":"disabled","ast-breadcrumbs-content":"","ast-featured-img":"","footer-sml-layout":"","ast-disable-related-posts":"","theme-transparent-header-meta":"","adv-header-id-meta":"","stick-header-meta":"","header-above-stick-meta":"","header-main-stick-meta":"","header-below-stick-meta":"","astra-migrate-meta-layouts":"","ast-page-background-enabled":"default","ast-page-background-meta":{"desktop":{"background-color":"var(--ast-global-color-4)","background-image":"","background-repeat":"repeat","background-position":"center center","background-size":"auto","background-attachment":"scroll","background-type":"","background-media":"","overlay-type":"","overlay-color":"","overlay-opacity":"","overlay-gradient":""},"tablet":{"background-color":"","background-image":"","background-repeat":"repeat","background-position":"center center","background-size":"auto","background-attachment":"scroll","background-type":"","background-media":"","overlay-type":"","overlay-color":"","overlay-opacity":"","overlay-gradient":""},"mobile":{"background-color":"","background-image":"","background-repeat":"repeat","background-position":"center center","background-size":"auto","background-attachment":"scroll","background-type":"","background-media":"","overlay-type":"","overlay-color":"","overlay-opacity":"","overlay-gradient":""}},"ast-content-background-meta":{"desktop":{"background-color":"var(--ast-global-color-5)","background-image":"","background-repeat":"repeat","background-position":"center center","background-size":"auto","background-attachment":"scroll","background-type":"","background-media":"","overlay-type":"","overlay-color":"","overlay-opacity":"","overlay-gradient":""},"tablet":{"background-color":"var(--ast-global-color-5)","background-image":"","background-repeat":"repeat","background-position":"center center","background-size":"auto","background-attachment":"scroll","background-type":"","background-media":"","overlay-type":"","overlay-color":"","overlay-opacity":"","overlay-gradient":""},"mobile":{"background-color":"var(--ast-global-color-5)","background-image":"","background-repeat":"repeat","background-position":"center center","background-size":"auto","background-attachment":"scroll","background-type":"","background-media":"","overlay-type":"","overlay-color":"","overlay-opacity":"","overlay-gradient":""}},"footnotes":""},"class_list":["post-1329","page","type-page","status-publish","hentry"],"uagb_featured_image_src":{"full":false,"thumbnail":false,"medium":false,"medium_large":false,"large":false,"1536x1536":false,"2048x2048":false,"trp-custom-language-flag":false,"blog_three":false,"woocommerce_gallery_thumbnail":false,"woocommerce_thumbnail":false,"woocommerce_single":false,"woocommerce_single_gallery":false,"woo_single_gallery_v":false},"uagb_author_info":{"display_name":"Phamour","author_link":"https:\/\/www.pascal-hamour.fr\/en\/author\/91oceaniateabio\/"},"uagb_comment_info":0,"uagb_excerpt":"Des sachets innovants, naturels et biod\u00e9gradables Nos sachets biod\u00e9gradables en PLA \u00e0 base d\u2019amidon de ma\u00efs sont une v\u00e9ritable r\u00e9volution. [&hellip;]","_links":{"self":[{"href":"https:\/\/www.pascal-hamour.fr\/en\/wp-json\/wp\/v2\/pages\/1329","targetHints":{"allow":["GET"]}}],"collection":[{"href":"https:\/\/www.pascal-hamour.fr\/en\/wp-json\/wp\/v2\/pages"}],"about":[{"href":"https:\/\/www.pascal-hamour.fr\/en\/wp-json\/wp\/v2\/types\/page"}],"author":[{"embeddable":true,"href":"https:\/\/www.pascal-hamour.fr\/en\/wp-json\/wp\/v2\/users\/1"}],"replies":[{"embeddable":true,"href":"https:\/\/www.pascal-hamour.fr\/en\/wp-json\/wp\/v2\/comments?post=1329"}],"version-history":[{"count":0,"href":"https:\/\/www.pascal-hamour.fr\/en\/wp-json\/wp\/v2\/pages\/1329\/revisions"}],"up":[{"embeddable":true,"href":"https:\/\/www.pascal-hamour.fr\/en\/wp-json\/wp\/v2\/pages\/1129"}],"wp:attachment":[{"href":"https:\/\/www.pascal-hamour.fr\/en\/wp-json\/wp\/v2\/media?parent=1329"}],"curies":[{"name":"wp","href":"https:\/\/api.w.org\/{rel}","templated":true}]}}