{"id":1380,"date":"2023-10-11T16:35:40","date_gmt":"2023-10-11T16:35:40","guid":{"rendered":"https:\/\/pascalhamour.isacaraujo.com\/?page_id=1380"},"modified":"2024-02-14T17:04:43","modified_gmt":"2024-02-14T17:04:43","slug":"un-ecosysteme-humain-responsable","status":"publish","type":"page","link":"https:\/\/www.pascal-hamour.fr\/en\/engagements\/un-ecosysteme-humain-responsable\/","title":{"rendered":"A responsible human ecosystem"},"content":{"rendered":"<div class=\"wp-block-uagb-container uagb-block-49b9f2ca alignfull uagb-is-root-container\"><div class=\"uagb-container-inner-blocks-wrap\">\n<div class=\"wp-block-uagb-container uagb-block-ae1f890d alignfull uagb-is-root-container\"><div class=\"uagb-container-inner-blocks-wrap\">\n<div class=\"wp-block-uagb-advanced-heading uagb-block-9f1d583b\"><h2 class=\"uagb-heading-text\">A responsible human ecosystem<\/h2><\/div>\n<\/div><\/div>\n\n\n\n<div class=\"wp-block-uagb-container uagb-block-221a6dd7 alignfull uagb-is-root-container\"><div class=\"uagb-container-inner-blocks-wrap\">\n<div class=\"wp-block-uagb-container uagb-block-cb0820fb\">\n<div class=\"wp-block-group is-content-justification-left is-layout-constrained wp-container-core-group-is-layout-9aa75533 wp-block-group-is-layout-constrained\">\n<div class=\"wp-block-uagb-advanced-heading uagb-block-5eee52ff\"><h2 class=\"uagb-heading-text\">Consumers<\/h2><p class=\"uagb-desc-text\">Our primary focus is on our consumers, to anticipate, understand and meet their needs. All in all, a great tasting experience.<\/p><\/div>\n\n\n\n<div class=\"wp-block-uagb-advanced-heading uagb-block-ee86d1cd\"><h2 class=\"uagb-heading-text\">Pascal Hamour teams<\/h2><p class=\"uagb-desc-text\">We wanted to put together a team of people who were specialists in different fields, with a wide range of expertise, so that we could surround ourselves with all the necessary skills.<\/p><\/div>\n\n\n\n<div class=\"wp-block-uagb-advanced-heading uagb-block-46a5dc83\"><h2 class=\"uagb-heading-text\">Partners<\/h2><p class=\"uagb-desc-text\">We are committed to building constructive, creative and professional relationships with all our partners.<\/p><\/div>\n<\/div>\n<\/div>\n\n\n\n<div class=\"wp-block-uagb-container uagb-block-837746ad\">\n<div data-aos= \"fade\" data-aos-duration=\"400\" data-aos-delay=\"0\" data-aos-easing=\"ease\" data-aos-once=\"true\" class=\"wp-block-uagb-image uagb-block-340c9baa wp-block-uagb-image--layout-default wp-block-uagb-image--effect-static wp-block-uagb-image--align-none\"><figure class=\"wp-block-uagb-image__figure\"><img decoding=\"async\" srcset=\"https:\/\/www.pascal-hamour.fr\/wp-content\/uploads\/2024\/01\/Image-17.jpg ,https:\/\/www.pascal-hamour.fr\/wp-content\/uploads\/2024\/01\/Image-17.jpg 780w, https:\/\/www.pascal-hamour.fr\/wp-content\/uploads\/2024\/01\/Image-17.jpg 360w\" sizes=\"auto, (max-width: 480px) 150px\" src=\"https:\/\/www.pascal-hamour.fr\/wp-content\/uploads\/2024\/01\/Image-17.jpg\" alt=\"\" class=\"uag-image-1383\" width=\"478\" height=\"492\" title=\"\" loading=\"lazy\"\/><\/figure><\/div>\n<\/div>\n<\/div><\/div>\n\n\n\n<div data-aos= \"fade-left\" data-aos-duration=\"400\" data-aos-delay=\"0\" data-aos-easing=\"ease\" data-aos-once=\"true\" class=\"wp-block-uagb-container uagb-block-d87c1809 alignfull uagb-is-root-container\"><div class=\"uagb-container-inner-blocks-wrap\">\n<div class=\"wp-block-uagb-image uagb-block-ac62e353 wp-block-uagb-image--layout-default wp-block-uagb-image--effect-static wp-block-uagb-image--align-none\"><figure class=\"wp-block-uagb-image__figure\"><img decoding=\"async\" srcset=\"https:\/\/www.pascal-hamour.fr\/wp-content\/uploads\/2024\/01\/Arrow-3.svg ,https:\/\/www.pascal-hamour.fr\/wp-content\/uploads\/2024\/01\/Arrow-3.svg 780w, https:\/\/www.pascal-hamour.fr\/wp-content\/uploads\/2024\/01\/Arrow-3.svg 360w\" sizes=\"auto, (max-width: 480px) 150px\" src=\"https:\/\/www.pascal-hamour.fr\/wp-content\/uploads\/2024\/01\/Arrow-3.svg\" alt=\"\" class=\"uag-image-57941\" width=\"30\" height=\"13\" title=\"\" loading=\"lazy\"\/><\/figure><\/div>\n\n\n\n<div class=\"wp-block-uagb-advanced-heading uagb-block-4fe44298\"><h2 class=\"uagb-heading-text\"><a href=\"https:\/\/www.pascal-hamour.fr\/en\/engagements\/\" data-type=\"page\" data-id=\"1129\">Read all the commitments<\/a><\/h2><\/div>\n<\/div><\/div>\n<\/div><\/div>","protected":false},"excerpt":{"rendered":"<p>Un \u00e9cosyst\u00e8me humain responsable Consommateurs Notre premi\u00e8re attention se porte sur nos consommateurs afin d\u2019anticiper, de comprendre et de satisfaire [&hellip;]<\/p>\n","protected":false},"author":1,"featured_media":0,"parent":1129,"menu_order":0,"comment_status":"closed","ping_status":"closed","template":"","meta":{"inline_featured_image":false,"_uag_custom_page_level_css":"","site-sidebar-layout":"default","site-content-layout":"","ast-site-content-layout":"default","site-content-style":"default","site-sidebar-style":"default","ast-global-header-display":"","ast-banner-title-visibility":"","ast-main-header-display":"","ast-hfb-above-header-display":"","ast-hfb-below-header-display":"","ast-hfb-mobile-header-display":"","site-post-title":"disabled","ast-breadcrumbs-content":"","ast-featured-img":"","footer-sml-layout":"","ast-disable-related-posts":"","theme-transparent-header-meta":"","adv-header-id-meta":"","stick-header-meta":"","header-above-stick-meta":"","header-main-stick-meta":"","header-below-stick-meta":"","astra-migrate-meta-layouts":"","ast-page-background-enabled":"default","ast-page-background-meta":{"desktop":{"background-color":"var(--ast-global-color-4)","background-image":"","background-repeat":"repeat","background-position":"center center","background-size":"auto","background-attachment":"scroll","background-type":"","background-media":"","overlay-type":"","overlay-color":"","overlay-opacity":"","overlay-gradient":""},"tablet":{"background-color":"","background-image":"","background-repeat":"repeat","background-position":"center center","background-size":"auto","background-attachment":"scroll","background-type":"","background-media":"","overlay-type":"","overlay-color":"","overlay-opacity":"","overlay-gradient":""},"mobile":{"background-color":"","background-image":"","background-repeat":"repeat","background-position":"center center","background-size":"auto","background-attachment":"scroll","background-type":"","background-media":"","overlay-type":"","overlay-color":"","overlay-opacity":"","overlay-gradient":""}},"ast-content-background-meta":{"desktop":{"background-color":"var(--ast-global-color-5)","background-image":"","background-repeat":"repeat","background-position":"center center","background-size":"auto","background-attachment":"scroll","background-type":"","background-media":"","overlay-type":"","overlay-color":"","overlay-opacity":"","overlay-gradient":""},"tablet":{"background-color":"var(--ast-global-color-5)","background-image":"","background-repeat":"repeat","background-position":"center center","background-size":"auto","background-attachment":"scroll","background-type":"","background-media":"","overlay-type":"","overlay-color":"","overlay-opacity":"","overlay-gradient":""},"mobile":{"background-color":"var(--ast-global-color-5)","background-image":"","background-repeat":"repeat","background-position":"center center","background-size":"auto","background-attachment":"scroll","background-type":"","background-media":"","overlay-type":"","overlay-color":"","overlay-opacity":"","overlay-gradient":""}},"footnotes":""},"class_list":["post-1380","page","type-page","status-publish","hentry"],"uagb_featured_image_src":{"full":false,"thumbnail":false,"medium":false,"medium_large":false,"large":false,"1536x1536":false,"2048x2048":false,"trp-custom-language-flag":false,"blog_three":false,"woocommerce_gallery_thumbnail":false,"woocommerce_thumbnail":false,"woocommerce_single":false,"woocommerce_single_gallery":false,"woo_single_gallery_v":false},"uagb_author_info":{"display_name":"Phamour","author_link":"https:\/\/www.pascal-hamour.fr\/en\/author\/91oceaniateabio\/"},"uagb_comment_info":0,"uagb_excerpt":"Un \u00e9cosyst\u00e8me humain responsable Consommateurs Notre premi\u00e8re attention se porte sur nos consommateurs afin d\u2019anticiper, de comprendre et de satisfaire [&hellip;]","_links":{"self":[{"href":"https:\/\/www.pascal-hamour.fr\/en\/wp-json\/wp\/v2\/pages\/1380","targetHints":{"allow":["GET"]}}],"collection":[{"href":"https:\/\/www.pascal-hamour.fr\/en\/wp-json\/wp\/v2\/pages"}],"about":[{"href":"https:\/\/www.pascal-hamour.fr\/en\/wp-json\/wp\/v2\/types\/page"}],"author":[{"embeddable":true,"href":"https:\/\/www.pascal-hamour.fr\/en\/wp-json\/wp\/v2\/users\/1"}],"replies":[{"embeddable":true,"href":"https:\/\/www.pascal-hamour.fr\/en\/wp-json\/wp\/v2\/comments?post=1380"}],"version-history":[{"count":0,"href":"https:\/\/www.pascal-hamour.fr\/en\/wp-json\/wp\/v2\/pages\/1380\/revisions"}],"up":[{"embeddable":true,"href":"https:\/\/www.pascal-hamour.fr\/en\/wp-json\/wp\/v2\/pages\/1129"}],"wp:attachment":[{"href":"https:\/\/www.pascal-hamour.fr\/en\/wp-json\/wp\/v2\/media?parent=1380"}],"curies":[{"name":"wp","href":"https:\/\/api.w.org\/{rel}","templated":true}]}}