{"id":1678,"date":"2023-10-12T16:50:08","date_gmt":"2023-10-12T16:50:08","guid":{"rendered":"https:\/\/pascalhamour.isacaraujo.com\/?page_id=1678"},"modified":"2024-02-14T14:15:00","modified_gmt":"2024-02-14T14:15:00","slug":"consommation-et-preparation","status":"publish","type":"page","link":"https:\/\/www.pascal-hamour.fr\/en\/secrets-du-the\/consommation-et-preparation\/","title":{"rendered":"Consumption and preparation"},"content":{"rendered":"<div class=\"wp-block-uagb-container uagb-block-e3b5d428 alignfull uagb-is-root-container\"><div class=\"uagb-container-inner-blocks-wrap\">\n<div class=\"wp-block-uagb-container uagb-block-341fea9f\">\n<div class=\"wp-block-uagb-advanced-heading uagb-block-db73af44\"><h2 class=\"uagb-heading-text\">Consumption and preparation<\/h2><\/div>\n<\/div>\n\n\n\n<div class=\"wp-block-uagb-advanced-heading uagb-block-8164fb22\"><h3 class=\"uagb-heading-text\">5-step preparation secrets<\/h3><\/div>\n\n\n\n<div class=\"wp-block-group is-content-justification-left is-layout-constrained wp-container-core-group-is-layout-399214f9 wp-block-group-is-layout-constrained\">\n<p class=\"has-ast-global-color-0-color has-text-color\">Since its birth, tea has been prepared in a thousand and one ways. Here are a few tips on how to prepare it perfectly:<\/p>\n<\/div>\n\n\n\n<div class=\"wp-block-uagb-container uagb-block-ffc70a50\">\n<div data-aos= \"fade\" data-aos-duration=\"400\" data-aos-delay=\"0\" data-aos-easing=\"ease\" data-aos-once=\"true\" class=\"wp-block-uagb-container uagb-block-ecd223ba\">\n<div class=\"wp-block-uagb-advanced-heading uagb-block-d6d28700\"><h2 class=\"uagb-heading-text\">Step 2<\/h2><\/div>\n\n\n\n<div class=\"wp-block-group is-content-justification-left is-layout-constrained wp-container-core-group-is-layout-f4de4a85 wp-block-group-is-layout-constrained\">\n<p class=\"has-ast-global-color-0-color has-text-color\">Respect the infusion times: between 3 and 5 minutes on average.<\/p>\n<\/div>\n<\/div>\n\n\n\n<div data-aos= \"fade\" data-aos-duration=\"400\" data-aos-delay=\"0\" data-aos-easing=\"ease\" data-aos-once=\"true\" class=\"wp-block-uagb-container uagb-block-4055cae5\">\n<div class=\"wp-block-uagb-advanced-heading uagb-block-74b146bb\"><h2 class=\"uagb-heading-text\">Step 1<\/h2><\/div>\n\n\n\n<div class=\"wp-block-group is-content-justification-left is-layout-constrained wp-container-core-group-is-layout-f209a4b0 wp-block-group-is-layout-constrained\" style=\"margin-top:0;margin-bottom:0;padding-top:0;padding-right:0;padding-bottom:0;padding-left:0\">\n<p class=\"has-ast-global-color-0-color has-text-color\">Pour the water over the tea at between 70 and 95\u00b0C, depending on the variety: it must not boil.<\/p>\n<\/div>\n\n\n\n<div class=\"wp-block-uagb-container uagb-block-ba138ce9\">\n<div class=\"wp-block-uagb-image uagb-block-48698a4b wp-block-uagb-image--layout-default wp-block-uagb-image--effect-static wp-block-uagb-image--align-none\"><figure class=\"wp-block-uagb-image__figure\"><img decoding=\"async\" srcset=\"https:\/\/www.pascal-hamour.fr\/wp-content\/uploads\/2024\/01\/received_744519489927994-2.jpg ,https:\/\/www.pascal-hamour.fr\/wp-content\/uploads\/2024\/01\/received_744519489927994-2.jpg 780w, https:\/\/www.pascal-hamour.fr\/wp-content\/uploads\/2024\/01\/received_744519489927994-2.jpg 360w\" sizes=\"auto, (max-width: 480px) 150px\" src=\"https:\/\/www.pascal-hamour.fr\/wp-content\/uploads\/2024\/01\/received_744519489927994-2.jpg\" alt=\"\" class=\"uag-image-1685\" width=\"580\" height=\"386\" title=\"\" loading=\"lazy\"\/><\/figure><\/div>\n<\/div>\n<\/div>\n<\/div>\n\n\n\n<div data-aos= \"fade\" data-aos-duration=\"400\" data-aos-delay=\"0\" data-aos-easing=\"ease\" data-aos-once=\"true\" class=\"wp-block-uagb-container uagb-block-b9f215a0\">\n<div class=\"wp-block-uagb-container uagb-block-a92840f2\">\n<div class=\"wp-block-uagb-container uagb-block-ff52566c\">\n<div class=\"wp-block-uagb-image uagb-block-85855f45 wp-block-uagb-image--layout-default wp-block-uagb-image--effect-static wp-block-uagb-image--align-none\"><figure class=\"wp-block-uagb-image__figure\"><img decoding=\"async\" srcset=\"https:\/\/www.pascal-hamour.fr\/wp-content\/uploads\/2024\/01\/received_897362057887396-2.jpg ,https:\/\/www.pascal-hamour.fr\/wp-content\/uploads\/2024\/01\/received_897362057887396-2.jpg 780w, https:\/\/www.pascal-hamour.fr\/wp-content\/uploads\/2024\/01\/received_897362057887396-2.jpg 360w\" sizes=\"auto, (max-width: 480px) 150px\" src=\"https:\/\/www.pascal-hamour.fr\/wp-content\/uploads\/2024\/01\/received_897362057887396-2.jpg\" alt=\"\" class=\"uag-image-1692\" width=\"374\" height=\"305\" title=\"\" loading=\"lazy\"\/><\/figure><\/div>\n<\/div>\n<\/div>\n\n\n\n<div class=\"wp-block-uagb-container uagb-block-1b203cdd\">\n<div class=\"wp-block-uagb-advanced-heading uagb-block-1e7a4c1c\"><h2 class=\"uagb-heading-text\">Step 3<\/h2><\/div>\n\n\n\n<div class=\"wp-block-group is-content-justification-left is-layout-constrained wp-container-core-group-is-layout-21bdf163 wp-block-group-is-layout-constrained\">\n<p class=\"has-ast-global-color-0-color has-text-color\">Use water with as little limescale as possible: brewing will be easier and you'll protect your utensils.<\/p>\n<\/div>\n<\/div>\n<\/div>\n\n\n\n<div data-aos= \"fade\" data-aos-duration=\"400\" data-aos-delay=\"0\" data-aos-easing=\"ease\" data-aos-once=\"true\" class=\"wp-block-uagb-container uagb-block-f8550958\">\n<div class=\"wp-block-uagb-container uagb-block-21918490\">\n<div class=\"wp-block-uagb-container uagb-block-25b304df\">\n<div class=\"wp-block-uagb-advanced-heading uagb-block-40a06e2a\"><h2 class=\"uagb-heading-text\">Step 4<\/h2><\/div>\n\n\n\n<div class=\"wp-block-group is-content-justification-left is-layout-constrained wp-container-core-group-is-layout-f4de4a85 wp-block-group-is-layout-constrained\">\n<p class=\"has-ast-global-color-0-color has-text-color\">For tea bags: stir with a spoon before serving.<\/p>\n<\/div>\n<\/div>\n\n\n\n<div class=\"wp-block-uagb-container uag-hide-mob uagb-block-0db0ecc9\"><\/div>\n<\/div>\n\n\n\n<div class=\"wp-block-uagb-container uagb-block-802d3c32\">\n<div class=\"wp-block-uagb-container uag-hide-mob uagb-block-8d37b3e4\"><\/div>\n\n\n\n<div class=\"wp-block-uagb-container uagb-block-8825448e\">\n<div class=\"wp-block-uagb-advanced-heading uagb-block-a4eff524\"><h2 class=\"uagb-heading-text\">Step 5<\/h2><\/div>\n\n\n\n<div class=\"wp-block-group is-content-justification-left is-layout-constrained wp-container-core-group-is-layout-21bdf163 wp-block-group-is-layout-constrained\">\n<p class=\"has-ast-global-color-0-color has-text-color translation-block\">To measure out loose tea: ideally, use around 2 grams for 200 to 250ml of water.<\/p>\n<\/div>\n<\/div>\n<\/div>\n<\/div>\n<\/div><\/div>\n\n\n\n<div data-aos= \"fade\" data-aos-duration=\"400\" data-aos-delay=\"0\" data-aos-easing=\"ease\" data-aos-once=\"true\" class=\"wp-block-uagb-container uagb-block-04795788 alignfull uagb-is-root-container\"><div class=\"uagb-container-inner-blocks-wrap\"><\/div><\/div>\n\n\n\n<div data-aos= \"fade\" data-aos-duration=\"400\" data-aos-delay=\"0\" data-aos-easing=\"ease\" data-aos-once=\"true\" class=\"wp-block-uagb-container uagb-block-bc8060bd alignfull uagb-is-root-container\"><div class=\"uagb-container-inner-blocks-wrap\">\n<div class=\"wp-block-uagb-container uagb-block-00974669\">\n<div class=\"wp-block-uagb-advanced-heading uagb-block-24ea7845 uag-hide-mob\"><h2 class=\"uagb-heading-text\">Each crop has its own preparation secrets<\/h2><\/div>\n\n\n\n<div class=\"wp-block-uagb-advanced-heading uagb-block-9be90ade uag-hide-desktop uag-hide-tab\"><h2 class=\"uagb-heading-text\">Each crop has its own preparation secrets<\/h2><\/div>\n<\/div>\n\n\n\n<div class=\"wp-block-uagb-container uagb-block-ea0cebd9\">\n<div class=\"wp-block-uagb-container uagb-block-3130aab9\">\n<p class=\"has-ast-global-color-0-color has-text-color\">In the Maghreb, for example, tea is served very high to froth it up. This is a way of reoxygenating it so that it is more easily assimilated by the intestine.<\/p>\n<\/div>\n<\/div>\n\n\n\n<div class=\"wp-block-uagb-container uagb-block-77ca04b5\">\n<div class=\"wp-block-uagb-container uagb-block-b69777fa\"><\/div>\n\n\n\n<div class=\"wp-block-uagb-container uagb-block-6f378568\">\n<p class=\"has-ast-global-color-0-color has-text-color\">In many countries, teapots and cups are rinsed with boiling water before making tea. This is a great way of preparing the utensils, heating them up to help the tea brew better.<\/p>\n<\/div>\n<\/div>\n\n\n\n<div class=\"wp-block-uagb-container uagb-block-35a8367e alignfull uagb-is-root-container\"><div class=\"uagb-container-inner-blocks-wrap\">\n<div class=\"wp-block-uagb-container uagb-block-2e304c79\">\n<div class=\"wp-block-uagb-image uagb-block-62bff7e1 wp-block-uagb-image--layout-default wp-block-uagb-image--effect-static wp-block-uagb-image--align-none uag-hide-mob\"><figure class=\"wp-block-uagb-image__figure\"><img decoding=\"async\" srcset=\"https:\/\/www.pascal-hamour.fr\/wp-content\/uploads\/2024\/01\/VBPH-romancea-b-1-2.jpg ,https:\/\/www.pascal-hamour.fr\/wp-content\/uploads\/2024\/01\/VBPH-romancea-b-1-2.jpg 780w, https:\/\/www.pascal-hamour.fr\/wp-content\/uploads\/2024\/01\/VBPH-romancea-b-1-2.jpg 360w\" sizes=\"auto, (max-width: 480px) 150px\" src=\"https:\/\/www.pascal-hamour.fr\/wp-content\/uploads\/2024\/01\/VBPH-romancea-b-1-2.jpg\" alt=\"\" class=\"uag-image-1719\" width=\"580\" height=\"305\" title=\"\" loading=\"lazy\"\/><\/figure><\/div>\n\n\n\n<div class=\"wp-block-uagb-image alignfull uagb-block-2de5c555 wp-block-uagb-image--layout-default wp-block-uagb-image--effect-static wp-block-uagb-image--align-full uag-hide-desktop uag-hide-tab\"><figure class=\"wp-block-uagb-image__figure\"><img decoding=\"async\" srcset=\"https:\/\/www.pascal-hamour.fr\/wp-content\/uploads\/2024\/01\/VBPH-romancea-b-1-2.jpg ,https:\/\/www.pascal-hamour.fr\/wp-content\/uploads\/2024\/01\/VBPH-romancea-b-1-2.jpg 780w, https:\/\/www.pascal-hamour.fr\/wp-content\/uploads\/2024\/01\/VBPH-romancea-b-1-2.jpg 360w\" sizes=\"auto, (max-width: 480px) 150px\" src=\"https:\/\/www.pascal-hamour.fr\/wp-content\/uploads\/2024\/01\/VBPH-romancea-b-1-2.jpg\" alt=\"\" class=\"uag-image-1719\" width=\"580\" height=\"305\" title=\"\" loading=\"lazy\"\/><\/figure><\/div>\n<\/div>\n\n\n\n<div class=\"wp-block-uagb-container uagb-block-0ea108bc\">\n<div class=\"wp-block-uagb-container uagb-block-cb1ccf18\">\n<div data-aos= \"fade-down\" data-aos-duration=\"400\" data-aos-delay=\"0\" data-aos-easing=\"ease\" data-aos-once=\"true\" class=\"wp-block-uagb-image uagb-block-bab4ddbb wp-block-uagb-image--layout-default wp-block-uagb-image--effect-static wp-block-uagb-image--align-none\"><figure class=\"wp-block-uagb-image__figure\"><img decoding=\"async\" srcset=\"https:\/\/www.pascal-hamour.fr\/wp-content\/uploads\/2024\/01\/VBPH-romancea-b2-2.jpg ,https:\/\/www.pascal-hamour.fr\/wp-content\/uploads\/2024\/01\/VBPH-romancea-b2-2.jpg 780w, https:\/\/www.pascal-hamour.fr\/wp-content\/uploads\/2024\/01\/VBPH-romancea-b2-2.jpg 360w\" sizes=\"auto, (max-width: 480px) 150px\" src=\"https:\/\/www.pascal-hamour.fr\/wp-content\/uploads\/2024\/01\/VBPH-romancea-b2-2.jpg\" alt=\"\" class=\"uag-image-1720\" width=\"373\" height=\"269\" title=\"\" loading=\"lazy\"\/><\/figure><\/div>\n<\/div>\n<\/div>\n<\/div><\/div>\n<\/div><\/div>\n\n\n\n<div class=\"wp-block-uagb-container uag-hide-mob uagb-block-009f6518 alignfull uagb-is-root-container\"><div class=\"uagb-container-inner-blocks-wrap\">\n<div data-aos= \"fade\" data-aos-duration=\"400\" data-aos-delay=\"0\" data-aos-easing=\"ease\" data-aos-once=\"true\" class=\"wp-block-uagb-container uagb-block-ade1314f\">\n<div class=\"wp-block-uagb-advanced-heading uagb-block-6bd40acf\"><h2 class=\"uagb-heading-text\">Did you know?<\/h2><\/div>\n\n\n\n<p class=\"has-ast-global-color-0-color has-text-color\">Around 80% of the theine diffuses into the infusion water in just the first minute. So, to obtain a low theine tea without losing flavour, simply change the infusion water and add hot water to the tea. And that's it.<\/p>\n<\/div>\n\n\n\n<div class=\"wp-block-uagb-container uagb-block-c556cff9\">\n<div data-aos= \"fade-left\" data-aos-duration=\"400\" data-aos-delay=\"0\" data-aos-easing=\"ease\" data-aos-once=\"true\" class=\"wp-block-uagb-image uagb-block-4fdbe241 wp-block-uagb-image--layout-default wp-block-uagb-image--effect-static wp-block-uagb-image--align-none\"><figure class=\"wp-block-uagb-image__figure\"><img decoding=\"async\" srcset=\"https:\/\/www.pascal-hamour.fr\/wp-content\/uploads\/2024\/01\/Image-18.jpg ,https:\/\/www.pascal-hamour.fr\/wp-content\/uploads\/2024\/01\/Image-18.jpg 780w, https:\/\/www.pascal-hamour.fr\/wp-content\/uploads\/2024\/01\/Image-18.jpg 360w\" sizes=\"auto, (max-width: 480px) 150px\" src=\"https:\/\/www.pascal-hamour.fr\/wp-content\/uploads\/2024\/01\/Image-18.jpg\" alt=\"\" class=\"uag-image-1735\" width=\"477\" height=\"334\" title=\"\" loading=\"lazy\"\/><\/figure><\/div>\n<\/div>\n<\/div><\/div>\n\n\n\n<div class=\"wp-block-uagb-container uag-hide-desktop uag-hide-tab uagb-block-52110923 alignfull uagb-is-root-container\"><div class=\"uagb-container-inner-blocks-wrap\">\n<div data-aos= \"fade\" data-aos-duration=\"400\" data-aos-delay=\"0\" data-aos-easing=\"ease\" data-aos-once=\"true\" class=\"wp-block-uagb-container uagb-block-f8977155\">\n<div class=\"wp-block-uagb-advanced-heading uagb-block-47a3c395\"><h2 class=\"uagb-heading-text\">Did you know?<\/h2><\/div>\n\n\n\n<p class=\"has-ast-global-color-5-color has-text-color\">Around 80% of the theine diffuses into the infusion water in just the first minute. So, to obtain a low theine tea without losing flavour, simply change the infusion water and add hot water to the tea. And that's it.<\/p>\n<\/div>\n\n\n\n<div data-aos= \"zoom-in\" data-aos-duration=\"400\" data-aos-delay=\"0\" data-aos-easing=\"ease\" data-aos-once=\"true\" class=\"wp-block-uagb-container uagb-block-e0c27ad5\">\n<div class=\"wp-block-uagb-image uagb-block-0da4fbe5 wp-block-uagb-image--layout-default wp-block-uagb-image--effect-static wp-block-uagb-image--align-none\"><figure class=\"wp-block-uagb-image__figure\"><img decoding=\"async\" srcset=\"https:\/\/www.pascal-hamour.fr\/wp-content\/uploads\/2024\/01\/Image-18.jpg ,https:\/\/www.pascal-hamour.fr\/wp-content\/uploads\/2024\/01\/Image-18.jpg 780w, https:\/\/www.pascal-hamour.fr\/wp-content\/uploads\/2024\/01\/Image-18.jpg 360w\" sizes=\"auto, (max-width: 480px) 150px\" src=\"https:\/\/www.pascal-hamour.fr\/wp-content\/uploads\/2024\/01\/Image-18.jpg\" alt=\"\" class=\"uag-image-1735\" width=\"477\" height=\"334\" title=\"\" loading=\"lazy\"\/><\/figure><\/div>\n<\/div>\n<\/div><\/div>\n\n\n<style>.wp-block-kadence-spacer.kt-block-spacer-1678_f7224c-c0 .kt-block-spacer{height:100px;}.wp-block-kadence-spacer.kt-block-spacer-1678_f7224c-c0 .kt-divider{border-top-width:1px;height:1px;border-top-color:#eee;width:80%;border-top-style:solid;}@media all and (max-width: 767px){.wp-block-kadence-spacer.kt-block-spacer-1678_f7224c-c0 .kt-block-spacer{height:50px!important;}}<\/style>\n<div class=\"wp-block-kadence-spacer aligncenter kt-block-spacer-1678_f7224c-c0\"><div class=\"kt-block-spacer kt-block-spacer-halign-center\"><\/div><\/div>","protected":false},"excerpt":{"rendered":"<p>Consommation et pr\u00e9paration Secrets de pr\u00e9paration en 5 \u00e9tapes Depuis sa naissance, le th\u00e9 se pr\u00e9pare de mille et une [&hellip;]<\/p>\n","protected":false},"author":1,"featured_media":0,"parent":57724,"menu_order":0,"comment_status":"closed","ping_status":"closed","template":"","meta":{"inline_featured_image":false,"_uag_custom_page_level_css":"","site-sidebar-layout":"default","site-content-layout":"","ast-site-content-layout":"default","site-content-style":"default","site-sidebar-style":"default","ast-global-header-display":"","ast-banner-title-visibility":"","ast-main-header-display":"","ast-hfb-above-header-display":"","ast-hfb-below-header-display":"","ast-hfb-mobile-header-display":"","site-post-title":"disabled","ast-breadcrumbs-content":"","ast-featured-img":"","footer-sml-layout":"","ast-disable-related-posts":"","theme-transparent-header-meta":"","adv-header-id-meta":"","stick-header-meta":"","header-above-stick-meta":"","header-main-stick-meta":"","header-below-stick-meta":"","astra-migrate-meta-layouts":"","ast-page-background-enabled":"default","ast-page-background-meta":{"desktop":{"background-color":"var(--ast-global-color-4)","background-image":"","background-repeat":"repeat","background-position":"center center","background-size":"auto","background-attachment":"scroll","background-type":"","background-media":"","overlay-type":"","overlay-color":"","overlay-opacity":"","overlay-gradient":""},"tablet":{"background-color":"","background-image":"","background-repeat":"repeat","background-position":"center center","background-size":"auto","background-attachment":"scroll","background-type":"","background-media":"","overlay-type":"","overlay-color":"","overlay-opacity":"","overlay-gradient":""},"mobile":{"background-color":"","background-image":"","background-repeat":"repeat","background-position":"center center","background-size":"auto","background-attachment":"scroll","background-type":"","background-media":"","overlay-type":"","overlay-color":"","overlay-opacity":"","overlay-gradient":""}},"ast-content-background-meta":{"desktop":{"background-color":"var(--ast-global-color-5)","background-image":"","background-repeat":"repeat","background-position":"center center","background-size":"auto","background-attachment":"scroll","background-type":"","background-media":"","overlay-type":"","overlay-color":"","overlay-opacity":"","overlay-gradient":""},"tablet":{"background-color":"var(--ast-global-color-5)","background-image":"","background-repeat":"repeat","background-position":"center center","background-size":"auto","background-attachment":"scroll","background-type":"","background-media":"","overlay-type":"","overlay-color":"","overlay-opacity":"","overlay-gradient":""},"mobile":{"background-color":"var(--ast-global-color-5)","background-image":"","background-repeat":"repeat","background-position":"center center","background-size":"auto","background-attachment":"scroll","background-type":"","background-media":"","overlay-type":"","overlay-color":"","overlay-opacity":"","overlay-gradient":""}},"footnotes":""},"class_list":["post-1678","page","type-page","status-publish","hentry"],"uagb_featured_image_src":{"full":false,"thumbnail":false,"medium":false,"medium_large":false,"large":false,"1536x1536":false,"2048x2048":false,"trp-custom-language-flag":false,"blog_three":false,"woocommerce_gallery_thumbnail":false,"woocommerce_thumbnail":false,"woocommerce_single":false,"woocommerce_single_gallery":false,"woo_single_gallery_v":false},"uagb_author_info":{"display_name":"Phamour","author_link":"https:\/\/www.pascal-hamour.fr\/en\/author\/91oceaniateabio\/"},"uagb_comment_info":0,"uagb_excerpt":"Consommation et pr\u00e9paration Secrets de pr\u00e9paration en 5 \u00e9tapes Depuis sa naissance, le th\u00e9 se pr\u00e9pare de mille et une [&hellip;]","_links":{"self":[{"href":"https:\/\/www.pascal-hamour.fr\/en\/wp-json\/wp\/v2\/pages\/1678","targetHints":{"allow":["GET"]}}],"collection":[{"href":"https:\/\/www.pascal-hamour.fr\/en\/wp-json\/wp\/v2\/pages"}],"about":[{"href":"https:\/\/www.pascal-hamour.fr\/en\/wp-json\/wp\/v2\/types\/page"}],"author":[{"embeddable":true,"href":"https:\/\/www.pascal-hamour.fr\/en\/wp-json\/wp\/v2\/users\/1"}],"replies":[{"embeddable":true,"href":"https:\/\/www.pascal-hamour.fr\/en\/wp-json\/wp\/v2\/comments?post=1678"}],"version-history":[{"count":0,"href":"https:\/\/www.pascal-hamour.fr\/en\/wp-json\/wp\/v2\/pages\/1678\/revisions"}],"up":[{"embeddable":true,"href":"https:\/\/www.pascal-hamour.fr\/en\/wp-json\/wp\/v2\/pages\/57724"}],"wp:attachment":[{"href":"https:\/\/www.pascal-hamour.fr\/en\/wp-json\/wp\/v2\/media?parent=1678"}],"curies":[{"name":"wp","href":"https:\/\/api.w.org\/{rel}","templated":true}]}}