{"id":2228,"date":"2023-10-14T10:19:12","date_gmt":"2023-10-14T10:19:12","guid":{"rendered":"https:\/\/pascalhamour.isacaraujo.com\/?page_id=2228"},"modified":"2024-02-14T13:56:34","modified_gmt":"2024-02-14T13:56:34","slug":"la-gamme","status":"publish","type":"page","link":"https:\/\/www.pascal-hamour.fr\/en\/vraiment-bio\/la-gamme\/","title":{"rendered":"The product range"},"content":{"rendered":"\n<div class=\"wp-block-uagb-container uagb-block-94739d72 alignfull uagb-is-root-container\"><div class=\"uagb-container-inner-blocks-wrap\">\n<div class=\"wp-block-uagb-container uagb-block-73a96dcd\">\n<div class=\"wp-block-uagb-container uagb-block-3d910104\">\n<div class=\"wp-block-uagb-image alignleft uagb-block-e02e2b70 wp-block-uagb-image--layout-default wp-block-uagb-image--effect-static wp-block-uagb-image--align-left\"><figure class=\"wp-block-uagb-image__figure\"><img decoding=\"async\" srcset=\"https:\/\/www.pascal-hamour.fr\/wp-content\/uploads\/2024\/01\/Logo-VB-1.png ,https:\/\/www.pascal-hamour.fr\/wp-content\/uploads\/2024\/01\/Logo-VB-1.png 780w, https:\/\/www.pascal-hamour.fr\/wp-content\/uploads\/2024\/01\/Logo-VB-1.png 360w\" sizes=\"auto, (max-width: 480px) 150px\" src=\"https:\/\/www.pascal-hamour.fr\/wp-content\/uploads\/2024\/01\/Logo-VB-1.png\" alt=\"\" class=\"uag-image-57998\" width=\"176\" height=\"146\" title=\"\" loading=\"lazy\"\/><\/figure><\/div>\n\n\n\n<div class=\"wp-block-uagb-advanced-heading uagb-block-01f7399e\"><h2 class=\"uagb-heading-text\">La Gamme<\/h2><\/div>\n<\/div>\n\n\n\n<div class=\"wp-block-uagb-container uagb-block-6bd08f66\">\n<div class=\"wp-block-uagb-advanced-heading uagb-block-85833453\"><h3 class=\"uagb-heading-text\">Th\u00e9 noir Earl Grey<\/h3><p class=\"uagb-desc-text\">Aromatique &amp; fruit\u00e9<\/p><\/div>\n\n\n<style>.wp-block-kadence-advancedheading.kt-adv-heading2228_0d6cb5-9a, .wp-block-kadence-advancedheading.kt-adv-heading2228_0d6cb5-9a[data-kb-block=\"kb-adv-heading2228_0d6cb5-9a\"]{font-size:16px;line-height:1.3em;font-weight:400;font-style:normal;font-family:Lato;}.wp-block-kadence-advancedheading.kt-adv-heading2228_0d6cb5-9a mark.kt-highlight, .wp-block-kadence-advancedheading.kt-adv-heading2228_0d6cb5-9a[data-kb-block=\"kb-adv-heading2228_0d6cb5-9a\"] mark.kt-highlight{font-style:normal;color:#f76a0c;-webkit-box-decoration-break:clone;box-decoration-break:clone;padding-top:0px;padding-right:0px;padding-bottom:0px;padding-left:0px;}.wp-block-kadence-advancedheading.kt-adv-heading2228_0d6cb5-9a img.kb-inline-image, .wp-block-kadence-advancedheading.kt-adv-heading2228_0d6cb5-9a[data-kb-block=\"kb-adv-heading2228_0d6cb5-9a\"] img.kb-inline-image{width:150px;vertical-align:baseline;}@media all and (max-width: 767px){.wp-block-kadence-advancedheading.kt-adv-heading2228_0d6cb5-9a, .wp-block-kadence-advancedheading.kt-adv-heading2228_0d6cb5-9a[data-kb-block=\"kb-adv-heading2228_0d6cb5-9a\"]{font-size:16px;}}<\/style>\n<h2 class=\"kt-adv-heading2228_0d6cb5-9a wp-block-kadence-advancedheading\" data-kb-block=\"kb-adv-heading2228_0d6cb5-9a\">Le th\u00e9 noir Earl Grey est un grand classique. C\u2019est l\u2019un des th\u00e9s les plus consomm\u00e9s dans le monde et notamment en France et en Europe. Cors\u00e9 et aromatique, iI est inspir\u00e9e d\u2019une recette chinoise ancestrale, cette revisite est une exclusivit\u00e9 Pascal Hamour\u00ae. Elle a \u00e9t\u00e9 concoct\u00e9e par ses soins afin de vous offrir une exp\u00e9rience exceptionnelle. Il r\u00e9alise lui-m\u00eame un m\u00e9lange de th\u00e9s noirs haut de gamme, puis il ajoute un brin de bergamote pour une saveur \u00e0 la fois douce et fruit\u00e9e.<br><br>D\u00e9couvrez cette recette unique : un vent de fra\u00eecheur, sans amertume!<\/h2>\n<\/div>\n<\/div>\n\n\n\n<div data-aos= \"fade\" data-aos-duration=\"400\" data-aos-delay=\"0\" data-aos-easing=\"ease\" data-aos-once=\"true\" class=\"wp-block-uagb-container uagb-block-f61418a8\">\n<div class=\"wp-block-uagb-image uagb-block-7f00a2bd wp-block-uagb-image--layout-default wp-block-uagb-image--effect-static wp-block-uagb-image--align-none\"><figure class=\"wp-block-uagb-image__figure\"><img decoding=\"async\" srcset=\"https:\/\/www.pascal-hamour.fr\/wp-content\/uploads\/2024\/02\/BOITE-CUBE-FERMEE-EARL-GREY-2.png ,https:\/\/www.pascal-hamour.fr\/wp-content\/uploads\/2024\/02\/BOITE-CUBE-FERMEE-EARL-GREY-2.png 780w, https:\/\/www.pascal-hamour.fr\/wp-content\/uploads\/2024\/02\/BOITE-CUBE-FERMEE-EARL-GREY-2.png 360w\" sizes=\"auto, (max-width: 480px) 150px\" src=\"https:\/\/www.pascal-hamour.fr\/wp-content\/uploads\/2024\/02\/BOITE-CUBE-FERMEE-EARL-GREY-2.png\" alt=\"\" class=\"uag-image-59088\" width=\"580\" height=\"509\" title=\"\" loading=\"lazy\"\/><\/figure><\/div>\n<\/div>\n<\/div><\/div>\n\n\n\n<div class=\"wp-block-uagb-container uagb-block-a2371a4a alignfull uagb-is-root-container\"><div class=\"uagb-container-inner-blocks-wrap\">\n<div data-aos= \"fade\" data-aos-duration=\"400\" data-aos-delay=\"0\" data-aos-easing=\"ease\" data-aos-once=\"true\" class=\"wp-block-uagb-container uagb-block-5cc60506\">\n<div class=\"wp-block-uagb-image uagb-block-73830eb8 wp-block-uagb-image--layout-default wp-block-uagb-image--effect-static wp-block-uagb-image--align-none\"><figure class=\"wp-block-uagb-image__figure\"><img decoding=\"async\" srcset=\"https:\/\/www.pascal-hamour.fr\/wp-content\/uploads\/2024\/02\/BOITE-CUBE-FERMEE-THE-VERT-DARJEELING-MENTHE-2.png ,https:\/\/www.pascal-hamour.fr\/wp-content\/uploads\/2024\/02\/BOITE-CUBE-FERMEE-THE-VERT-DARJEELING-MENTHE-2.png 780w, https:\/\/www.pascal-hamour.fr\/wp-content\/uploads\/2024\/02\/BOITE-CUBE-FERMEE-THE-VERT-DARJEELING-MENTHE-2.png 360w\" sizes=\"auto, (max-width: 480px) 150px\" src=\"https:\/\/www.pascal-hamour.fr\/wp-content\/uploads\/2024\/02\/BOITE-CUBE-FERMEE-THE-VERT-DARJEELING-MENTHE-2.png\" alt=\"\" class=\"uag-image-59089\" width=\"372\" height=\"347\" title=\"\" loading=\"lazy\"\/><\/figure><\/div>\n<\/div>\n\n\n\n<div data-aos= \"fade\" data-aos-duration=\"400\" data-aos-delay=\"0\" data-aos-easing=\"ease\" data-aos-once=\"true\" class=\"wp-block-uagb-container uagb-block-cbae7c7a\">\n<div class=\"wp-block-uagb-advanced-heading uagb-block-adede7aa\"><h3 class=\"uagb-heading-text\">Th\u00e9 vert Darjeeling \u00e0 la menthe<\/h3><p class=\"uagb-desc-text\">Frais &amp; gourmand<\/p><\/div>\n\n\n<style>.wp-block-kadence-advancedheading.kt-adv-heading2228_71c703-20, .wp-block-kadence-advancedheading.kt-adv-heading2228_71c703-20[data-kb-block=\"kb-adv-heading2228_71c703-20\"]{font-size:16px;line-height:1.3em;font-weight:400;font-style:normal;font-family:Lato;}.wp-block-kadence-advancedheading.kt-adv-heading2228_71c703-20 mark.kt-highlight, .wp-block-kadence-advancedheading.kt-adv-heading2228_71c703-20[data-kb-block=\"kb-adv-heading2228_71c703-20\"] mark.kt-highlight{font-style:normal;color:#f76a0c;-webkit-box-decoration-break:clone;box-decoration-break:clone;padding-top:0px;padding-right:0px;padding-bottom:0px;padding-left:0px;}.wp-block-kadence-advancedheading.kt-adv-heading2228_71c703-20 img.kb-inline-image, .wp-block-kadence-advancedheading.kt-adv-heading2228_71c703-20[data-kb-block=\"kb-adv-heading2228_71c703-20\"] img.kb-inline-image{width:150px;vertical-align:baseline;}@media all and (max-width: 767px){.wp-block-kadence-advancedheading.kt-adv-heading2228_71c703-20, .wp-block-kadence-advancedheading.kt-adv-heading2228_71c703-20[data-kb-block=\"kb-adv-heading2228_71c703-20\"]{font-size:16px;}}<\/style>\n<h2 class=\"kt-adv-heading2228_71c703-20 wp-block-kadence-advancedheading\" data-kb-block=\"kb-adv-heading2228_71c703-20\">Si le th\u00e9 vert \u00e0 la menthe est un incontournable, Pascal Hamour\u00ae le revisite \u00e0 merveille. Voil\u00e0 une d\u00e9licieuse recette qui se boit volontiers avec ou sans sucre. Sans grande surprise, Pascal Hamour\u00ae a choisi, pour vous, le th\u00e9 des Grands Jardins de Darjeeling. L\u00e0 o\u00f9 est produit un th\u00e9 de tr\u00e8s grande qualit\u00e9, r\u00e9put\u00e9 dans le monde entier. Ici, ce grand cru est sublim\u00e9 par quelques feuilles de menthe biologique pour une touche de fra\u00eecheur. Un m\u00e9lange unique et ind\u00e9modable pour une exp\u00e9rience douce et gourmande.<\/h2>\n<\/div>\n<\/div><\/div>\n\n\n\n<div class=\"wp-block-uagb-container uagb-block-9259fac9 alignfull uagb-is-root-container\"><div class=\"uagb-container-inner-blocks-wrap\">\n<div data-aos= \"fade\" data-aos-duration=\"400\" data-aos-delay=\"0\" data-aos-easing=\"ease\" data-aos-once=\"true\" class=\"wp-block-uagb-container uagb-block-a22b3f3c\">\n<div class=\"wp-block-uagb-advanced-heading uagb-block-da40e20e\"><h3 class=\"uagb-heading-text\">Th\u00e9 vert Sencha Yamato du Japon<\/h3><p class=\"uagb-desc-text\">Intense et v\u00e9g\u00e9tal<\/p><\/div>\n\n\n<style>.wp-block-kadence-advancedheading.kt-adv-heading2228_077223-65, .wp-block-kadence-advancedheading.kt-adv-heading2228_077223-65[data-kb-block=\"kb-adv-heading2228_077223-65\"]{font-size:16px;line-height:1.3em;font-weight:400;font-style:normal;font-family:Lato;}.wp-block-kadence-advancedheading.kt-adv-heading2228_077223-65 mark.kt-highlight, .wp-block-kadence-advancedheading.kt-adv-heading2228_077223-65[data-kb-block=\"kb-adv-heading2228_077223-65\"] mark.kt-highlight{font-style:normal;color:#f76a0c;-webkit-box-decoration-break:clone;box-decoration-break:clone;padding-top:0px;padding-right:0px;padding-bottom:0px;padding-left:0px;}.wp-block-kadence-advancedheading.kt-adv-heading2228_077223-65 img.kb-inline-image, .wp-block-kadence-advancedheading.kt-adv-heading2228_077223-65[data-kb-block=\"kb-adv-heading2228_077223-65\"] img.kb-inline-image{width:150px;vertical-align:baseline;}@media all and (max-width: 767px){.wp-block-kadence-advancedheading.kt-adv-heading2228_077223-65, .wp-block-kadence-advancedheading.kt-adv-heading2228_077223-65[data-kb-block=\"kb-adv-heading2228_077223-65\"]{font-size:16px;}}<\/style>\n<h2 class=\"kt-adv-heading2228_077223-65 wp-block-kadence-advancedheading\" data-kb-block=\"kb-adv-heading2228_077223-65\">Ce th\u00e9 vert Sencha bio est un grand cru r\u00e9colt\u00e9 dans le c\u00e9l\u00e8bre jardin japonais de Yamato. Ses feuilles se caract\u00e9risent par leur ar\u00f4me si singulier : \u00e0 la fois doux, intense et v\u00e9g\u00e9tal. Presque d\u00e9pourvu d\u2019amertume, il a une faible teneur en th\u00e9ine. Ce th\u00e9 dispose d\u2019une renomm\u00e9e internationale et son nom \u00ab Sencha \u00bb signifie \u00ab th\u00e9 infus\u00e9 \u00bb. Et pour cause, la m\u00e9thode de production consiste au s\u00e9chage des feuilles de th\u00e9 \u00e0 la vapeur. La qualit\u00e9 du th\u00e9 r\u00e9colt\u00e9 \u00e0 la main et son mode de fabrication en font une valeur s\u00fbre \u00e0 d\u00e9guster \u00e0 l\u2019infini.<br><br>Un th\u00e9 vert sans ajout, pur, qui se suffit \u00e0 lui-m\u00eame.<\/h2>\n<\/div>\n\n\n\n<div data-aos= \"fade\" data-aos-duration=\"400\" data-aos-delay=\"0\" data-aos-easing=\"ease\" data-aos-once=\"true\" class=\"wp-block-uagb-container uagb-block-7dbde21b\">\n<div class=\"wp-block-uagb-image uagb-block-5f3e5e9a wp-block-uagb-image--layout-default wp-block-uagb-image--effect-static wp-block-uagb-image--align-none\"><figure class=\"wp-block-uagb-image__figure\"><img decoding=\"async\" srcset=\"https:\/\/www.pascal-hamour.fr\/wp-content\/uploads\/2024\/02\/BOITE-CUBE-FERMEE-THE-VERT-SENCHA-BIO-2.png ,https:\/\/www.pascal-hamour.fr\/wp-content\/uploads\/2024\/02\/BOITE-CUBE-FERMEE-THE-VERT-SENCHA-BIO-2.png 780w, https:\/\/www.pascal-hamour.fr\/wp-content\/uploads\/2024\/02\/BOITE-CUBE-FERMEE-THE-VERT-SENCHA-BIO-2.png 360w\" sizes=\"auto, (max-width: 480px) 150px\" src=\"https:\/\/www.pascal-hamour.fr\/wp-content\/uploads\/2024\/02\/BOITE-CUBE-FERMEE-THE-VERT-SENCHA-BIO-2.png\" alt=\"\" class=\"uag-image-59091\" width=\"372\" height=\"347\" title=\"\" loading=\"lazy\"\/><\/figure><\/div>\n<\/div>\n<\/div><\/div>\n\n\n\n<div class=\"wp-block-uagb-container uagb-block-04538f13 alignfull uagb-is-root-container\"><div class=\"uagb-container-inner-blocks-wrap\">\n<div data-aos= \"fade\" data-aos-duration=\"400\" data-aos-delay=\"0\" data-aos-easing=\"ease\" data-aos-once=\"true\" class=\"wp-block-uagb-container uagb-block-5b1035b1\">\n<div class=\"wp-block-uagb-image uagb-block-1629fbd7 wp-block-uagb-image--layout-default wp-block-uagb-image--effect-static wp-block-uagb-image--align-none\"><figure class=\"wp-block-uagb-image__figure\"><img decoding=\"async\" srcset=\"https:\/\/www.pascal-hamour.fr\/wp-content\/uploads\/2024\/02\/Image-2.png ,https:\/\/www.pascal-hamour.fr\/wp-content\/uploads\/2024\/02\/Image-2.png 780w, https:\/\/www.pascal-hamour.fr\/wp-content\/uploads\/2024\/02\/Image-2.png 360w\" sizes=\"auto, (max-width: 480px) 150px\" src=\"https:\/\/www.pascal-hamour.fr\/wp-content\/uploads\/2024\/02\/Image-2.png\" alt=\"\" class=\"uag-image-59092\" width=\"372\" height=\"347\" title=\"\" loading=\"lazy\"\/><\/figure><\/div>\n<\/div>\n\n\n\n<div data-aos= \"fade\" data-aos-duration=\"400\" data-aos-delay=\"0\" data-aos-easing=\"ease\" data-aos-once=\"true\" class=\"wp-block-uagb-container uagb-block-a9e49c4a\">\n<div class=\"wp-block-uagb-advanced-heading uagb-block-4aebc2b9\"><h3 class=\"uagb-heading-text\">Th\u00e9 noir Breakfast<\/h3><p class=\"uagb-desc-text\">Cors\u00e9 et bois\u00e9<\/p><\/div>\n\n\n<style>.wp-block-kadence-advancedheading.kt-adv-heading2228_83825f-aa, .wp-block-kadence-advancedheading.kt-adv-heading2228_83825f-aa[data-kb-block=\"kb-adv-heading2228_83825f-aa\"]{font-size:16px;line-height:1.3em;font-weight:400;font-style:normal;font-family:Lato;}.wp-block-kadence-advancedheading.kt-adv-heading2228_83825f-aa mark.kt-highlight, .wp-block-kadence-advancedheading.kt-adv-heading2228_83825f-aa[data-kb-block=\"kb-adv-heading2228_83825f-aa\"] mark.kt-highlight{font-style:normal;color:#f76a0c;-webkit-box-decoration-break:clone;box-decoration-break:clone;padding-top:0px;padding-right:0px;padding-bottom:0px;padding-left:0px;}.wp-block-kadence-advancedheading.kt-adv-heading2228_83825f-aa img.kb-inline-image, .wp-block-kadence-advancedheading.kt-adv-heading2228_83825f-aa[data-kb-block=\"kb-adv-heading2228_83825f-aa\"] img.kb-inline-image{width:150px;vertical-align:baseline;}@media all and (max-width: 767px){.wp-block-kadence-advancedheading.kt-adv-heading2228_83825f-aa, .wp-block-kadence-advancedheading.kt-adv-heading2228_83825f-aa[data-kb-block=\"kb-adv-heading2228_83825f-aa\"]{font-size:16px;}}<\/style>\n<h2 class=\"kt-adv-heading2228_83825f-aa wp-block-kadence-advancedheading\" data-kb-block=\"kb-adv-heading2228_83825f-aa\">Pascal Hamour\u00ae a s\u00e9lectionn\u00e9 un th\u00e9 noir bio hors du commun. Ce th\u00e9 d\u2019exception est r\u00e9put\u00e9 dans le monde entier pour sa qualit\u00e9. Il provient du grand jardin d\u2019Assam, un prestigieux jardin producteur de th\u00e9 au pied de l\u2019Himalaya, en Inde. Ses feuilles sont issues du th\u00e9ier de type Assamica. Son go\u00fbt inimitable est d\u00fb \u00e0 ses ar\u00f4mes \u00e0 la fois cors\u00e9s et bois\u00e9s. Il est le plus adapt\u00e9 pour le petit d\u00e9jeuner. Id\u00e9al avec un nuage de lait, ses saveurs uniques sont tr\u00e8s appr\u00e9ci\u00e9es et recherch\u00e9es. Pr\u00e9parez-vous pour un voyage gustatif vers des jardins aux feuilles de th\u00e9 \u00e0 perte de vue.<br>Un voyage intense et \u00e9pic\u00e9 aux notes muscad\u00e9es.<\/h2>\n<\/div>\n<\/div><\/div>\n","protected":false},"excerpt":{"rendered":"<p>La Gamme Th\u00e9 noir Earl Grey Aromatique &amp; fruit\u00e9 Le th\u00e9 noir Earl Grey est un grand classique. C\u2019est l\u2019un [&hellip;]<\/p>\n","protected":false},"author":1,"featured_media":0,"parent":57723,"menu_order":0,"comment_status":"closed","ping_status":"closed","template":"","meta":{"inline_featured_image":false,"_uag_custom_page_level_css":"","site-sidebar-layout":"default","site-content-layout":"","ast-site-content-layout":"default","site-content-style":"default","site-sidebar-style":"default","ast-global-header-display":"","ast-banner-title-visibility":"","ast-main-header-display":"","ast-hfb-above-header-display":"","ast-hfb-below-header-display":"","ast-hfb-mobile-header-display":"","site-post-title":"disabled","ast-breadcrumbs-content":"","ast-featured-img":"","footer-sml-layout":"","ast-disable-related-posts":"","theme-transparent-header-meta":"","adv-header-id-meta":"","stick-header-meta":"","header-above-stick-meta":"","header-main-stick-meta":"","header-below-stick-meta":"","astra-migrate-meta-layouts":"","ast-page-background-enabled":"default","ast-page-background-meta":{"desktop":{"background-color":"var(--ast-global-color-4)","background-image":"","background-repeat":"repeat","background-position":"center center","background-size":"auto","background-attachment":"scroll","background-type":"","background-media":"","overlay-type":"","overlay-color":"","overlay-opacity":"","overlay-gradient":""},"tablet":{"background-color":"","background-image":"","background-repeat":"repeat","background-position":"center center","background-size":"auto","background-attachment":"scroll","background-type":"","background-media":"","overlay-type":"","overlay-color":"","overlay-opacity":"","overlay-gradient":""},"mobile":{"background-color":"","background-image":"","background-repeat":"repeat","background-position":"center center","background-size":"auto","background-attachment":"scroll","background-type":"","background-media":"","overlay-type":"","overlay-color":"","overlay-opacity":"","overlay-gradient":""}},"ast-content-background-meta":{"desktop":{"background-color":"var(--ast-global-color-5)","background-image":"","background-repeat":"repeat","background-position":"center center","background-size":"auto","background-attachment":"scroll","background-type":"","background-media":"","overlay-type":"","overlay-color":"","overlay-opacity":"","overlay-gradient":""},"tablet":{"background-color":"var(--ast-global-color-5)","background-image":"","background-repeat":"repeat","background-position":"center center","background-size":"auto","background-attachment":"scroll","background-type":"","background-media":"","overlay-type":"","overlay-color":"","overlay-opacity":"","overlay-gradient":""},"mobile":{"background-color":"var(--ast-global-color-5)","background-image":"","background-repeat":"repeat","background-position":"center center","background-size":"auto","background-attachment":"scroll","background-type":"","background-media":"","overlay-type":"","overlay-color":"","overlay-opacity":"","overlay-gradient":""}},"footnotes":""},"class_list":["post-2228","page","type-page","status-publish","hentry"],"uagb_featured_image_src":{"full":false,"thumbnail":false,"medium":false,"medium_large":false,"large":false,"1536x1536":false,"2048x2048":false,"trp-custom-language-flag":false,"blog_three":false,"woocommerce_gallery_thumbnail":false,"woocommerce_thumbnail":false,"woocommerce_single":false,"woocommerce_single_gallery":false,"woo_single_gallery_v":false},"uagb_author_info":{"display_name":"Phamour","author_link":"https:\/\/www.pascal-hamour.fr\/en\/author\/91oceaniateabio\/"},"uagb_comment_info":0,"uagb_excerpt":"La Gamme Th\u00e9 noir Earl Grey Aromatique &amp; fruit\u00e9 Le th\u00e9 noir Earl Grey est un grand classique. C\u2019est l\u2019un [&hellip;]","_links":{"self":[{"href":"https:\/\/www.pascal-hamour.fr\/en\/wp-json\/wp\/v2\/pages\/2228","targetHints":{"allow":["GET"]}}],"collection":[{"href":"https:\/\/www.pascal-hamour.fr\/en\/wp-json\/wp\/v2\/pages"}],"about":[{"href":"https:\/\/www.pascal-hamour.fr\/en\/wp-json\/wp\/v2\/types\/page"}],"author":[{"embeddable":true,"href":"https:\/\/www.pascal-hamour.fr\/en\/wp-json\/wp\/v2\/users\/1"}],"replies":[{"embeddable":true,"href":"https:\/\/www.pascal-hamour.fr\/en\/wp-json\/wp\/v2\/comments?post=2228"}],"version-history":[{"count":0,"href":"https:\/\/www.pascal-hamour.fr\/en\/wp-json\/wp\/v2\/pages\/2228\/revisions"}],"up":[{"embeddable":true,"href":"https:\/\/www.pascal-hamour.fr\/en\/wp-json\/wp\/v2\/pages\/57723"}],"wp:attachment":[{"href":"https:\/\/www.pascal-hamour.fr\/en\/wp-json\/wp\/v2\/media?parent=2228"}],"curies":[{"name":"wp","href":"https:\/\/api.w.org\/{rel}","templated":true}]}}