{"id":2384,"date":"2023-10-14T14:01:55","date_gmt":"2023-10-14T14:01:55","guid":{"rendered":"https:\/\/pascalhamour.isacaraujo.com\/?page_id=2384"},"modified":"2024-02-16T09:49:54","modified_gmt":"2024-02-16T09:49:54","slug":"un-coffret-de-thes-et-infusions-sur-mesure-a-composersoi-meme","status":"publish","type":"page","link":"https:\/\/www.pascal-hamour.fr\/en\/un-coffret-de-thes-et-infusions-sur-mesure-a-composersoi-meme\/","title":{"rendered":"Un coffret de th\u00e9s et infusions sur mesure \u00e0 composersoi-m\u00eame"},"content":{"rendered":"<div class=\"wp-block-uagb-container uagb-block-46c078d9 alignfull uagb-is-root-container\"><div class=\"uagb-container-inner-blocks-wrap\">\n<div class=\"wp-block-uagb-container uagb-block-26bb0893\">\n<div class=\"wp-block-uagb-advanced-heading uagb-block-4683ad55\"><h2 class=\"uagb-heading-text\">A box of teas and herbal teas to compose yourself<\/h2><\/div>\n\n\n\n<div class=\"wp-block-uagb-advanced-heading uagb-block-f045f1bb\"><p class=\"uagb-heading-text\">Pascal Hamour has decided to give you access to all its creations. You'll enjoy tasty teas of great finesse to offer yourself or to share. Fill up on great flavors for delicious tasting moments.<\/p><\/div>\n<\/div>\n\n\n\n<div class=\"wp-block-uagb-container uagb-block-97ab3988\">\n<div data-aos= \"fade\" data-aos-duration=\"400\" data-aos-delay=\"0\" data-aos-easing=\"ease\" data-aos-once=\"true\" class=\"wp-block-uagb-image uagb-block-f10da666 wp-block-uagb-image--layout-default wp-block-uagb-image--effect-static wp-block-uagb-image--align-none\"><figure class=\"wp-block-uagb-image__figure\"><img decoding=\"async\" srcset=\"https:\/\/www.pascal-hamour.fr\/wp-content\/uploads\/2024\/01\/ph-coffretnoir3-1.jpg ,https:\/\/www.pascal-hamour.fr\/wp-content\/uploads\/2024\/01\/ph-coffretnoir3-1.jpg 780w, https:\/\/www.pascal-hamour.fr\/wp-content\/uploads\/2024\/01\/ph-coffretnoir3-1.jpg 360w\" sizes=\"auto, (max-width: 480px) 150px\" src=\"https:\/\/www.pascal-hamour.fr\/wp-content\/uploads\/2024\/01\/ph-coffretnoir3-1.jpg\" alt=\"\" class=\"uag-image-2387\" width=\"374\" height=\"369\" title=\"\" loading=\"lazy\"\/><\/figure><\/div>\n<\/div>\n<\/div><\/div>\n\n\n\n<div class=\"wp-block-uagb-container uagb-block-bc546f54 alignfull uagb-is-root-container\"><div class=\"uagb-container-inner-blocks-wrap\">\n<div class=\"wp-block-uagb-container uagb-block-dda25172\">\n<div data-aos= \"fade\" data-aos-duration=\"400\" data-aos-delay=\"0\" data-aos-easing=\"ease\" data-aos-once=\"true\" class=\"wp-block-uagb-image alignleft uagb-block-441130ec wp-block-uagb-image--layout-default wp-block-uagb-image--effect-static wp-block-uagb-image--align-left uag-hide-mob\"><figure class=\"wp-block-uagb-image__figure\"><img decoding=\"async\" srcset=\"https:\/\/www.pascal-hamour.fr\/wp-content\/uploads\/2024\/01\/Image-15.jpg ,https:\/\/www.pascal-hamour.fr\/wp-content\/uploads\/2024\/01\/Image-15.jpg 780w, https:\/\/www.pascal-hamour.fr\/wp-content\/uploads\/2024\/01\/Image-15.jpg 360w\" sizes=\"auto, (max-width: 480px) 150px\" src=\"https:\/\/www.pascal-hamour.fr\/wp-content\/uploads\/2024\/01\/Image-15.jpg\" alt=\"\" class=\"uag-image-2390\" width=\"514\" height=\"713\" title=\"\" loading=\"lazy\"\/><\/figure><\/div>\n\n\n\n<div data-aos= \"zoom-in\" data-aos-duration=\"400\" data-aos-delay=\"0\" data-aos-easing=\"ease\" data-aos-once=\"true\" class=\"wp-block-uagb-image uagb-block-ab7a1f9b wp-block-uagb-image--layout-default wp-block-uagb-image--effect-static wp-block-uagb-image--align-none uag-hide-desktop uag-hide-tab\"><figure class=\"wp-block-uagb-image__figure\"><img decoding=\"async\" srcset=\"https:\/\/www.pascal-hamour.fr\/wp-content\/uploads\/2024\/01\/PASCALHAMOUR_JUIN2021-92-2.jpg ,https:\/\/www.pascal-hamour.fr\/wp-content\/uploads\/2024\/01\/PASCALHAMOUR_JUIN2021-92-2.jpg 780w, https:\/\/www.pascal-hamour.fr\/wp-content\/uploads\/2024\/01\/PASCALHAMOUR_JUIN2021-92-2.jpg 360w\" sizes=\"auto, (max-width: 480px) 150px\" src=\"https:\/\/www.pascal-hamour.fr\/wp-content\/uploads\/2024\/01\/PASCALHAMOUR_JUIN2021-92-2.jpg\" alt=\"\" class=\"uag-image-2419\" width=\"473\" height=\"447\" title=\"\" loading=\"lazy\"\/><\/figure><\/div>\n<\/div>\n\n\n\n<div data-aos= \"fade-up\" data-aos-duration=\"400\" data-aos-delay=\"0\" data-aos-easing=\"ease\" data-aos-once=\"true\" class=\"wp-block-uagb-container uagb-block-157a130b\">\n<div class=\"wp-block-uagb-advanced-heading uagb-block-29865064\"><h3 class=\"uagb-heading-text\">Choose the essences for your box<\/h3><\/div>\n\n\n\n<div class=\"wp-block-uagb-advanced-heading uagb-block-62b790ff\"><p class=\"uagb-desc-text\">We leave it up to you to select 24 bags from our entire range to suit your tastes. You'll be spoilt for choice. From green teas to black teas and infusions, this assorted gift box can quickly reveal an explosion of flavors. So, depending on your individual tastes, it's possible to offer a tailor-made tea gift set.<\/p><\/div>\n\n\n\n<div class=\"wp-block-uagb-advanced-heading uagb-block-4f22ea37\"><h3 class=\"uagb-heading-text\">A seductive packaging<\/h3><\/div>\n\n\n\n<div class=\"wp-block-uagb-advanced-heading uagb-block-1eb80e83\"><p class=\"uagb-desc-text\">Vraiment Bio by Pascal Hamour Paris has made it a point of honor to offer you elegant, gift-ready packaging. Created by a professional designer, the packaging is just a taste of the essences chosen.<\/p><\/div>\n<\/div>\n<\/div><\/div>\n\n\n\n<div class=\"wp-block-uagb-container uagb-block-6031ec37 alignfull uagb-is-root-container\"><div class=\"uagb-container-inner-blocks-wrap\">\n<div data-aos= \"fade\" data-aos-duration=\"400\" data-aos-delay=\"0\" data-aos-easing=\"ease\" data-aos-once=\"true\" class=\"wp-block-uagb-advanced-heading uagb-block-5dbd5ad3\"><h2 class=\"uagb-heading-text\">Don't wait any longer to choose your organic teas and infusions, each as seductive as the next.<\/h2><\/div>\n\n\n\n<div data-aos= \"fade-up\" data-aos-duration=\"400\" data-aos-delay=\"0\" data-aos-easing=\"ease\" data-aos-once=\"true\" class=\"wp-block-uagb-image aligncenter uagb-block-346c10f8 wp-block-uagb-image--layout-default wp-block-uagb-image--effect-static wp-block-uagb-image--align-center\"><figure class=\"wp-block-uagb-image__figure\"><img decoding=\"async\" srcset=\"https:\/\/www.pascal-hamour.fr\/wp-content\/uploads\/2024\/01\/Image-1-7.jpg ,https:\/\/www.pascal-hamour.fr\/wp-content\/uploads\/2024\/01\/Image-1-7.jpg 780w, https:\/\/www.pascal-hamour.fr\/wp-content\/uploads\/2024\/01\/Image-1-7.jpg 360w\" sizes=\"auto, (max-width: 480px) 150px\" src=\"https:\/\/www.pascal-hamour.fr\/wp-content\/uploads\/2024\/01\/Image-1-7.jpg\" alt=\"\" class=\"uag-image-2407\" width=\"580\" height=\"338\" title=\"\" loading=\"lazy\"\/><\/figure><\/div>\n\n\n<style>.wp-block-kadence-advancedbtn.kb-btns2384_48eb9f-2f{gap:var(--global-kb-gap-xs, 0.5rem );justify-content:center;align-items:center;}.kt-btns2384_48eb9f-2f .kt-button{font-weight:normal;font-style:normal;}.kt-btns2384_48eb9f-2f .kt-btn-wrap-0{margin-right:5px;}.wp-block-kadence-advancedbtn.kt-btns2384_48eb9f-2f .kt-btn-wrap-0 .kt-button{color:#555555;border-color:#555555;}.wp-block-kadence-advancedbtn.kt-btns2384_48eb9f-2f .kt-btn-wrap-0 .kt-button:hover, .wp-block-kadence-advancedbtn.kt-btns2384_48eb9f-2f .kt-btn-wrap-0 .kt-button:focus{color:#ffffff;border-color:#444444;}.wp-block-kadence-advancedbtn.kt-btns2384_48eb9f-2f .kt-btn-wrap-0 .kt-button::before{display:none;}.wp-block-kadence-advancedbtn.kt-btns2384_48eb9f-2f .kt-btn-wrap-0 .kt-button:hover, .wp-block-kadence-advancedbtn.kt-btns2384_48eb9f-2f .kt-btn-wrap-0 .kt-button:focus{background:#444444;}<\/style>\n<div class=\"wp-block-kadence-advancedbtn kb-buttons-wrap kb-btns2384_48eb9f-2f\"><style>.wp-block-kadence-advancedbtn .kb-btn2384_bdcd44-8f.kb-button{color:var(--ast-global-color-5);background:var(--ast-global-color-0);font-size:26px;font-family:Cormorant;font-weight:400;border-top:1px solid var(--ast-global-color-0);border-right:1px solid var(--ast-global-color-0);border-bottom:1px solid var(--ast-global-color-0);border-left:1px solid var(--ast-global-color-0);padding-top:10px;padding-right:30px;padding-bottom:10px;padding-left:30px;}.wp-block-kadence-advancedbtn .kb-btn2384_bdcd44-8f.kb-button:hover, .wp-block-kadence-advancedbtn .kb-btn2384_bdcd44-8f.kb-button:focus{color:var(--ast-global-color-0);background:var(--ast-global-color-5);border-top:1px solid var(--ast-global-color-0);border-right:1px solid var(--ast-global-color-0);border-bottom:1px solid var(--ast-global-color-0);border-left:1px solid var(--ast-global-color-0);}@media all and (max-width: 1024px){.wp-block-kadence-advancedbtn .kb-btn2384_bdcd44-8f.kb-button{border-top:1px solid var(--ast-global-color-0);border-right:1px solid var(--ast-global-color-0);border-bottom:1px solid var(--ast-global-color-0);border-left:1px solid var(--ast-global-color-0);}}@media all and (max-width: 1024px){.wp-block-kadence-advancedbtn .kb-btn2384_bdcd44-8f.kb-button:hover, .wp-block-kadence-advancedbtn .kb-btn2384_bdcd44-8f.kb-button:focus{border-top:1px solid var(--ast-global-color-0);border-right:1px solid var(--ast-global-color-0);border-bottom:1px solid var(--ast-global-color-0);border-left:1px solid var(--ast-global-color-0);}}@media all and (max-width: 767px){.wp-block-kadence-advancedbtn .kb-btn2384_bdcd44-8f.kb-button{font-size:16px;border-top:1px solid var(--ast-global-color-0);border-right:1px solid var(--ast-global-color-0);border-bottom:1px solid var(--ast-global-color-0);border-left:1px solid var(--ast-global-color-0);}.wp-block-kadence-advancedbtn .kb-btn2384_bdcd44-8f.kb-button:hover, .wp-block-kadence-advancedbtn .kb-btn2384_bdcd44-8f.kb-button:focus{border-top:1px solid var(--ast-global-color-0);border-right:1px solid var(--ast-global-color-0);border-bottom:1px solid var(--ast-global-color-0);border-left:1px solid var(--ast-global-color-0);}}<\/style><a class=\"kb-button kt-button button kb-btn2384_bdcd44-8f kt-btn-size-large kt-btn-width-type-fixed kb-btn-global-outline  kt-btn-has-text-true kt-btn-has-svg-false  wp-block-kadence-singlebtn\" href=\"https:\/\/www.pascal-hamour.fr\/en\/product\/un-coffret-de-thes-et-infusions\/\"><span class=\"kt-btn-inner-text\">I compose my box<\/span><\/a><\/div>\n<\/div><\/div>","protected":false},"excerpt":{"rendered":"<p>Un coffret de th\u00e9s et infusions sur mesure \u00e0 composer soi-m\u00eame La maison Pascal Hamour a d\u00e9cid\u00e9 de vous donner [&hellip;]<\/p>\n","protected":false},"author":1,"featured_media":0,"parent":0,"menu_order":0,"comment_status":"closed","ping_status":"closed","template":"","meta":{"inline_featured_image":false,"_uag_custom_page_level_css":"","site-sidebar-layout":"default","site-content-layout":"","ast-site-content-layout":"default","site-content-style":"default","site-sidebar-style":"default","ast-global-header-display":"","ast-banner-title-visibility":"","ast-main-header-display":"","ast-hfb-above-header-display":"","ast-hfb-below-header-display":"","ast-hfb-mobile-header-display":"","site-post-title":"disabled","ast-breadcrumbs-content":"","ast-featured-img":"","footer-sml-layout":"","ast-disable-related-posts":"","theme-transparent-header-meta":"","adv-header-id-meta":"","stick-header-meta":"","header-above-stick-meta":"","header-main-stick-meta":"","header-below-stick-meta":"","astra-migrate-meta-layouts":"","ast-page-background-enabled":"default","ast-page-background-meta":{"desktop":{"background-color":"var(--ast-global-color-4)","background-image":"","background-repeat":"repeat","background-position":"center center","background-size":"auto","background-attachment":"scroll","background-type":"","background-media":"","overlay-type":"","overlay-color":"","overlay-opacity":"","overlay-gradient":""},"tablet":{"background-color":"","background-image":"","background-repeat":"repeat","background-position":"center center","background-size":"auto","background-attachment":"scroll","background-type":"","background-media":"","overlay-type":"","overlay-color":"","overlay-opacity":"","overlay-gradient":""},"mobile":{"background-color":"","background-image":"","background-repeat":"repeat","background-position":"center center","background-size":"auto","background-attachment":"scroll","background-type":"","background-media":"","overlay-type":"","overlay-color":"","overlay-opacity":"","overlay-gradient":""}},"ast-content-background-meta":{"desktop":{"background-color":"var(--ast-global-color-5)","background-image":"","background-repeat":"repeat","background-position":"center center","background-size":"auto","background-attachment":"scroll","background-type":"","background-media":"","overlay-type":"","overlay-color":"","overlay-opacity":"","overlay-gradient":""},"tablet":{"background-color":"var(--ast-global-color-5)","background-image":"","background-repeat":"repeat","background-position":"center center","background-size":"auto","background-attachment":"scroll","background-type":"","background-media":"","overlay-type":"","overlay-color":"","overlay-opacity":"","overlay-gradient":""},"mobile":{"background-color":"var(--ast-global-color-5)","background-image":"","background-repeat":"repeat","background-position":"center center","background-size":"auto","background-attachment":"scroll","background-type":"","background-media":"","overlay-type":"","overlay-color":"","overlay-opacity":"","overlay-gradient":""}},"footnotes":""},"class_list":["post-2384","page","type-page","status-publish","hentry"],"uagb_featured_image_src":{"full":false,"thumbnail":false,"medium":false,"medium_large":false,"large":false,"1536x1536":false,"2048x2048":false,"trp-custom-language-flag":false,"blog_three":false,"woocommerce_gallery_thumbnail":false,"woocommerce_thumbnail":false,"woocommerce_single":false,"woocommerce_single_gallery":false,"woo_single_gallery_v":false},"uagb_author_info":{"display_name":"Phamour","author_link":"https:\/\/www.pascal-hamour.fr\/en\/author\/91oceaniateabio\/"},"uagb_comment_info":0,"uagb_excerpt":"Un coffret de th\u00e9s et infusions sur mesure \u00e0 composer soi-m\u00eame La maison Pascal Hamour a d\u00e9cid\u00e9 de vous donner [&hellip;]","_links":{"self":[{"href":"https:\/\/www.pascal-hamour.fr\/en\/wp-json\/wp\/v2\/pages\/2384","targetHints":{"allow":["GET"]}}],"collection":[{"href":"https:\/\/www.pascal-hamour.fr\/en\/wp-json\/wp\/v2\/pages"}],"about":[{"href":"https:\/\/www.pascal-hamour.fr\/en\/wp-json\/wp\/v2\/types\/page"}],"author":[{"embeddable":true,"href":"https:\/\/www.pascal-hamour.fr\/en\/wp-json\/wp\/v2\/users\/1"}],"replies":[{"embeddable":true,"href":"https:\/\/www.pascal-hamour.fr\/en\/wp-json\/wp\/v2\/comments?post=2384"}],"version-history":[{"count":0,"href":"https:\/\/www.pascal-hamour.fr\/en\/wp-json\/wp\/v2\/pages\/2384\/revisions"}],"wp:attachment":[{"href":"https:\/\/www.pascal-hamour.fr\/en\/wp-json\/wp\/v2\/media?parent=2384"}],"curies":[{"name":"wp","href":"https:\/\/api.w.org\/{rel}","templated":true}]}}