{"id":313,"date":"2023-10-04T15:59:53","date_gmt":"2023-10-04T15:59:53","guid":{"rendered":"https:\/\/pascalhamour.isacaraujo.com\/?page_id=313"},"modified":"2024-01-25T15:28:21","modified_gmt":"2024-01-25T15:28:21","slug":"politique-de-donnees-a-caractere-personnel","status":"publish","type":"page","link":"https:\/\/www.pascal-hamour.fr\/en\/politique-de-donnees-a-caractere-personnel\/","title":{"rendered":"Privacy policy"},"content":{"rendered":"\n<div class=\"wp-block-uagb-container uagb-block-a795c989 alignfull uagb-is-root-container\"><div class=\"uagb-container-inner-blocks-wrap\">\n<h2 class=\"wp-block-heading\">Qui sommes-nous&nbsp;?<\/h2>\n\n\n\n<p>L\u2019adresse de notre site Web est :\u00a0https:\/\/www.pascal-hamour.fr\/<\/p>\n\n\n\n<h3 class=\"wp-block-heading\">1. Collecte, utilisation et conservation des donn\u00e9es<\/h3>\n\n\n\n<h4 class=\"wp-block-heading\">Collecte des donn\u00e9es<\/h4>\n\n\n\n<p>SDPH PASCAL HAMOUR collecte vos donn\u00e9es \u00e0 caract\u00e8re personnel, notamment par l\u2019interm\u00e9diaire de la rubrique \u00ab &nbsp;contact&nbsp; \u00bb.<\/p>\n\n\n\n<p>Les donn\u00e9es \u00e0 caract\u00e8re personnel sont d\u00e9finies comme \u00ab &nbsp;toute information se rapportant \u00e0 une personne physique identifi\u00e9e ou identifiable (ci-apr\u00e8s d\u00e9nomm\u00e9e \u00ab personne concern\u00e9e \u00bb)&nbsp;; est r\u00e9put\u00e9e \u00eatre une \u00ab personne physique identifiable \u00bb une personne physique qui peut \u00eatre identifi\u00e9e, directement ou indirectement, notamment par r\u00e9f\u00e9rence \u00e0 un identifiant, tel qu\u2019un nom, un num\u00e9ro d\u2019identification, des donn\u00e9es de localisation, un identifiant en ligne, ou \u00e0 un ou plusieurs \u00e9l\u00e9ments sp\u00e9cifiques propres \u00e0 son identit\u00e9 physique, physiologique, g\u00e9n\u00e9tique, psychique, \u00e9conomique, culturelle ou sociale;&nbsp; \u00bb.<\/p>\n\n\n\n<p>Si vous laissez un commentaire, le commentaire et ses m\u00e9tadonn\u00e9es sont conserv\u00e9s ind\u00e9finiment. Cela permet de reconna\u00eetre et approuver automatiquement les commentaires suivants au lieu de les laisser dans la file de mod\u00e9ration.<\/p>\n\n\n\n<p>Pour les utilisateurs et utilisatrices qui s\u2019enregistrent sur notre site (si cela est possible), nous stockons \u00e9galement les donn\u00e9es personnelles indiqu\u00e9es dans leur profil. Tous les utilisateurs et utilisatrices peuvent voir, modifier ou supprimer leurs informations personnelles \u00e0 tout moment (\u00e0 l\u2019exception de leur nom d\u2019utilisateur\u00b7ice). Les gestionnaires du site peuvent aussi voir et modifier ces informations.<\/p>\n\n\n\n<h4 class=\"wp-block-heading\">Donn\u00e9es collect\u00e9es<\/h4>\n\n\n\n<p>Les donn\u00e9es \u00e0 caract\u00e8re personnel collect\u00e9es par SDPH PASCAL HAMOUR sont&nbsp;:<\/p>\n\n\n\n<p>\u00b7&nbsp;&nbsp;&nbsp;&nbsp;&nbsp;&nbsp;&nbsp; votre nom et adresse email,<\/p>\n\n\n\n<p>\u00b7&nbsp;&nbsp;&nbsp;&nbsp;&nbsp;&nbsp;&nbsp; les informations sur votre utilisation du site enregistr\u00e9es par l\u2019interm\u00e9diaire de [cookies ou autres traceurs&nbsp;: votre adresse IP, fournisseur de service Internet, type de navigateur utilis\u00e9, syst\u00e8me d\u2019exploitation, les pages du site visit\u00e9es, la date et l\u2019heure d\u2019acc\u00e8s, ou encore des donn\u00e9es comportementales relatives \u00e0 l\u2019analyse comportementale des actions et des choix effectu\u00e9s.<\/p>\n\n\n\n<h4 class=\"wp-block-heading\">Finalit\u00e9s<\/h4>\n\n\n\n<p>Ces donn\u00e9es sont collect\u00e9es pour am\u00e9liorer votre exp\u00e9rience sur le site, vous envoyer des offres commerciales, vous communiquer la newsletter et effectuer des statistiques sur l\u2019utilisation du site.<\/p>\n\n\n\n<p>Lorsque vous fournissez volontairement des donn\u00e9es \u00e0 caract\u00e8re personnel vous concernant vous vous engagez \u00e0 communiquer des informations exactes et ne portant pas pr\u00e9judice aux int\u00e9r\u00eats ou aux droits des tiers.<\/p>\n\n\n\n<p>Les informations que vous communiquez sur le site permettent \u00e0 SDPH PASCAL HAMOUR de :<\/p>\n\n\n\n<p>\u00b7&nbsp;&nbsp;&nbsp;&nbsp;&nbsp;&nbsp;&nbsp; Fournir les services ou informations demand\u00e9s;<\/p>\n\n\n\n<p>\u00b7&nbsp;&nbsp;&nbsp;&nbsp;&nbsp;&nbsp;&nbsp; Assurer que le contenu du site est pr\u00e9sent\u00e9 de la fa\u00e7on la plus efficace possible pour l\u2019utilisateur et son moyen de connexion \u00e0 Internet;<\/p>\n\n\n\n<p>\u00b7&nbsp;&nbsp;&nbsp;&nbsp;&nbsp;&nbsp;&nbsp; R\u00e9aliser de mani\u00e8re anonyme des statistiques sur l\u2019activit\u00e9 du site pour permettre de mesurer notamment la satisfaction et la qualit\u00e9 des services et permettre ainsi l\u2019am\u00e9lioration et l\u2019optimisation du site;<\/p>\n\n\n\n<p>\u00b7&nbsp;&nbsp;&nbsp;&nbsp;&nbsp;&nbsp;&nbsp; G\u00e9rer la s\u00e9curit\u00e9 du site.<\/p>\n\n\n\n<h4 class=\"wp-block-heading\">Cookies<\/h4>\n\n\n\n<p>Le site utilise des cookies.<\/p>\n\n\n\n<p>Les cookies sont des&nbsp;traceurs d\u00e9pos\u00e9s et\/ou lus, par exemple lors de la consultation d\u2019un site internet&nbsp;et stock\u00e9s dans le navigateur de votre ordinateur. Ils permettent de reconna\u00eetre le navigateur de votre ordinateur et de conserver des informations pendant la dur\u00e9e de validit\u00e9 du cookie concern\u00e9.<\/p>\n\n\n\n<p>Vous trouverez ci-dessous la liste des cookies utilis\u00e9s sur le site, leur finalit\u00e9 et comment les d\u00e9sactiver.<\/p>\n\n\n\n<p>\u00b7&nbsp;&nbsp;&nbsp;&nbsp;&nbsp;&nbsp;&nbsp; Cookies de mesure d\u2019audience (Google Analytics) : ces cookies sont utilis\u00e9s par le site pour&nbsp;servir \u00e0 la production de statistiques anonymes. Ils permettent de reconna\u00eetre les visiteurs, de les compter et d\u2019identifier la fa\u00e7on dont ils se d\u00e9placent sur le site lorsqu\u2019ils l\u2019utilisent. Cela permet ainsi d\u2019am\u00e9liorer le fonctionnement du site, par exemple en s\u2019assurant que les utilisateurs trouvent facilement ce qu\u2019ils cherchent. Ils peuvent \u00eatre d\u00e9sactiv\u00e9s [en cliquant sur le lien des cookies].<\/p>\n\n\n\n<p>Vous pouvez g\u00e9rer, d\u00e9sactiver ou autoriser les cookies en modifiant les param\u00e8tres de votre navigateur Internet en suivant le lien ci-apr\u00e8s correspondant&nbsp;:<\/p>\n\n\n\n<p>\u00b7&nbsp;&nbsp;&nbsp;&nbsp;&nbsp;&nbsp;&nbsp; Chrome : https:\/\/support.google.com\/accounts\/answer\/61416?hl=fr<\/p>\n\n\n\n<p>\u00b7&nbsp;&nbsp;&nbsp;&nbsp;&nbsp;&nbsp;&nbsp; Internet Explorer : http:\/\/windows.microsoft.com\/fr-fr\/windows7\/block-enable-or-allow-cookies<\/p>\n\n\n\n<p>\u00b7&nbsp;&nbsp;&nbsp;&nbsp;&nbsp;&nbsp;&nbsp; Firefox : https:\/\/support.mozilla.org\/fr\/kb\/activer-desactiver-cookies<\/p>\n\n\n\n<p>\u00b7&nbsp;&nbsp;&nbsp;&nbsp;&nbsp;&nbsp;&nbsp; Safari : https:\/\/support.apple.com\/fr-fr\/HT1677]<\/p>\n\n\n\n<h4 class=\"wp-block-heading\">Dur\u00e9e de conservation des donn\u00e9es<\/h4>\n\n\n\n<p>Vos donn\u00e9es \u00e0 caract\u00e8re personnel sont conserv\u00e9es pendant une dur\u00e9e de 3 ans \u00e0 compter de votre derni\u00e8re interaction avec le site.<\/p>\n\n\n\n<p>Les cookies sont conserv\u00e9s pour une dur\u00e9e de 13 mois \u00e0 compter de leur collecte.<\/p>\n\n\n\n<p>Destinataire des donn\u00e9es<\/p>\n\n\n\n<p>SDPH PASCAL HAMOUR est seule destinataire des donn\u00e9es collect\u00e9es.<\/p>\n\n\n\n<p>SDPH PASCAL HAMOUR ne transmet vos donn\u00e9es \u00e0 caract\u00e8re personnel \u00e0 un tiers que :<\/p>\n\n\n\n<p>\u00b7&nbsp;&nbsp;&nbsp;&nbsp;&nbsp;&nbsp;&nbsp; lorsque vous nous avez donn\u00e9 votre accord pr\u00e9alable pour le partage de ces informations&nbsp;;<\/p>\n\n\n\n<p>\u00b7&nbsp;&nbsp;&nbsp;&nbsp;&nbsp;&nbsp;&nbsp; lorsque SDPH PASCAL HAMOUR doit partager ces informations avec ses prestataires et notamment ses prestataires techniques pour vous fournir le service que vous avez demand\u00e9;<\/p>\n\n\n\n<p>\u00b7&nbsp;&nbsp;&nbsp;&nbsp;&nbsp;&nbsp;&nbsp; lorsque SDPH PASCAL HAMOUR re\u00e7oit la requ\u00eate d\u2019une autorit\u00e9 judiciaire ou de toute autorit\u00e9 administrative habilit\u00e9e par la loi sollicitant la communication de ces informations conform\u00e9ment aux dispositions l\u00e9gislatives en vigueur.<\/p>\n\n\n\n<h3 class=\"wp-block-heading\">2.Droits des personnes sur les donn\u00e9es collect\u00e9es<\/h3>\n\n\n\n<h4 class=\"wp-block-heading\">Droit d\u2019acc\u00e8s, de modification, de rectification et de suppression<\/h4>\n\n\n\n<p>Vous disposez d\u2019un droit g\u00e9n\u00e9ral d\u2019acc\u00e8s, de modification, d\u2019opposition pour un motif l\u00e9gitime et de rectification des donn\u00e9es \u00e0 caract\u00e8re personnel qui vous concernent. Vous pouvez l\u2019exercer en adressant votre demande par email \u00e0 l\u2019adresse : contact@pascalhamour.com<\/p>\n\n\n\n<p>Vous disposez \u00e9galement du droit d\u2019introduire une r\u00e9clamation aupr\u00e8s d\u2019une autorit\u00e9 de contr\u00f4le de protection des donn\u00e9es \u00e0 caract\u00e8re personnel. L\u2019autorit\u00e9 fran\u00e7aise est la CNIL (Commission Nationale de l\u2019Informatique et des Libert\u00e9s).<\/p>\n\n\n\n<h3 class=\"wp-block-heading\">3. Sp\u00e9cificit\u00e9s pour les mineurs de 16 ans<\/h3>\n\n\n\n<p>Si des informations \u00e9taient recueillies sur un mineur de moins de 16 ans par le site, le repr\u00e9sentant l\u00e9gal du mineur devra donner son accord pr\u00e9alable et valider la communication des donn\u00e9es.<\/p>\n\n\n\n<h3 class=\"wp-block-heading\">4. Mise \u00e0 jour de la politique de Donn\u00e9es \u00e0 caract\u00e8re personnel<\/h3>\n\n\n\n<p>SDPH PASCAL HAMOUR est susceptible de modifier la Politique de Donn\u00e9es \u00e0 caract\u00e8re personnel. Si SDPH PASCAL HAMOUR souhaite utiliser vos donn\u00e9es \u00e0 caract\u00e8re personnel d\u2019une mani\u00e8re diff\u00e9rente de celle stipul\u00e9e dans la Politique de Donn\u00e9es \u00e0 caract\u00e8re personnel en vigueur au moment de la collecte, ces modifications seront notifi\u00e9es de mani\u00e8re visible sur le site et vous en serez \u00e9galement averti par mail si vous \u00eates inscrit \u00e0 la newsletter.<\/p>\n<\/div><\/div>\n","protected":false},"excerpt":{"rendered":"<p>Qui sommes-nous&nbsp;? L\u2019adresse de notre site Web est :\u00a0https:\/\/www.pascal-hamour.fr\/ 1. Collecte, utilisation et conservation des donn\u00e9es Collecte des donn\u00e9es SDPH [&hellip;]<\/p>\n","protected":false},"author":1,"featured_media":0,"parent":0,"menu_order":0,"comment_status":"closed","ping_status":"closed","template":"","meta":{"inline_featured_image":false,"_uag_custom_page_level_css":"","site-sidebar-layout":"default","site-content-layout":"","ast-site-content-layout":"default","site-content-style":"default","site-sidebar-style":"default","ast-global-header-display":"","ast-banner-title-visibility":"","ast-main-header-display":"","ast-hfb-above-header-display":"","ast-hfb-below-header-display":"","ast-hfb-mobile-header-display":"","site-post-title":"disabled","ast-breadcrumbs-content":"","ast-featured-img":"","footer-sml-layout":"","ast-disable-related-posts":"","theme-transparent-header-meta":"","adv-header-id-meta":"","stick-header-meta":"","header-above-stick-meta":"","header-main-stick-meta":"","header-below-stick-meta":"","astra-migrate-meta-layouts":"","ast-page-background-enabled":"default","ast-page-background-meta":{"desktop":{"background-color":"var(--ast-global-color-4)","background-image":"","background-repeat":"repeat","background-position":"center center","background-size":"auto","background-attachment":"scroll","background-type":"","background-media":"","overlay-type":"","overlay-color":"","overlay-opacity":"","overlay-gradient":""},"tablet":{"background-color":"","background-image":"","background-repeat":"repeat","background-position":"center center","background-size":"auto","background-attachment":"scroll","background-type":"","background-media":"","overlay-type":"","overlay-color":"","overlay-opacity":"","overlay-gradient":""},"mobile":{"background-color":"","background-image":"","background-repeat":"repeat","background-position":"center center","background-size":"auto","background-attachment":"scroll","background-type":"","background-media":"","overlay-type":"","overlay-color":"","overlay-opacity":"","overlay-gradient":""}},"ast-content-background-meta":{"desktop":{"background-color":"var(--ast-global-color-5)","background-image":"","background-repeat":"repeat","background-position":"center center","background-size":"auto","background-attachment":"scroll","background-type":"","background-media":"","overlay-type":"","overlay-color":"","overlay-opacity":"","overlay-gradient":""},"tablet":{"background-color":"var(--ast-global-color-5)","background-image":"","background-repeat":"repeat","background-position":"center center","background-size":"auto","background-attachment":"scroll","background-type":"","background-media":"","overlay-type":"","overlay-color":"","overlay-opacity":"","overlay-gradient":""},"mobile":{"background-color":"var(--ast-global-color-5)","background-image":"","background-repeat":"repeat","background-position":"center center","background-size":"auto","background-attachment":"scroll","background-type":"","background-media":"","overlay-type":"","overlay-color":"","overlay-opacity":"","overlay-gradient":""}},"footnotes":""},"class_list":["post-313","page","type-page","status-publish","hentry"],"uagb_featured_image_src":{"full":false,"thumbnail":false,"medium":false,"medium_large":false,"large":false,"1536x1536":false,"2048x2048":false,"trp-custom-language-flag":false,"blog_three":false,"woocommerce_gallery_thumbnail":false,"woocommerce_thumbnail":false,"woocommerce_single":false,"woocommerce_single_gallery":false,"woo_single_gallery_v":false},"uagb_author_info":{"display_name":"Phamour","author_link":"https:\/\/www.pascal-hamour.fr\/en\/author\/91oceaniateabio\/"},"uagb_comment_info":0,"uagb_excerpt":"Qui sommes-nous&nbsp;? L\u2019adresse de notre site Web est :\u00a0https:\/\/www.pascal-hamour.fr\/ 1. Collecte, utilisation et conservation des donn\u00e9es Collecte des donn\u00e9es SDPH [&hellip;]","_links":{"self":[{"href":"https:\/\/www.pascal-hamour.fr\/en\/wp-json\/wp\/v2\/pages\/313","targetHints":{"allow":["GET"]}}],"collection":[{"href":"https:\/\/www.pascal-hamour.fr\/en\/wp-json\/wp\/v2\/pages"}],"about":[{"href":"https:\/\/www.pascal-hamour.fr\/en\/wp-json\/wp\/v2\/types\/page"}],"author":[{"embeddable":true,"href":"https:\/\/www.pascal-hamour.fr\/en\/wp-json\/wp\/v2\/users\/1"}],"replies":[{"embeddable":true,"href":"https:\/\/www.pascal-hamour.fr\/en\/wp-json\/wp\/v2\/comments?post=313"}],"version-history":[{"count":0,"href":"https:\/\/www.pascal-hamour.fr\/en\/wp-json\/wp\/v2\/pages\/313\/revisions"}],"wp:attachment":[{"href":"https:\/\/www.pascal-hamour.fr\/en\/wp-json\/wp\/v2\/media?parent=313"}],"curies":[{"name":"wp","href":"https:\/\/api.w.org\/{rel}","templated":true}]}}