{"id":46,"date":"2018-05-09T20:29:02","date_gmt":"2018-05-09T20:29:02","guid":{"rendered":"https:\/\/thebiohautdegamme.fr\/?post_type=product&#038;p=46"},"modified":"2025-11-27T12:36:37","modified_gmt":"2025-11-27T12:36:37","slug":"the-earl-grey-intense-bio","status":"publish","type":"product","link":"https:\/\/www.pascal-hamour.fr\/en\/product\/the-earl-grey-intense-bio\/","title":{"rendered":"Th\u00e9 noir earl grey intense bio"},"content":{"rendered":"<p>Based on an ancient Chinese recipe, this flavored tea is now the most widely consumed in Europe. For this reason, it has been completely reworked. The tea used gives a darker color in the cup, while developing the tea's own aromas and, above all, avoiding a harsh infusion over time, as the tannins in the cup increase.<\/p>\n<p>The natural Bergamot we used is both powerful and delicate at the same time. It's very close to the work of a perfumery nose. The combination of tea and Bergamot is a real pleasure for the connoisseur who knows how to enjoy a quick or longer infusion of this tea.<\/p>","protected":false},"excerpt":{"rendered":"<p>Issu d\u2019une tr\u00e8s vieille recette chinoise, ce th\u00e9 aromatis\u00e9 est aujourd\u2019hui le plus consomm\u00e9 en Europe. C\u2019est pour cette raison [&hellip;]<\/p>\n","protected":false},"featured_media":58117,"comment_status":"closed","ping_status":"closed","template":"","meta":{"inline_featured_image":false,"_uag_custom_page_level_css":"","site-sidebar-layout":"default","site-content-layout":"","ast-site-content-layout":"default","site-content-style":"default","site-sidebar-style":"default","ast-global-header-display":"","ast-banner-title-visibility":"","ast-main-header-display":"","ast-hfb-above-header-display":"","ast-hfb-below-header-display":"","ast-hfb-mobile-header-display":"","site-post-title":"","ast-breadcrumbs-content":"","ast-featured-img":"","footer-sml-layout":"","ast-disable-related-posts":"","theme-transparent-header-meta":"default","adv-header-id-meta":"","stick-header-meta":"","header-above-stick-meta":"","header-main-stick-meta":"","header-below-stick-meta":"","astra-migrate-meta-layouts":"set","ast-page-background-enabled":"default","ast-page-background-meta":{"desktop":{"background-color":"var(--ast-global-color-4)","background-image":"","background-repeat":"repeat","background-position":"center center","background-size":"auto","background-attachment":"scroll","background-type":"","background-media":"","overlay-type":"","overlay-color":"","overlay-opacity":"","overlay-gradient":""},"tablet":{"background-color":"","background-image":"","background-repeat":"repeat","background-position":"center center","background-size":"auto","background-attachment":"scroll","background-type":"","background-media":"","overlay-type":"","overlay-color":"","overlay-opacity":"","overlay-gradient":""},"mobile":{"background-color":"","background-image":"","background-repeat":"repeat","background-position":"center center","background-size":"auto","background-attachment":"scroll","background-type":"","background-media":"","overlay-type":"","overlay-color":"","overlay-opacity":"","overlay-gradient":""}},"ast-content-background-meta":{"desktop":{"background-color":"var(--ast-global-color-5)","background-image":"","background-repeat":"repeat","background-position":"center center","background-size":"auto","background-attachment":"scroll","background-type":"","background-media":"","overlay-type":"","overlay-color":"","overlay-opacity":"","overlay-gradient":""},"tablet":{"background-color":"var(--ast-global-color-5)","background-image":"","background-repeat":"repeat","background-position":"center center","background-size":"auto","background-attachment":"scroll","background-type":"","background-media":"","overlay-type":"","overlay-color":"","overlay-opacity":"","overlay-gradient":""},"mobile":{"background-color":"var(--ast-global-color-5)","background-image":"","background-repeat":"repeat","background-position":"center center","background-size":"auto","background-attachment":"scroll","background-type":"","background-media":"","overlay-type":"","overlay-color":"","overlay-opacity":"","overlay-gradient":""}}},"product_brand":[],"product_cat":[16,19],"product_tag":[],"giftcard-category":[],"class_list":{"0":"post-46","1":"product","2":"type-product","3":"status-publish","4":"has-post-thumbnail","6":"product_cat-the","7":"product_cat-the-noir-aromatise","8":"desktop-align-center","9":"tablet-align-left","10":"mobile-align-left","12":"first","13":"instock","14":"taxable","15":"shipping-taxable","16":"purchasable","17":"product-type-simple"},"uagb_featured_image_src":{"full":["https:\/\/www.pascal-hamour.fr\/wp-content\/uploads\/2018\/05\/thenoir-earlgrey-scaled.jpg",1709,2560,false],"thumbnail":["https:\/\/www.pascal-hamour.fr\/wp-content\/uploads\/2018\/05\/thenoir-earlgrey-scaled.jpg",100,150,false],"medium":["https:\/\/www.pascal-hamour.fr\/wp-content\/uploads\/2018\/05\/thenoir-earlgrey-scaled.jpg",200,300,false],"medium_large":["https:\/\/www.pascal-hamour.fr\/wp-content\/uploads\/2018\/05\/thenoir-earlgrey-scaled.jpg",768,1150,false],"large":["https:\/\/www.pascal-hamour.fr\/wp-content\/uploads\/2018\/05\/thenoir-earlgrey-scaled.jpg",684,1024,false],"1536x1536":["https:\/\/www.pascal-hamour.fr\/wp-content\/uploads\/2018\/05\/thenoir-earlgrey-scaled.jpg",1025,1536,false],"2048x2048":["https:\/\/www.pascal-hamour.fr\/wp-content\/uploads\/2018\/05\/thenoir-earlgrey-scaled.jpg",1367,2048,false],"trp-custom-language-flag":["https:\/\/www.pascal-hamour.fr\/wp-content\/uploads\/2018\/05\/thenoir-earlgrey-scaled.jpg",8,12,false],"blog_three":["https:\/\/www.pascal-hamour.fr\/wp-content\/uploads\/2018\/05\/thenoir-earlgrey-scaled.jpg",170,255,false],"woocommerce_gallery_thumbnail":["https:\/\/www.pascal-hamour.fr\/wp-content\/uploads\/2018\/05\/thenoir-earlgrey-scaled-100x100.jpg",100,100,true],"woocommerce_thumbnail":["https:\/\/www.pascal-hamour.fr\/wp-content\/uploads\/2018\/05\/thenoir-earlgrey-scaled-354x496.jpg",354,496,true],"woocommerce_single":["https:\/\/www.pascal-hamour.fr\/wp-content\/uploads\/2018\/05\/thenoir-earlgrey-scaled.jpg",800,1198,false],"woocommerce_single_gallery":["https:\/\/www.pascal-hamour.fr\/wp-content\/uploads\/2018\/05\/thenoir-earlgrey-scaled-600x600.jpg",600,600,true],"woo_single_gallery_v":["https:\/\/www.pascal-hamour.fr\/wp-content\/uploads\/2018\/05\/thenoir-earlgrey-scaled-480x686.jpg",480,686,true]},"uagb_author_info":{"display_name":"Phamour","author_link":"https:\/\/www.pascal-hamour.fr\/en\/author\/"},"uagb_comment_info":0,"uagb_excerpt":"Issu d\u2019une tr\u00e8s vieille recette chinoise, ce th\u00e9 aromatis\u00e9 est aujourd\u2019hui le plus consomm\u00e9 en Europe. C\u2019est pour cette raison [&hellip;]","_links":{"self":[{"href":"https:\/\/www.pascal-hamour.fr\/en\/wp-json\/wp\/v2\/product\/46","targetHints":{"allow":["GET"]}}],"collection":[{"href":"https:\/\/www.pascal-hamour.fr\/en\/wp-json\/wp\/v2\/product"}],"about":[{"href":"https:\/\/www.pascal-hamour.fr\/en\/wp-json\/wp\/v2\/types\/product"}],"replies":[{"embeddable":true,"href":"https:\/\/www.pascal-hamour.fr\/en\/wp-json\/wp\/v2\/comments?post=46"}],"wp:featuredmedia":[{"embeddable":true,"href":"https:\/\/www.pascal-hamour.fr\/en\/wp-json\/wp\/v2\/media\/58117"}],"wp:attachment":[{"href":"https:\/\/www.pascal-hamour.fr\/en\/wp-json\/wp\/v2\/media?parent=46"}],"wp:term":[{"taxonomy":"product_brand","embeddable":true,"href":"https:\/\/www.pascal-hamour.fr\/en\/wp-json\/wp\/v2\/product_brand?post=46"},{"taxonomy":"product_cat","embeddable":true,"href":"https:\/\/www.pascal-hamour.fr\/en\/wp-json\/wp\/v2\/product_cat?post=46"},{"taxonomy":"product_tag","embeddable":true,"href":"https:\/\/www.pascal-hamour.fr\/en\/wp-json\/wp\/v2\/product_tag?post=46"},{"taxonomy":"giftcard-category","embeddable":true,"href":"https:\/\/www.pascal-hamour.fr\/en\/wp-json\/wp\/v2\/giftcard-category?post=46"}],"curies":[{"name":"wp","href":"https:\/\/api.w.org\/{rel}","templated":true}]}}