{"id":51,"date":"2018-05-09T20:35:49","date_gmt":"2018-05-09T20:35:49","guid":{"rendered":"https:\/\/thebiohautdegamme.fr\/?post_type=product&#038;p=51"},"modified":"2025-11-27T12:33:27","modified_gmt":"2025-11-27T12:33:27","slug":"rooibos-nature-the-detheine","status":"publish","type":"product","link":"https:\/\/www.pascal-hamour.fr\/en\/product\/rooibos-nature-the-detheine\/","title":{"rendered":"Rooibos cederberg nature bio 2025"},"content":{"rendered":"<p>We have selected Rooibos from the CEDERBERG region in western South Africa. The leaves of this thorny shrub with thin stems and yellow flowers are used to prepare a beverage which, unlike tea, is tannin-free and low in caffeine. In addition to its natural antispasmodic and draining virtues, this plant is also rich in minerals, vitamin C and antioxidants. According to various studies on the health effects of Rooibos, it plays an important role in the proper functioning of the human body thanks to the presence of flavonoids, plant substances such as rutin and quercetin (known as anti-free radicals).<\/p>","protected":false},"excerpt":{"rendered":"<p>Nous avons s\u00e9lectionn\u00e9 le Rooibos de la r\u00e9gion du CEDERBERG \u00e0 l\u2019ouest de l\u2019Afrique du Sud. On utilise les feuilles [&hellip;]<\/p>\n","protected":false},"featured_media":58119,"comment_status":"closed","ping_status":"closed","template":"","meta":{"inline_featured_image":false,"_uag_custom_page_level_css":"","site-sidebar-layout":"default","site-content-layout":"","ast-site-content-layout":"default","site-content-style":"default","site-sidebar-style":"default","ast-global-header-display":"","ast-banner-title-visibility":"","ast-main-header-display":"","ast-hfb-above-header-display":"","ast-hfb-below-header-display":"","ast-hfb-mobile-header-display":"","site-post-title":"","ast-breadcrumbs-content":"","ast-featured-img":"","footer-sml-layout":"","ast-disable-related-posts":"","theme-transparent-header-meta":"default","adv-header-id-meta":"","stick-header-meta":"","header-above-stick-meta":"","header-main-stick-meta":"","header-below-stick-meta":"","astra-migrate-meta-layouts":"set","ast-page-background-enabled":"default","ast-page-background-meta":{"desktop":{"background-color":"var(--ast-global-color-4)","background-image":"","background-repeat":"repeat","background-position":"center center","background-size":"auto","background-attachment":"scroll","background-type":"","background-media":"","overlay-type":"","overlay-color":"","overlay-opacity":"","overlay-gradient":""},"tablet":{"background-color":"","background-image":"","background-repeat":"repeat","background-position":"center center","background-size":"auto","background-attachment":"scroll","background-type":"","background-media":"","overlay-type":"","overlay-color":"","overlay-opacity":"","overlay-gradient":""},"mobile":{"background-color":"","background-image":"","background-repeat":"repeat","background-position":"center center","background-size":"auto","background-attachment":"scroll","background-type":"","background-media":"","overlay-type":"","overlay-color":"","overlay-opacity":"","overlay-gradient":""}},"ast-content-background-meta":{"desktop":{"background-color":"var(--ast-global-color-5)","background-image":"","background-repeat":"repeat","background-position":"center center","background-size":"auto","background-attachment":"scroll","background-type":"","background-media":"","overlay-type":"","overlay-color":"","overlay-opacity":"","overlay-gradient":""},"tablet":{"background-color":"var(--ast-global-color-5)","background-image":"","background-repeat":"repeat","background-position":"center center","background-size":"auto","background-attachment":"scroll","background-type":"","background-media":"","overlay-type":"","overlay-color":"","overlay-opacity":"","overlay-gradient":""},"mobile":{"background-color":"var(--ast-global-color-5)","background-image":"","background-repeat":"repeat","background-position":"center center","background-size":"auto","background-attachment":"scroll","background-type":"","background-media":"","overlay-type":"","overlay-color":"","overlay-opacity":"","overlay-gradient":""}}},"product_brand":[],"product_cat":[20,16],"product_tag":[],"giftcard-category":[],"class_list":{"0":"post-51","1":"product","2":"type-product","3":"status-publish","4":"has-post-thumbnail","6":"product_cat-rooibos-dafrique-du-sud","7":"product_cat-the","8":"desktop-align-center","9":"tablet-align-left","10":"mobile-align-left","12":"first","13":"instock","14":"sale","15":"taxable","16":"shipping-taxable","17":"purchasable","18":"product-type-simple"},"uagb_featured_image_src":{"full":["https:\/\/www.pascal-hamour.fr\/wp-content\/uploads\/2018\/05\/rooibos-cederberg-scaled.jpg",1709,2560,false],"thumbnail":["https:\/\/www.pascal-hamour.fr\/wp-content\/uploads\/2018\/05\/rooibos-cederberg-scaled.jpg",100,150,false],"medium":["https:\/\/www.pascal-hamour.fr\/wp-content\/uploads\/2018\/05\/rooibos-cederberg-scaled.jpg",200,300,false],"medium_large":["https:\/\/www.pascal-hamour.fr\/wp-content\/uploads\/2018\/05\/rooibos-cederberg-scaled.jpg",768,1150,false],"large":["https:\/\/www.pascal-hamour.fr\/wp-content\/uploads\/2018\/05\/rooibos-cederberg-scaled.jpg",684,1024,false],"1536x1536":["https:\/\/www.pascal-hamour.fr\/wp-content\/uploads\/2018\/05\/rooibos-cederberg-scaled.jpg",1025,1536,false],"2048x2048":["https:\/\/www.pascal-hamour.fr\/wp-content\/uploads\/2018\/05\/rooibos-cederberg-scaled.jpg",1367,2048,false],"trp-custom-language-flag":["https:\/\/www.pascal-hamour.fr\/wp-content\/uploads\/2018\/05\/rooibos-cederberg-scaled.jpg",8,12,false],"blog_three":["https:\/\/www.pascal-hamour.fr\/wp-content\/uploads\/2018\/05\/rooibos-cederberg-scaled.jpg",170,255,false],"woocommerce_gallery_thumbnail":["https:\/\/www.pascal-hamour.fr\/wp-content\/uploads\/2018\/05\/rooibos-cederberg-scaled-100x100.jpg",100,100,true],"woocommerce_thumbnail":["https:\/\/www.pascal-hamour.fr\/wp-content\/uploads\/2018\/05\/rooibos-cederberg-scaled-354x496.jpg",354,496,true],"woocommerce_single":["https:\/\/www.pascal-hamour.fr\/wp-content\/uploads\/2018\/05\/rooibos-cederberg-scaled.jpg",800,1198,false],"woocommerce_single_gallery":["https:\/\/www.pascal-hamour.fr\/wp-content\/uploads\/2018\/05\/rooibos-cederberg-scaled-600x600.jpg",600,600,true],"woo_single_gallery_v":["https:\/\/www.pascal-hamour.fr\/wp-content\/uploads\/2018\/05\/rooibos-cederberg-scaled-480x686.jpg",480,686,true]},"uagb_author_info":{"display_name":"Phamour","author_link":"https:\/\/www.pascal-hamour.fr\/en\/author\/"},"uagb_comment_info":0,"uagb_excerpt":"Nous avons s\u00e9lectionn\u00e9 le Rooibos de la r\u00e9gion du CEDERBERG \u00e0 l\u2019ouest de l\u2019Afrique du Sud. On utilise les feuilles [&hellip;]","_links":{"self":[{"href":"https:\/\/www.pascal-hamour.fr\/en\/wp-json\/wp\/v2\/product\/51","targetHints":{"allow":["GET"]}}],"collection":[{"href":"https:\/\/www.pascal-hamour.fr\/en\/wp-json\/wp\/v2\/product"}],"about":[{"href":"https:\/\/www.pascal-hamour.fr\/en\/wp-json\/wp\/v2\/types\/product"}],"replies":[{"embeddable":true,"href":"https:\/\/www.pascal-hamour.fr\/en\/wp-json\/wp\/v2\/comments?post=51"}],"wp:featuredmedia":[{"embeddable":true,"href":"https:\/\/www.pascal-hamour.fr\/en\/wp-json\/wp\/v2\/media\/58119"}],"wp:attachment":[{"href":"https:\/\/www.pascal-hamour.fr\/en\/wp-json\/wp\/v2\/media?parent=51"}],"wp:term":[{"taxonomy":"product_brand","embeddable":true,"href":"https:\/\/www.pascal-hamour.fr\/en\/wp-json\/wp\/v2\/product_brand?post=51"},{"taxonomy":"product_cat","embeddable":true,"href":"https:\/\/www.pascal-hamour.fr\/en\/wp-json\/wp\/v2\/product_cat?post=51"},{"taxonomy":"product_tag","embeddable":true,"href":"https:\/\/www.pascal-hamour.fr\/en\/wp-json\/wp\/v2\/product_tag?post=51"},{"taxonomy":"giftcard-category","embeddable":true,"href":"https:\/\/www.pascal-hamour.fr\/en\/wp-json\/wp\/v2\/giftcard-category?post=51"}],"curies":[{"name":"wp","href":"https:\/\/api.w.org\/{rel}","templated":true}]}}