{"id":58177,"date":"2024-01-17T10:19:24","date_gmt":"2024-01-17T10:19:24","guid":{"rendered":"https:\/\/www.pascal-hamour.fr\/?post_type=product&#038;p=58177"},"modified":"2024-01-30T09:47:37","modified_gmt":"2024-01-30T09:47:37","slug":"carte-cadeau","status":"publish","type":"product","link":"https:\/\/www.pascal-hamour.fr\/en\/product\/carte-cadeau\/","title":{"rendered":"Gift card"},"content":{"rendered":"","protected":false},"excerpt":{"rendered":"<p>Unlock the world of exquisite tea experiences with Pascal Hamour\u00ae Tea Gift Cards. Indulge your loved ones with the gift of aromatic blends, crafted by a seasoned creator of scents and flavors since 1996. From premium teas and infusions to innovative, health-conscious offerings, our Tea Gift Cards open the doors to a journey of indulgence. Perfect for any occasion, these cards put the expertise of Pascal Hamour\u00ae directly into the hands of tea lovers, ensuring a memorable and tasty experience with every sip. Enhance your gifts with the essence of Pascal Hamour\u00ae, where passion meets perfection in every cup.<\/p>","protected":false},"featured_media":58391,"comment_status":"closed","ping_status":"closed","template":"","meta":{"inline_featured_image":false,"_uag_custom_page_level_css":"","site-sidebar-layout":"default","site-content-layout":"","ast-site-content-layout":"default","site-content-style":"default","site-sidebar-style":"default","ast-global-header-display":"","ast-banner-title-visibility":"","ast-main-header-display":"","ast-hfb-above-header-display":"","ast-hfb-below-header-display":"","ast-hfb-mobile-header-display":"","site-post-title":"","ast-breadcrumbs-content":"","ast-featured-img":"","footer-sml-layout":"","ast-disable-related-posts":"","theme-transparent-header-meta":"default","adv-header-id-meta":"","stick-header-meta":"","header-above-stick-meta":"","header-main-stick-meta":"","header-below-stick-meta":"","astra-migrate-meta-layouts":"set","ast-page-background-enabled":"default","ast-page-background-meta":{"desktop":{"background-color":"var(--ast-global-color-4)","background-image":"","background-repeat":"repeat","background-position":"center center","background-size":"auto","background-attachment":"scroll","background-type":"","background-media":"","overlay-type":"","overlay-color":"","overlay-opacity":"","overlay-gradient":""},"tablet":{"background-color":"","background-image":"","background-repeat":"repeat","background-position":"center center","background-size":"auto","background-attachment":"scroll","background-type":"","background-media":"","overlay-type":"","overlay-color":"","overlay-opacity":"","overlay-gradient":""},"mobile":{"background-color":"","background-image":"","background-repeat":"repeat","background-position":"center center","background-size":"auto","background-attachment":"scroll","background-type":"","background-media":"","overlay-type":"","overlay-color":"","overlay-opacity":"","overlay-gradient":""}},"ast-content-background-meta":{"desktop":{"background-color":"var(--ast-global-color-5)","background-image":"","background-repeat":"repeat","background-position":"center center","background-size":"auto","background-attachment":"scroll","background-type":"","background-media":"","overlay-type":"","overlay-color":"","overlay-opacity":"","overlay-gradient":""},"tablet":{"background-color":"var(--ast-global-color-5)","background-image":"","background-repeat":"repeat","background-position":"center center","background-size":"auto","background-attachment":"scroll","background-type":"","background-media":"","overlay-type":"","overlay-color":"","overlay-opacity":"","overlay-gradient":""},"mobile":{"background-color":"var(--ast-global-color-5)","background-image":"","background-repeat":"repeat","background-position":"center center","background-size":"auto","background-attachment":"scroll","background-type":"","background-media":"","overlay-type":"","overlay-color":"","overlay-opacity":"","overlay-gradient":""}}},"product_brand":[],"product_cat":[479,480],"product_tag":[],"giftcard-category":[],"class_list":{"0":"post-58177","1":"product","2":"type-product","3":"status-publish","4":"has-post-thumbnail","6":"product_cat-carte-cadeau","7":"product_cat-pascal-hamour","8":"desktop-align-center","9":"tablet-align-left","10":"mobile-align-left","12":"first","13":"instock","14":"taxable","15":"shipping-taxable","16":"purchasable","17":"product-type-gift-card"},"uagb_featured_image_src":{"full":["https:\/\/www.pascal-hamour.fr\/wp-content\/uploads\/2024\/01\/carte-cadeau-1-png.avif",354,496,false],"thumbnail":["https:\/\/www.pascal-hamour.fr\/wp-content\/uploads\/2024\/01\/carte-cadeau-1-png-150x150.avif",150,150,true],"medium":["https:\/\/www.pascal-hamour.fr\/wp-content\/uploads\/2024\/01\/carte-cadeau-1-png-214x300.avif",214,300,true],"medium_large":["https:\/\/www.pascal-hamour.fr\/wp-content\/uploads\/2024\/01\/carte-cadeau-1-png.avif",354,496,false],"large":["https:\/\/www.pascal-hamour.fr\/wp-content\/uploads\/2024\/01\/carte-cadeau-1-png.avif",354,496,false],"1536x1536":["https:\/\/www.pascal-hamour.fr\/wp-content\/uploads\/2024\/01\/carte-cadeau-1-png.avif",354,496,false],"2048x2048":["https:\/\/www.pascal-hamour.fr\/wp-content\/uploads\/2024\/01\/carte-cadeau-1-png.avif",354,496,false],"trp-custom-language-flag":["https:\/\/www.pascal-hamour.fr\/wp-content\/uploads\/2024\/01\/carte-cadeau-1-9x12.avif",9,12,true],"blog_three":["https:\/\/www.pascal-hamour.fr\/wp-content\/uploads\/2024\/01\/carte-cadeau-1-png-354x255.avif",354,255,true],"woocommerce_gallery_thumbnail":["https:\/\/www.pascal-hamour.fr\/wp-content\/uploads\/2024\/01\/carte-cadeau-1-png-100x100.avif",100,100,true],"woocommerce_thumbnail":["https:\/\/www.pascal-hamour.fr\/wp-content\/uploads\/2024\/01\/carte-cadeau-1-png-354x496.avif",354,496,true],"woocommerce_single":["https:\/\/www.pascal-hamour.fr\/wp-content\/uploads\/2024\/01\/carte-cadeau-1-png.avif",354,496,false],"woocommerce_single_gallery":["https:\/\/www.pascal-hamour.fr\/wp-content\/uploads\/2024\/01\/carte-cadeau-1-png.avif",354,496,false],"woo_single_gallery_v":["https:\/\/www.pascal-hamour.fr\/wp-content\/uploads\/2024\/01\/carte-cadeau-1-png.avif",354,496,false]},"uagb_author_info":{"display_name":"Isac Araujo","author_link":"https:\/\/www.pascal-hamour.fr\/en\/author\/"},"uagb_comment_info":0,"uagb_excerpt":"D\u00e9bloquez le monde des exp\u00e9riences de th\u00e9 exquis avec les Cartes-Cadeaux de Th\u00e9 Pascal Hamour\u00ae. Faites plaisir \u00e0 vos proches avec le cadeau de m\u00e9langes aromatiques, \u00e9labor\u00e9s par un cr\u00e9ateur chevronn\u00e9 de senteurs et de saveurs depuis 1996. Des th\u00e9s et infusions haut de gamme aux offres innovantes et conscientes de la sant\u00e9, nos Cartes-Cadeaux&hellip;","_links":{"self":[{"href":"https:\/\/www.pascal-hamour.fr\/en\/wp-json\/wp\/v2\/product\/58177","targetHints":{"allow":["GET"]}}],"collection":[{"href":"https:\/\/www.pascal-hamour.fr\/en\/wp-json\/wp\/v2\/product"}],"about":[{"href":"https:\/\/www.pascal-hamour.fr\/en\/wp-json\/wp\/v2\/types\/product"}],"replies":[{"embeddable":true,"href":"https:\/\/www.pascal-hamour.fr\/en\/wp-json\/wp\/v2\/comments?post=58177"}],"wp:featuredmedia":[{"embeddable":true,"href":"https:\/\/www.pascal-hamour.fr\/en\/wp-json\/wp\/v2\/media\/58391"}],"wp:attachment":[{"href":"https:\/\/www.pascal-hamour.fr\/en\/wp-json\/wp\/v2\/media?parent=58177"}],"wp:term":[{"taxonomy":"product_brand","embeddable":true,"href":"https:\/\/www.pascal-hamour.fr\/en\/wp-json\/wp\/v2\/product_brand?post=58177"},{"taxonomy":"product_cat","embeddable":true,"href":"https:\/\/www.pascal-hamour.fr\/en\/wp-json\/wp\/v2\/product_cat?post=58177"},{"taxonomy":"product_tag","embeddable":true,"href":"https:\/\/www.pascal-hamour.fr\/en\/wp-json\/wp\/v2\/product_tag?post=58177"},{"taxonomy":"giftcard-category","embeddable":true,"href":"https:\/\/www.pascal-hamour.fr\/en\/wp-json\/wp\/v2\/giftcard-category?post=58177"}],"curies":[{"name":"wp","href":"https:\/\/api.w.org\/{rel}","templated":true}]}}