{"id":58192,"date":"2024-01-17T10:19:24","date_gmt":"2024-01-17T10:19:24","guid":{"rendered":"https:\/\/www.pascal-hamour.fr\/?post_type=product&#038;p=58192"},"modified":"2025-11-27T12:20:56","modified_gmt":"2025-11-27T12:20:56","slug":"the-noir-breakfast","status":"publish","type":"product","link":"https:\/\/www.pascal-hamour.fr\/en\/product\/the-noir-breakfast\/","title":{"rendered":"Th\u00e9 noir \u00ab breakfast \u00bb"},"content":{"rendered":"<p>Pascal Hamour\u00ae has selected an exceptional organic black tea. This exceptional tea is renowned the world over for its quality. It comes from the large and prestigious garden of Assam, at the foot of the Himalayas in India. Its inimitable taste is due to its full-bodied, woody aromas. Its unique flavors are much appreciated and sought-after. Ideal for breakfast with a cloud of milk.<\/p>\n<p>An intense, spicy taste journey with musky notes to start the day off right.<\/p>","protected":false},"excerpt":{"rendered":"<p>Pascal Hamour\u00ae a s\u00e9lectionn\u00e9 un th\u00e9 noir bio, hors du commun. Ce th\u00e9 d\u2019exception est r\u00e9put\u00e9 dans le monde entier [&hellip;]<\/p>\n","protected":false},"featured_media":58558,"comment_status":"closed","ping_status":"closed","template":"","meta":{"inline_featured_image":false,"_uag_custom_page_level_css":"","site-sidebar-layout":"default","site-content-layout":"","ast-site-content-layout":"default","site-content-style":"default","site-sidebar-style":"default","ast-global-header-display":"","ast-banner-title-visibility":"","ast-main-header-display":"","ast-hfb-above-header-display":"","ast-hfb-below-header-display":"","ast-hfb-mobile-header-display":"","site-post-title":"","ast-breadcrumbs-content":"","ast-featured-img":"","footer-sml-layout":"","ast-disable-related-posts":"","theme-transparent-header-meta":"default","adv-header-id-meta":"","stick-header-meta":"","header-above-stick-meta":"","header-main-stick-meta":"","header-below-stick-meta":"","astra-migrate-meta-layouts":"set","ast-page-background-enabled":"default","ast-page-background-meta":{"desktop":{"background-color":"var(--ast-global-color-4)","background-image":"","background-repeat":"repeat","background-position":"center center","background-size":"auto","background-attachment":"scroll","background-type":"","background-media":"","overlay-type":"","overlay-color":"","overlay-opacity":"","overlay-gradient":""},"tablet":{"background-color":"","background-image":"","background-repeat":"repeat","background-position":"center center","background-size":"auto","background-attachment":"scroll","background-type":"","background-media":"","overlay-type":"","overlay-color":"","overlay-opacity":"","overlay-gradient":""},"mobile":{"background-color":"","background-image":"","background-repeat":"repeat","background-position":"center center","background-size":"auto","background-attachment":"scroll","background-type":"","background-media":"","overlay-type":"","overlay-color":"","overlay-opacity":"","overlay-gradient":""}},"ast-content-background-meta":{"desktop":{"background-color":"var(--ast-global-color-5)","background-image":"","background-repeat":"repeat","background-position":"center center","background-size":"auto","background-attachment":"scroll","background-type":"","background-media":"","overlay-type":"","overlay-color":"","overlay-opacity":"","overlay-gradient":""},"tablet":{"background-color":"var(--ast-global-color-5)","background-image":"","background-repeat":"repeat","background-position":"center center","background-size":"auto","background-attachment":"scroll","background-type":"","background-media":"","overlay-type":"","overlay-color":"","overlay-opacity":"","overlay-gradient":""},"mobile":{"background-color":"var(--ast-global-color-5)","background-image":"","background-repeat":"repeat","background-position":"center center","background-size":"auto","background-attachment":"scroll","background-type":"","background-media":"","overlay-type":"","overlay-color":"","overlay-opacity":"","overlay-gradient":""}}},"product_brand":[],"product_cat":[477,483,478],"product_tag":[],"giftcard-category":[],"class_list":{"0":"post-58192","1":"product","2":"type-product","3":"status-publish","4":"has-post-thumbnail","6":"product_cat-thes","7":"product_cat-thes-bio-dexception","8":"product_cat-vraiment-bio-by-pascal-hamour-paris","9":"desktop-align-center","10":"tablet-align-left","11":"mobile-align-left","13":"first","14":"instock","15":"sale","16":"taxable","17":"shipping-taxable","18":"purchasable","19":"product-type-simple"},"uagb_featured_image_src":{"full":["https:\/\/www.pascal-hamour.fr\/wp-content\/uploads\/2024\/01\/vraimentbio-breakfast2-1-jpg.avif",1709,2560,false],"thumbnail":["https:\/\/www.pascal-hamour.fr\/wp-content\/uploads\/2024\/01\/vraimentbio-breakfast2-1-jpg-150x150.avif",150,150,true],"medium":["https:\/\/www.pascal-hamour.fr\/wp-content\/uploads\/2024\/01\/vraimentbio-breakfast2-1-jpg-200x300.avif",200,300,true],"medium_large":["https:\/\/www.pascal-hamour.fr\/wp-content\/uploads\/2024\/01\/vraimentbio-breakfast2-1-jpg-768x1150.avif",768,1150,true],"large":["https:\/\/www.pascal-hamour.fr\/wp-content\/uploads\/2024\/01\/vraimentbio-breakfast2-1-jpg-684x1024.avif",684,1024,true],"1536x1536":["https:\/\/www.pascal-hamour.fr\/wp-content\/uploads\/2024\/01\/vraimentbio-breakfast2-1-jpg-1025x1536.avif",1025,1536,true],"2048x2048":["https:\/\/www.pascal-hamour.fr\/wp-content\/uploads\/2024\/01\/vraimentbio-breakfast2-1-jpg-1367x2048.avif",1367,2048,true],"trp-custom-language-flag":["https:\/\/www.pascal-hamour.fr\/wp-content\/uploads\/2024\/01\/vraimentbio-breakfast2-1-8x12.avif",8,12,true],"blog_three":["https:\/\/www.pascal-hamour.fr\/wp-content\/uploads\/2024\/01\/vraimentbio-breakfast2-1-jpg-373x255.avif",373,255,true],"woocommerce_gallery_thumbnail":["https:\/\/www.pascal-hamour.fr\/wp-content\/uploads\/2024\/01\/vraimentbio-breakfast2-1-jpg-100x100.avif",100,100,true],"woocommerce_thumbnail":["https:\/\/www.pascal-hamour.fr\/wp-content\/uploads\/2024\/01\/vraimentbio-breakfast2-1-jpg-354x496.avif",354,496,true],"woocommerce_single":["https:\/\/www.pascal-hamour.fr\/wp-content\/uploads\/2024\/01\/vraimentbio-breakfast2-1-jpg-800x1198.avif",800,1198,true],"woocommerce_single_gallery":["https:\/\/www.pascal-hamour.fr\/wp-content\/uploads\/2024\/01\/vraimentbio-breakfast2-1-jpg-600x600.avif",600,600,true],"woo_single_gallery_v":["https:\/\/www.pascal-hamour.fr\/wp-content\/uploads\/2024\/01\/vraimentbio-breakfast2-1-jpg-480x686.avif",480,686,true]},"uagb_author_info":{"display_name":"Isac Araujo","author_link":"https:\/\/www.pascal-hamour.fr\/en\/author\/"},"uagb_comment_info":0,"uagb_excerpt":"Pascal Hamour\u00ae a s\u00e9lectionn\u00e9 un th\u00e9 noir bio, hors du commun. Ce th\u00e9 d\u2019exception est r\u00e9put\u00e9 dans le monde entier [&hellip;]","_links":{"self":[{"href":"https:\/\/www.pascal-hamour.fr\/en\/wp-json\/wp\/v2\/product\/58192","targetHints":{"allow":["GET"]}}],"collection":[{"href":"https:\/\/www.pascal-hamour.fr\/en\/wp-json\/wp\/v2\/product"}],"about":[{"href":"https:\/\/www.pascal-hamour.fr\/en\/wp-json\/wp\/v2\/types\/product"}],"replies":[{"embeddable":true,"href":"https:\/\/www.pascal-hamour.fr\/en\/wp-json\/wp\/v2\/comments?post=58192"}],"wp:featuredmedia":[{"embeddable":true,"href":"https:\/\/www.pascal-hamour.fr\/en\/wp-json\/wp\/v2\/media\/58558"}],"wp:attachment":[{"href":"https:\/\/www.pascal-hamour.fr\/en\/wp-json\/wp\/v2\/media?parent=58192"}],"wp:term":[{"taxonomy":"product_brand","embeddable":true,"href":"https:\/\/www.pascal-hamour.fr\/en\/wp-json\/wp\/v2\/product_brand?post=58192"},{"taxonomy":"product_cat","embeddable":true,"href":"https:\/\/www.pascal-hamour.fr\/en\/wp-json\/wp\/v2\/product_cat?post=58192"},{"taxonomy":"product_tag","embeddable":true,"href":"https:\/\/www.pascal-hamour.fr\/en\/wp-json\/wp\/v2\/product_tag?post=58192"},{"taxonomy":"giftcard-category","embeddable":true,"href":"https:\/\/www.pascal-hamour.fr\/en\/wp-json\/wp\/v2\/giftcard-category?post=58192"}],"curies":[{"name":"wp","href":"https:\/\/api.w.org\/{rel}","templated":true}]}}