{"id":70,"date":"2018-05-09T21:04:57","date_gmt":"2018-05-09T21:04:57","guid":{"rendered":"https:\/\/thebiohautdegamme.fr\/?post_type=product&#038;p=70"},"modified":"2025-01-11T14:19:05","modified_gmt":"2025-01-11T14:19:05","slug":"i-love-candy","status":"publish","type":"product","link":"https:\/\/www.pascal-hamour.fr\/en\/product\/i-love-candy\/","title":{"rendered":"I love candy"},"content":{"rendered":"<p>This organic infusion for children was designed 11 years ago for Pascal HAMOUR's daughter, who loved infusions but wanted a colorful, tangy infusion suited to children's tastes. This infusion for children has been in the catalog ever since, and is offered to many children in the Grand Hotels, restaurants and in the sales outlets of the Disneyland Paris hotels, where it is an undeniable success.<\/p>\n<p>Organic apple pieces, organic hibiscus flowers, organic rose hip, elderflower, organic orange peel, raspberry, natural orange and grenadine flavors.<\/p>","protected":false},"excerpt":{"rendered":"<p>Cette infusion bio pour les enfants a \u00e9t\u00e9 con\u00e7ue il y a 11 ans pour la fille de Pascal HAMOUR [&hellip;]<\/p>\n","protected":false},"featured_media":32004,"comment_status":"closed","ping_status":"closed","template":"","meta":{"inline_featured_image":false,"_uag_custom_page_level_css":"","site-sidebar-layout":"default","site-content-layout":"","ast-site-content-layout":"default","site-content-style":"default","site-sidebar-style":"default","ast-global-header-display":"","ast-banner-title-visibility":"","ast-main-header-display":"","ast-hfb-above-header-display":"","ast-hfb-below-header-display":"","ast-hfb-mobile-header-display":"","site-post-title":"","ast-breadcrumbs-content":"","ast-featured-img":"","footer-sml-layout":"","ast-disable-related-posts":"","theme-transparent-header-meta":"default","adv-header-id-meta":"","stick-header-meta":"","header-above-stick-meta":"","header-main-stick-meta":"","header-below-stick-meta":"","astra-migrate-meta-layouts":"set","ast-page-background-enabled":"default","ast-page-background-meta":{"desktop":{"background-color":"var(--ast-global-color-4)","background-image":"","background-repeat":"repeat","background-position":"center center","background-size":"auto","background-attachment":"scroll","background-type":"","background-media":"","overlay-type":"","overlay-color":"","overlay-opacity":"","overlay-gradient":""},"tablet":{"background-color":"","background-image":"","background-repeat":"repeat","background-position":"center center","background-size":"auto","background-attachment":"scroll","background-type":"","background-media":"","overlay-type":"","overlay-color":"","overlay-opacity":"","overlay-gradient":""},"mobile":{"background-color":"","background-image":"","background-repeat":"repeat","background-position":"center center","background-size":"auto","background-attachment":"scroll","background-type":"","background-media":"","overlay-type":"","overlay-color":"","overlay-opacity":"","overlay-gradient":""}},"ast-content-background-meta":{"desktop":{"background-color":"var(--ast-global-color-5)","background-image":"","background-repeat":"repeat","background-position":"center center","background-size":"auto","background-attachment":"scroll","background-type":"","background-media":"","overlay-type":"","overlay-color":"","overlay-opacity":"","overlay-gradient":""},"tablet":{"background-color":"var(--ast-global-color-5)","background-image":"","background-repeat":"repeat","background-position":"center center","background-size":"auto","background-attachment":"scroll","background-type":"","background-media":"","overlay-type":"","overlay-color":"","overlay-opacity":"","overlay-gradient":""},"mobile":{"background-color":"var(--ast-global-color-5)","background-image":"","background-repeat":"repeat","background-position":"center center","background-size":"auto","background-attachment":"scroll","background-type":"","background-media":"","overlay-type":"","overlay-color":"","overlay-opacity":"","overlay-gradient":""}}},"product_brand":[],"product_cat":[21,26],"product_tag":[],"giftcard-category":[],"class_list":{"0":"post-70","1":"product","2":"type-product","3":"status-publish","4":"has-post-thumbnail","6":"product_cat-infusion","7":"product_cat-infusion-enfant","8":"desktop-align-center","9":"tablet-align-left","10":"mobile-align-left","12":"first","13":"instock","14":"taxable","15":"shipping-taxable","16":"purchasable","17":"product-type-simple"},"uagb_featured_image_src":{"full":["https:\/\/www.pascal-hamour.fr\/wp-content\/uploads\/2018\/07\/infusion-enfant-pascal-hamour.jpg",599,575,false],"thumbnail":["https:\/\/www.pascal-hamour.fr\/wp-content\/uploads\/2018\/07\/infusion-enfant-pascal-hamour.jpg",150,144,false],"medium":["https:\/\/www.pascal-hamour.fr\/wp-content\/uploads\/2018\/07\/infusion-enfant-pascal-hamour.jpg",300,288,false],"medium_large":["https:\/\/www.pascal-hamour.fr\/wp-content\/uploads\/2018\/07\/infusion-enfant-pascal-hamour.jpg",599,575,false],"large":["https:\/\/www.pascal-hamour.fr\/wp-content\/uploads\/2018\/07\/infusion-enfant-pascal-hamour.jpg",599,575,false],"1536x1536":["https:\/\/www.pascal-hamour.fr\/wp-content\/uploads\/2018\/07\/infusion-enfant-pascal-hamour.jpg",599,575,false],"2048x2048":["https:\/\/www.pascal-hamour.fr\/wp-content\/uploads\/2018\/07\/infusion-enfant-pascal-hamour.jpg",599,575,false],"trp-custom-language-flag":["https:\/\/www.pascal-hamour.fr\/wp-content\/uploads\/2018\/07\/infusion-enfant-pascal-hamour.jpg",13,12,false],"blog_three":["https:\/\/www.pascal-hamour.fr\/wp-content\/uploads\/2018\/07\/infusion-enfant-pascal-hamour.jpg",266,255,false],"woocommerce_gallery_thumbnail":["https:\/\/www.pascal-hamour.fr\/wp-content\/uploads\/2018\/07\/infusion-enfant-pascal-hamour-100x100.jpg",100,100,true],"woocommerce_thumbnail":["https:\/\/www.pascal-hamour.fr\/wp-content\/uploads\/2018\/07\/infusion-enfant-pascal-hamour-354x496.jpg",354,496,true],"woocommerce_single":["https:\/\/www.pascal-hamour.fr\/wp-content\/uploads\/2018\/07\/infusion-enfant-pascal-hamour.jpg",599,575,false],"woocommerce_single_gallery":["https:\/\/www.pascal-hamour.fr\/wp-content\/uploads\/2018\/07\/infusion-enfant-pascal-hamour.jpg",599,575,false],"woo_single_gallery_v":["https:\/\/www.pascal-hamour.fr\/wp-content\/uploads\/2018\/07\/infusion-enfant-pascal-hamour-480x575.jpg",480,575,true]},"uagb_author_info":{"display_name":"Phamour","author_link":"https:\/\/www.pascal-hamour.fr\/en\/author\/"},"uagb_comment_info":0,"uagb_excerpt":"Cette infusion bio pour les enfants a \u00e9t\u00e9 con\u00e7ue il y a 11 ans pour la fille de Pascal HAMOUR [&hellip;]","_links":{"self":[{"href":"https:\/\/www.pascal-hamour.fr\/en\/wp-json\/wp\/v2\/product\/70","targetHints":{"allow":["GET"]}}],"collection":[{"href":"https:\/\/www.pascal-hamour.fr\/en\/wp-json\/wp\/v2\/product"}],"about":[{"href":"https:\/\/www.pascal-hamour.fr\/en\/wp-json\/wp\/v2\/types\/product"}],"replies":[{"embeddable":true,"href":"https:\/\/www.pascal-hamour.fr\/en\/wp-json\/wp\/v2\/comments?post=70"}],"wp:featuredmedia":[{"embeddable":true,"href":"https:\/\/www.pascal-hamour.fr\/en\/wp-json\/wp\/v2\/media\/32004"}],"wp:attachment":[{"href":"https:\/\/www.pascal-hamour.fr\/en\/wp-json\/wp\/v2\/media?parent=70"}],"wp:term":[{"taxonomy":"product_brand","embeddable":true,"href":"https:\/\/www.pascal-hamour.fr\/en\/wp-json\/wp\/v2\/product_brand?post=70"},{"taxonomy":"product_cat","embeddable":true,"href":"https:\/\/www.pascal-hamour.fr\/en\/wp-json\/wp\/v2\/product_cat?post=70"},{"taxonomy":"product_tag","embeddable":true,"href":"https:\/\/www.pascal-hamour.fr\/en\/wp-json\/wp\/v2\/product_tag?post=70"},{"taxonomy":"giftcard-category","embeddable":true,"href":"https:\/\/www.pascal-hamour.fr\/en\/wp-json\/wp\/v2\/giftcard-category?post=70"}],"curies":[{"name":"wp","href":"https:\/\/api.w.org\/{rel}","templated":true}]}}